{"id":719675,"date":"2025-08-27T18:25:23","date_gmt":"2025-08-27T15:25:23","guid":{"rendered":"https:\/\/roveyayinevi.com.tr\/index.php\/urun\/ayt-fen-bilimleri-olcum-serisi-450-soruyla-konu-tarama-foyleri\/"},"modified":"2026-04-16T02:27:39","modified_gmt":"2026-04-15T23:27:39","slug":"ayt-fen-bilimleri-olcum-serisi-450-soruyla-konu-tarama-foyleri","status":"publish","type":"product","link":"https:\/\/roveyayinevi.com.tr\/index.php\/urun\/ayt-fen-bilimleri-olcum-serisi-450-soruyla-konu-tarama-foyleri\/","title":{"rendered":"AYT Fen Bilimleri \u00d6l\u00e7\u00fcm Serisi 450 Soruyla Konu Tarama F\u00f6yleri"},"content":{"rendered":"<p>De\u011ferli \u00f6\u011frenciler; Delta K\u00fclt\u00fcr Yay\u0131nlar\u0131 tecr\u00fcbeli kadrosuyla ve \u00e7\u0131kard\u0131\u011f\u0131 kaliteli eserlerle siz de\u011ferli \u00f6\u011frencilere her zaman destek olmaktad\u0131r. Sizler i\u00e7in MEB kazan\u0131mlar\u0131na uygun konu da\u011f\u0131l\u0131mlar\u0131na g\u00f6re Konu Tarama Fasik\u00fclleri haz\u0131rlad\u0131k. Amac\u0131m\u0131z \u00fcnite sonlar\u0131nda konular\u0131 peki\u015ftirmenizi sa\u011flayarak kendi de\u011ferlendirmenizi yapabilmeniz ve eksik kalan y\u00f6nlerinizi tamamlamak i\u00e7in size k\u0131lavuz olmakt\u0131r. Unutmayal\u0131m ki bilin\u00e7li ve sistemli bir \u00e7al\u0131\u015fma ba\u015far\u0131y\u0131 getirir.<\/p>\n","protected":false},"excerpt":{"rendered":"<p>De\u011ferli \u00f6\u011frenciler; Delta K\u00fclt\u00fcr Yay\u0131nlar\u0131 tecr\u00fcbeli kadrosuyla ve \u00e7\u0131kard\u0131\u011f\u0131 kaliteli eserlerle siz de\u011ferli \u00f6\u011frencilere her zaman destek olmaktad\u0131r. Sizler i\u00e7in MEB kazan\u0131mlar\u0131na uygun konu da\u011f\u0131l\u0131mlar\u0131na g\u00f6re<span class=\"excerpt-hellip\"> [\u2026]<\/span><\/p>\n","protected":false},"featured_media":0,"template":"","meta":{"_monsterinsights_skip_tracking":false,"_monsterinsights_sitenote_active":false,"_monsterinsights_sitenote_note":"","_monsterinsights_sitenote_category":0},"product_brand":[],"product_cat":[64592,52032,52062,12566,13473,51998],"product_tag":[],"class_list":{"0":"post-719675","1":"product","2":"type-product","3":"status-publish","5":"product_cat-ayt-fen-bilimleri-konu-anlatim","6":"product_cat-ayt-kitaplari","7":"product_cat-ayt-konu-anlatim","8":"product_cat-egitim","9":"product_cat-sinavlara-hazirlik-okula-yardimci-kaynaklar","10":"product_cat-yks-kitaplari","11":"pa_cilt-ciltsiz","12":"pa_tur-kitap","13":"pa_yayinevi-delta-kultur-yayinevi","14":"pa_yazar-kolektif","16":"first","17":"instock","18":"sale","19":"shipping-taxable","20":"purchasable","21":"product-type-simple"},"_links":{"self":[{"href":"https:\/\/roveyayinevi.com.tr\/index.php\/wp-json\/wp\/v2\/product\/719675","targetHints":{"allow":["GET"]}}],"collection":[{"href":"https:\/\/roveyayinevi.com.tr\/index.php\/wp-json\/wp\/v2\/product"}],"about":[{"href":"https:\/\/roveyayinevi.com.tr\/index.php\/wp-json\/wp\/v2\/types\/product"}],"wp:attachment":[{"href":"https:\/\/roveyayinevi.com.tr\/index.php\/wp-json\/wp\/v2\/media?parent=719675"}],"wp:term":[{"taxonomy":"product_brand","embeddable":true,"href":"https:\/\/roveyayinevi.com.tr\/index.php\/wp-json\/wp\/v2\/product_brand?post=719675"},{"taxonomy":"product_cat","embeddable":true,"href":"https:\/\/roveyayinevi.com.tr\/index.php\/wp-json\/wp\/v2\/product_cat?post=719675"},{"taxonomy":"product_tag","embeddable":true,"href":"https:\/\/roveyayinevi.com.tr\/index.php\/wp-json\/wp\/v2\/product_tag?post=719675"}],"curies":[{"name":"wp","href":"https:\/\/api.w.org\/{rel}","templated":true}]}}