{"id":719671,"date":"2025-08-27T18:25:21","date_gmt":"2025-08-27T15:25:21","guid":{"rendered":"https:\/\/roveyayinevi.com.tr\/index.php\/urun\/tyt-ayt-din-kulturu-ve-ahlak-bilgisi-ozet-yks-1-ve-2-oturum\/"},"modified":"2026-04-05T02:32:39","modified_gmt":"2026-04-04T23:32:39","slug":"tyt-ayt-din-kulturu-ve-ahlak-bilgisi-ozet-yks-1-ve-2-oturum","status":"publish","type":"product","link":"https:\/\/roveyayinevi.com.tr\/index.php\/urun\/tyt-ayt-din-kulturu-ve-ahlak-bilgisi-ozet-yks-1-ve-2-oturum\/","title":{"rendered":"TYT AYT Din K\u00fclt\u00fcr\u00fc ve Ahlak Bilgisi \u00d6zet (YKS 1. ve 2. Oturum)"},"content":{"rendered":"<p>Bu kitap, s\u0131navlara yo\u011fun ve yorucu bir tempoda haz\u0131rlananlara kolayl\u0131k sa\u011flamak amac\u0131yla, Milli E\u011fitim Bakanl\u0131\u011f\u0131 m\u00fcfredat\u0131 ve \u00d6SYM s\u0131nav sorular\u0131 dikkate al\u0131narak haz\u0131rlanm\u0131\u015ft\u0131r.Konular yal\u0131n bir dille \u00f6zet olarak verilmi\u015f, gereksiz ayr\u0131nt\u0131lardan ar\u0131nd\u0131r\u0131lm\u0131\u015ft\u0131r.Yeri geldik\u00e7e, \u00f6nceki y\u0131llarda \u00e7\u0131km\u0131\u015f sorular, \u00e7\u00f6z\u00fcmleri ile birlikte verilmi\u015ftir.S\u0131navda \u00e7\u0131kma ihtimali y\u00fcksek sorulardan olu\u015fan testlerle de bilgilerin peki\u015ftirilmesi ama\u00e7lanm\u0131\u015ft\u0131r.<\/p>\n","protected":false},"excerpt":{"rendered":"<p>Bu kitap, s\u0131navlara yo\u011fun ve yorucu bir tempoda haz\u0131rlananlara kolayl\u0131k sa\u011flamak amac\u0131yla, Milli E\u011fitim Bakanl\u0131\u011f\u0131 m\u00fcfredat\u0131 ve \u00d6SYM s\u0131nav sorular\u0131 dikkate al\u0131narak haz\u0131rlanm\u0131\u015ft\u0131r.Konular yal\u0131n bir dille<span class=\"excerpt-hellip\"> [\u2026]<\/span><\/p>\n","protected":false},"featured_media":0,"template":"","meta":{"_monsterinsights_skip_tracking":false,"_monsterinsights_sitenote_active":false,"_monsterinsights_sitenote_note":"","_monsterinsights_sitenote_category":0},"product_brand":[],"product_cat":[12566,13473,51998],"product_tag":[],"class_list":{"0":"post-719671","1":"product","2":"type-product","3":"status-publish","5":"product_cat-egitim","6":"product_cat-sinavlara-hazirlik-okula-yardimci-kaynaklar","7":"product_cat-yks-kitaplari","8":"pa_cilt-ciltsiz","9":"pa_tur-kitap","10":"pa_yayinevi-delta-kultur-yayinevi","11":"pa_yazar-nevzat-unal","13":"first","14":"instock","15":"sale","16":"shipping-taxable","17":"purchasable","18":"product-type-simple"},"_links":{"self":[{"href":"https:\/\/roveyayinevi.com.tr\/index.php\/wp-json\/wp\/v2\/product\/719671","targetHints":{"allow":["GET"]}}],"collection":[{"href":"https:\/\/roveyayinevi.com.tr\/index.php\/wp-json\/wp\/v2\/product"}],"about":[{"href":"https:\/\/roveyayinevi.com.tr\/index.php\/wp-json\/wp\/v2\/types\/product"}],"wp:attachment":[{"href":"https:\/\/roveyayinevi.com.tr\/index.php\/wp-json\/wp\/v2\/media?parent=719671"}],"wp:term":[{"taxonomy":"product_brand","embeddable":true,"href":"https:\/\/roveyayinevi.com.tr\/index.php\/wp-json\/wp\/v2\/product_brand?post=719671"},{"taxonomy":"product_cat","embeddable":true,"href":"https:\/\/roveyayinevi.com.tr\/index.php\/wp-json\/wp\/v2\/product_cat?post=719671"},{"taxonomy":"product_tag","embeddable":true,"href":"https:\/\/roveyayinevi.com.tr\/index.php\/wp-json\/wp\/v2\/product_tag?post=719671"}],"curies":[{"name":"wp","href":"https:\/\/api.w.org\/{rel}","templated":true}]}}