{"id":719669,"date":"2025-08-27T18:25:20","date_gmt":"2025-08-27T15:25:20","guid":{"rendered":"https:\/\/roveyayinevi.com.tr\/index.php\/urun\/lotus-cicegi\/"},"modified":"2026-04-16T02:27:39","modified_gmt":"2026-04-15T23:27:39","slug":"lotus-cicegi","status":"publish","type":"product","link":"https:\/\/roveyayinevi.com.tr\/index.php\/urun\/lotus-cicegi\/","title":{"rendered":"Lotus \u00c7i\u00e7e\u011fi"},"content":{"rendered":"<p>&#8220;Muhterem ablalar\u0131m, teyzelerim evlenmeyi d\u00fc\u015f\u00fcnm\u00fcyorum. Eminim ki o\u011flunuz parmakla g\u00f6sterilecek dereceye eri\u015fmi\u015ftir fakat \u015fu anl\u0131k halimden memnunum&#8221;Ne kadar da kendinden emindim halbuki. Sonra ne mi oldu&#8230; Mecbur kald\u0131m. Tamam, \u0130nsan \u00e7o\u011fu \u015feye mecbur kal\u0131r.. Okumaya, \u00e7al\u0131\u015fmaya, susmaya, konu\u015fmaya ama kimse evlili\u011fe mecbur kalmaz yani kalmaz zannederdim ta ki odungillerden en kalas\u0131 ile tan\u0131\u015f\u0131ncaya tek&#8230;Onunla tan\u0131\u015ft\u0131ktan sonra anlad\u0131m mutluluk bir kelebek&#8230; Ummad\u0131\u011f\u0131n an konar ummad\u0131\u011f\u0131n an u\u00e7ar.<\/p>\n","protected":false},"excerpt":{"rendered":"<p>&#8220;Muhterem ablalar\u0131m, teyzelerim evlenmeyi d\u00fc\u015f\u00fcnm\u00fcyorum. Eminim ki o\u011flunuz parmakla g\u00f6sterilecek dereceye eri\u015fmi\u015ftir fakat \u015fu anl\u0131k halimden memnunum&#8221;Ne kadar da kendinden emindim halbuki. Sonra ne mi oldu&#8230;<span class=\"excerpt-hellip\"> [\u2026]<\/span><\/p>\n","protected":false},"featured_media":0,"template":"","meta":{"_monsterinsights_skip_tracking":false,"_monsterinsights_sitenote_active":false,"_monsterinsights_sitenote_note":"","_monsterinsights_sitenote_category":0},"product_brand":[],"product_cat":[12291,12509],"product_tag":[],"class_list":{"0":"post-719669","1":"product","2":"type-product","3":"status-publish","5":"product_cat-edebiyat","6":"product_cat-siir","7":"pa_cilt-ciltsiz","8":"pa_tur-kitap","9":"pa_yayinevi-herdem-kitap","10":"pa_yazar-rumeysa-bozu","12":"first","13":"instock","14":"sale","15":"shipping-taxable","16":"purchasable","17":"product-type-simple"},"_links":{"self":[{"href":"https:\/\/roveyayinevi.com.tr\/index.php\/wp-json\/wp\/v2\/product\/719669","targetHints":{"allow":["GET"]}}],"collection":[{"href":"https:\/\/roveyayinevi.com.tr\/index.php\/wp-json\/wp\/v2\/product"}],"about":[{"href":"https:\/\/roveyayinevi.com.tr\/index.php\/wp-json\/wp\/v2\/types\/product"}],"wp:attachment":[{"href":"https:\/\/roveyayinevi.com.tr\/index.php\/wp-json\/wp\/v2\/media?parent=719669"}],"wp:term":[{"taxonomy":"product_brand","embeddable":true,"href":"https:\/\/roveyayinevi.com.tr\/index.php\/wp-json\/wp\/v2\/product_brand?post=719669"},{"taxonomy":"product_cat","embeddable":true,"href":"https:\/\/roveyayinevi.com.tr\/index.php\/wp-json\/wp\/v2\/product_cat?post=719669"},{"taxonomy":"product_tag","embeddable":true,"href":"https:\/\/roveyayinevi.com.tr\/index.php\/wp-json\/wp\/v2\/product_tag?post=719669"}],"curies":[{"name":"wp","href":"https:\/\/api.w.org\/{rel}","templated":true}]}}