{"id":719668,"date":"2025-08-27T18:25:19","date_gmt":"2025-08-27T15:25:19","guid":{"rendered":"https:\/\/roveyayinevi.com.tr\/index.php\/urun\/yildirim-bayezid-kumandan-7\/"},"modified":"2026-04-16T02:27:39","modified_gmt":"2026-04-15T23:27:39","slug":"yildirim-bayezid-kumandan-7","status":"publish","type":"product","link":"https:\/\/roveyayinevi.com.tr\/index.php\/urun\/yildirim-bayezid-kumandan-7\/","title":{"rendered":"Y\u0131ld\u0131r\u0131m Bayezid: Kumandan 7"},"content":{"rendered":"<p>Sel\u00e7uklu Devleti y\u0131k\u0131lm\u0131\u015f, Anadolu, beylikler aras\u0131nda payla\u015f\u0131lm\u0131\u015ft\u0131r. Beylikler birbirleriyle didi\u015fip dururken, Osmano\u011fullar\u0131 k\u0131sa s\u00fcrede b\u00fcy\u00fcyerek devlet olmu\u015f ve adaletin sancaktar\u0131 olarak Balkanlarda fetihlere ba\u015flam\u0131\u015ft\u0131r.Onlar\u0131n h\u0131zl\u0131 y\u00fckseli\u015fi ve Y\u0131ld\u0131r\u0131m diye an\u0131lan gen\u00e7 sultanlar\u0131 Bizans imparatorunun ve Avrupa krallar\u0131n\u0131n uykular\u0131n\u0131 ka\u00e7\u0131rmaktad\u0131r. Toplad\u0131klar\u0131 b\u00fcy\u00fck ordularla, co\u015fkun bir \u0131rmak gibi ak\u0131n ak\u0131n gelen T\u00fcrkleri durduracaklar\u0131n\u0131 sanmaktad\u0131rlar.Balkanlar\u0131n bir T\u00fcrk diyar\u0131 olu\u015funa, Anadolu\u2019da birli\u011fin tekrardan sa\u011flan\u0131\u015f\u0131na, cesaret ve adaletle tarihin yaz\u0131l\u0131\u015f\u0131na tan\u0131k olman i\u00e7in Y\u0131ld\u0131r\u0131m Bayezid seni bekliyor.<\/p>\n","protected":false},"excerpt":{"rendered":"<p>Sel\u00e7uklu Devleti y\u0131k\u0131lm\u0131\u015f, Anadolu, beylikler aras\u0131nda payla\u015f\u0131lm\u0131\u015ft\u0131r. Beylikler birbirleriyle didi\u015fip dururken, Osmano\u011fullar\u0131 k\u0131sa s\u00fcrede b\u00fcy\u00fcyerek devlet olmu\u015f ve adaletin sancaktar\u0131 olarak Balkanlarda fetihlere ba\u015flam\u0131\u015ft\u0131r.Onlar\u0131n h\u0131zl\u0131 y\u00fckseli\u015fi<span class=\"excerpt-hellip\"> [\u2026]<\/span><\/p>\n","protected":false},"featured_media":0,"template":"","meta":{"_monsterinsights_skip_tracking":false,"_monsterinsights_sitenote_active":false,"_monsterinsights_sitenote_note":"","_monsterinsights_sitenote_category":0},"product_brand":[],"product_cat":[13946,12304],"product_tag":[],"class_list":{"0":"post-719668","1":"product","2":"type-product","3":"status-publish","5":"product_cat-biyografi-otobiyografi","6":"product_cat-tarih","7":"pa_cilt-ciltsiz","8":"pa_tur-kitap","9":"pa_yayinevi-acayip-kitaplar","10":"pa_yazar-yigit-recep-efe","12":"first","13":"instock","14":"sale","15":"shipping-taxable","16":"purchasable","17":"product-type-simple"},"_links":{"self":[{"href":"https:\/\/roveyayinevi.com.tr\/index.php\/wp-json\/wp\/v2\/product\/719668","targetHints":{"allow":["GET"]}}],"collection":[{"href":"https:\/\/roveyayinevi.com.tr\/index.php\/wp-json\/wp\/v2\/product"}],"about":[{"href":"https:\/\/roveyayinevi.com.tr\/index.php\/wp-json\/wp\/v2\/types\/product"}],"wp:attachment":[{"href":"https:\/\/roveyayinevi.com.tr\/index.php\/wp-json\/wp\/v2\/media?parent=719668"}],"wp:term":[{"taxonomy":"product_brand","embeddable":true,"href":"https:\/\/roveyayinevi.com.tr\/index.php\/wp-json\/wp\/v2\/product_brand?post=719668"},{"taxonomy":"product_cat","embeddable":true,"href":"https:\/\/roveyayinevi.com.tr\/index.php\/wp-json\/wp\/v2\/product_cat?post=719668"},{"taxonomy":"product_tag","embeddable":true,"href":"https:\/\/roveyayinevi.com.tr\/index.php\/wp-json\/wp\/v2\/product_tag?post=719668"}],"curies":[{"name":"wp","href":"https:\/\/api.w.org\/{rel}","templated":true}]}}