{"id":719667,"date":"2025-08-27T18:25:19","date_gmt":"2025-08-27T15:25:19","guid":{"rendered":"https:\/\/roveyayinevi.com.tr\/index.php\/urun\/eski-ankarada-bir-sehir-tipolojisi\/"},"modified":"2026-04-16T02:27:39","modified_gmt":"2026-04-15T23:27:39","slug":"eski-ankarada-bir-sehir-tipolojisi","status":"publish","type":"product","link":"https:\/\/roveyayinevi.com.tr\/index.php\/urun\/eski-ankarada-bir-sehir-tipolojisi\/","title":{"rendered":"Eski Ankara&#8217;da Bir \u015eehir Tipolojisi"},"content":{"rendered":"<p>Ankara, ba\u011fr\u0131nda ya\u015fad\u0131\u011f\u0131m\u0131z ve \u00f6mr\u00fcm\u00fcz\u00fc tamamlad\u0131\u011f\u0131m\u0131z bir \u015fehir. Anadolu&#8217;nun en eski ve hayat mekanlar\u0131ndan biri. Ancak bu \u015fehrin hikayesinin pek az sayfas\u0131 yaz\u0131l\u0131 bir halde bulunuyor. Ankara &#8216;n\u0131n hikayesini, hi\u00e7 de\u011filse belli dere-cede bilmek bu \u015fehrin ba\u011fr\u0131nda ya\u015fayanlar i\u00e7in bir sevgi ba\u011f\u0131 kurmak i\u00e7in gerekli. Halil Rifat Pa\u015fa&#8217;n\u0131n Sivas valisi iken s\u00f6yledi\u011fi ve hala ismiyle beraber hat\u0131rlanan bir s\u00f6z\u00fc var: &#8220;Gidemedi\u011fin yer senin de\u011fildir.&#8221;Bu s\u00f6zden al\u0131nan bir ilhamla &#8220;Yazamad\u0131\u011f\u0131n bir co\u011frafya vatan de\u011fildir&#8221; demek de m\u00fcmk\u00fcn, hatta gereklidir. Bir co\u011frafya ile sevgi ba\u011f\u0131 kurmak i\u00e7in her \u015feyden \u00f6nce bilgi ba\u011f\u0131 kurmak gerekir. Aksi takdirde bir sevgi ba\u011f\u0131 kurmak m\u00fcmk\u00fcn olamaz. Bir \u015fehre kar\u015f\u0131 ilk borcumuz bu \u015fehri mazisiyle ve haliyle tan\u0131makt\u0131r. Halen dersleriyle T\u00fcrk ilim hayat\u0131na k\u0131ymetli katk\u0131larda bulunmaya devam eden Prof Dr. Ru\u015fen Kele\u015f hocam\u0131z\u0131n kadim ve k\u0131ymetli Ankara &#8216;m\u0131z hakk\u0131nda yay\u0131nlad\u0131\u011f\u0131 Eski Ankara &#8216;da Bir \u015eehir Tipolojisi (Ankara, 1971, 210 s) ba\u015fl\u0131kl\u0131 eserin ilkinden 47 sene sonra yeniden bas\u0131lmas\u0131n\u0131n b\u00fcy\u00fck bir sevin\u00e7 vesilesi oldu\u011funa dikkati \u00e7ekmek isterim.Kitap, Ankara&#8217;n\u0131n hi\u00e7 de\u011fi\u015fmeyen kalbi olan kale i\u00e7i hakk\u0131nda biricik ara\u015ft\u0131r-ma olarak dikkati \u00e7ekmektedir. Ankara&#8217;da ya\u015fayan veya bu \u015fehri tan\u0131mak isteyen her insan i\u00e7in bu kitap ilk rehber olarak g\u00f6r\u00fclmelidir. D\u00fcnya &#8216;n\u0131n do\u011fu-dan ve bat\u0131dan g\u00f6rd\u00fc\u011f\u00fcm her \u015fehrinde \u00fc\u00e7\u00fcnc\u00fc g\u00fcn \u00f6zledi\u011fim, bu i\u00e7imde ya\u015fa-yan ve i\u00e7inde beni ya\u015fatan \u015fehir hakk\u0131ndaki bu k\u0131ymetli kitab\u0131 yazan muhterem hocam Ru\u015fen Kele\u015f \u00fcstad\u0131ma bir kere daha \u015f\u00fckranlar\u0131m\u0131 arz ve kitab\u0131n Ankara sevenlerin dikkatine havalesine vesile olan yay\u0131nevini tebrik ederim.Prof. Dr. Ali Birinci<\/p>\n","protected":false},"excerpt":{"rendered":"<p>Ankara, ba\u011fr\u0131nda ya\u015fad\u0131\u011f\u0131m\u0131z ve \u00f6mr\u00fcm\u00fcz\u00fc tamamlad\u0131\u011f\u0131m\u0131z bir \u015fehir. Anadolu&#8217;nun en eski ve hayat mekanlar\u0131ndan biri. Ancak bu \u015fehrin hikayesinin pek az sayfas\u0131 yaz\u0131l\u0131 bir halde bulunuyor.<span class=\"excerpt-hellip\"> [\u2026]<\/span><\/p>\n","protected":false},"featured_media":0,"template":"","meta":{"_monsterinsights_skip_tracking":false,"_monsterinsights_sitenote_active":false,"_monsterinsights_sitenote_note":"","_monsterinsights_sitenote_category":0},"product_brand":[],"product_cat":[12370,12304],"product_tag":[],"class_list":{"0":"post-719667","1":"product","2":"type-product","3":"status-publish","5":"product_cat-arastirma-inceleme","6":"product_cat-tarih","7":"pa_cilt-ciltsiz","8":"pa_tur-kitap","9":"pa_yayinevi-idealkent-yayincilik","10":"pa_yazar-rusen-keles","12":"first","13":"instock","14":"sale","15":"shipping-taxable","16":"purchasable","17":"product-type-simple"},"_links":{"self":[{"href":"https:\/\/roveyayinevi.com.tr\/index.php\/wp-json\/wp\/v2\/product\/719667","targetHints":{"allow":["GET"]}}],"collection":[{"href":"https:\/\/roveyayinevi.com.tr\/index.php\/wp-json\/wp\/v2\/product"}],"about":[{"href":"https:\/\/roveyayinevi.com.tr\/index.php\/wp-json\/wp\/v2\/types\/product"}],"wp:attachment":[{"href":"https:\/\/roveyayinevi.com.tr\/index.php\/wp-json\/wp\/v2\/media?parent=719667"}],"wp:term":[{"taxonomy":"product_brand","embeddable":true,"href":"https:\/\/roveyayinevi.com.tr\/index.php\/wp-json\/wp\/v2\/product_brand?post=719667"},{"taxonomy":"product_cat","embeddable":true,"href":"https:\/\/roveyayinevi.com.tr\/index.php\/wp-json\/wp\/v2\/product_cat?post=719667"},{"taxonomy":"product_tag","embeddable":true,"href":"https:\/\/roveyayinevi.com.tr\/index.php\/wp-json\/wp\/v2\/product_tag?post=719667"}],"curies":[{"name":"wp","href":"https:\/\/api.w.org\/{rel}","templated":true}]}}