{"id":719665,"date":"2025-08-27T18:25:17","date_gmt":"2025-08-27T15:25:17","guid":{"rendered":"https:\/\/roveyayinevi.com.tr\/index.php\/urun\/tahila-karsi-ilk-devletlerin-derin-tarihi\/"},"modified":"2026-04-16T02:27:39","modified_gmt":"2026-04-15T23:27:39","slug":"tahila-karsi-ilk-devletlerin-derin-tarihi","status":"publish","type":"product","link":"https:\/\/roveyayinevi.com.tr\/index.php\/urun\/tahila-karsi-ilk-devletlerin-derin-tarihi\/","title":{"rendered":"Tah\u0131la Kar\u015f\u0131  \u0130lk Devletlerin Derin Tarihi"},"content":{"rendered":"<p>Uygarl\u0131k tarihi ger\u00e7ekten kitaplardaki gibi mi ya\u015fand\u0131, yoksa zaman\u0131m\u0131z\u0131 kendilerini \u201cuygar\u201d g\u00f6renlerin kendileri hakk\u0131nda yazd\u0131klar\u0131n\u0131 okuyarak m\u0131 ge\u00e7iriyoruz? Neolitik devrim insanl\u0131\u011f\u0131n tarihindeki en b\u00fcy\u00fck at\u0131l\u0131m m\u0131yd\u0131, yoksa esasen \u00e7o\u011funlu\u011fun az\u0131nl\u0131\u011fa h\u00fckmetmesinin vesilesi mi olmu\u015ftu? Uygarl\u0131k M\u0131s\u0131r\u2019\u0131n, Yunan\u2019\u0131n, Roma\u2019n\u0131n ve di\u011fer par\u0131lt\u0131l\u0131 egemenliklerin u\u00e7 uca eklenmi\u015f hali mi, yoksa as\u0131l insanl\u0131k binlerce y\u0131l bu anlat\u0131n\u0131n d\u0131\u015f\u0131nda m\u0131 ya\u015fad\u0131? Her bir uygarl\u0131\u011f\u0131n \u201c\u00e7\u00f6k\u00fc\u015f\u00fc\u201d, insanl\u0131\u011f\u0131n geri d\u00f6n\u00fclmez kay\u0131plar ya\u015fad\u0131\u011f\u0131 bir trajedi miydi, yoksa ka\u00e7\u0131n\u0131lmaz bir son, hatta bir \u201clay\u0131\u011f\u0131n\u0131 bulma\u201d hali miydi? \u201cBarbar\u201d olarak adland\u0131r\u0131lan kavimler insanl\u0131ktan nasibini almam\u0131\u015f uygarl\u0131k d\u00fc\u015fmanlar\u0131 m\u0131yd\u0131, yoksa tar\u0131msal \u00fcreticinin \u00fcr\u00fcn fazlas\u0131na el koymak i\u00e7in devletle yar\u0131\u015fan bir \u201cg\u00f6lge devlet\u201d miydiler? Tah\u0131la dayal\u0131 beslenme ve kentlere toplanm\u0131\u015f n\u00fcfus, m\u00fcmk\u00fcn olan en iyi ya\u015fant\u0131 bi\u00e7imi miydi, yoksa egemenler a\u00e7\u0131s\u0131ndan en uygun olan bu muydu? James C. Scott, Tah\u0131la Kar\u015f\u0131\u2019da anaak\u0131m tarih anlat\u0131s\u0131yla y\u00fczle\u015fmemizi sa\u011flayacak sorular soruyor. <\/p>\n","protected":false},"excerpt":{"rendered":"<p>Uygarl\u0131k tarihi ger\u00e7ekten kitaplardaki gibi mi ya\u015fand\u0131, yoksa zaman\u0131m\u0131z\u0131 kendilerini \u201cuygar\u201d g\u00f6renlerin kendileri hakk\u0131nda yazd\u0131klar\u0131n\u0131 okuyarak m\u0131 ge\u00e7iriyoruz? Neolitik devrim insanl\u0131\u011f\u0131n tarihindeki en b\u00fcy\u00fck at\u0131l\u0131m m\u0131yd\u0131,<span class=\"excerpt-hellip\"> [\u2026]<\/span><\/p>\n","protected":false},"featured_media":0,"template":"","meta":{"_monsterinsights_skip_tracking":false,"_monsterinsights_sitenote_active":false,"_monsterinsights_sitenote_note":"","_monsterinsights_sitenote_category":0},"product_brand":[],"product_cat":[12312,12304],"product_tag":[],"class_list":{"0":"post-719665","1":"product","2":"type-product","3":"status-publish","5":"product_cat-diger","6":"product_cat-tarih","7":"pa_cilt-ciltsiz","8":"pa_tur-kitap","9":"pa_yayinevi-koc-universitesi-yayinlari","10":"pa_yazar-james-c-scott","12":"first","13":"instock","14":"sale","15":"shipping-taxable","16":"purchasable","17":"product-type-simple"},"_links":{"self":[{"href":"https:\/\/roveyayinevi.com.tr\/index.php\/wp-json\/wp\/v2\/product\/719665","targetHints":{"allow":["GET"]}}],"collection":[{"href":"https:\/\/roveyayinevi.com.tr\/index.php\/wp-json\/wp\/v2\/product"}],"about":[{"href":"https:\/\/roveyayinevi.com.tr\/index.php\/wp-json\/wp\/v2\/types\/product"}],"wp:attachment":[{"href":"https:\/\/roveyayinevi.com.tr\/index.php\/wp-json\/wp\/v2\/media?parent=719665"}],"wp:term":[{"taxonomy":"product_brand","embeddable":true,"href":"https:\/\/roveyayinevi.com.tr\/index.php\/wp-json\/wp\/v2\/product_brand?post=719665"},{"taxonomy":"product_cat","embeddable":true,"href":"https:\/\/roveyayinevi.com.tr\/index.php\/wp-json\/wp\/v2\/product_cat?post=719665"},{"taxonomy":"product_tag","embeddable":true,"href":"https:\/\/roveyayinevi.com.tr\/index.php\/wp-json\/wp\/v2\/product_tag?post=719665"}],"curies":[{"name":"wp","href":"https:\/\/api.w.org\/{rel}","templated":true}]}}