{"id":719664,"date":"2025-08-27T18:25:17","date_gmt":"2025-08-27T15:25:17","guid":{"rendered":"https:\/\/roveyayinevi.com.tr\/index.php\/urun\/mitomani-appledan-iside-gunumuzun-masallari\/"},"modified":"2026-04-16T02:27:39","modified_gmt":"2026-04-15T23:27:39","slug":"mitomani-appledan-iside-gunumuzun-masallari","status":"publish","type":"product","link":"https:\/\/roveyayinevi.com.tr\/index.php\/urun\/mitomani-appledan-iside-gunumuzun-masallari\/","title":{"rendered":"Mitomani: Apple\u2019dan I\u015fid\u2019e G\u00fcn\u00fcm\u00fcz\u00fcn Masallar\u0131"},"content":{"rendered":"<p>Bilimsel akla duyulan sayg\u0131ya ra\u011fmen, insanlar efsanelere h\u00e2l\u00e2 uzak atalar\u0131 kadar merakl\u0131. Diz\u00fcst\u00fc bilgisayarlar ve ak\u0131ll\u0131 telefonlar, Cennet Bah\u00e7esi\u2019nin yasak meyvesini \u00e7a\u011fr\u0131\u015ft\u0131ran bir logoyla sat\u0131l\u0131yor; klasik perileri and\u0131ran kad\u0131nlar televizyon ekranlar\u0131ndan eksik olmuyor; \u00e7ekti\u011fimiz her selfie Narkissos\u2019a yeniden can veriyor. Mit ayn\u0131 zamanda siyasi d\u00fcnyay\u0131 da i\u015fgal etmi\u015f durumda; ter\u00f6ristler din ad\u0131na kendilerini feda ederken siyah bayraklar\u0131 ve dualar\u0131 adeta bir markaya d\u00f6n\u00fc\u015f\u00fcyor. Peter Conrad, Britanya Krali\u00e7esi\u2019nden Kardashian\u2019lara, Banksy\u2019nin mesaj\u0131ndan elektronik sigaran\u0131n i\u015flevine ve Hadron \u00c7arp\u0131\u015ft\u0131r\u0131c\u0131s\u0131\u2019n\u0131n yaratt\u0131\u011f\u0131 kayg\u0131ya kadar uzanan geni\u015f bir yelpazedeki yirmi yedi ba\u015fl\u0131\u011f\u0131 dikkat \u00e7ekici bir yakla\u015f\u0131mla ayd\u0131nlat\u0131yor. Mitin insan toplumlar\u0131ndaki yerini, bug\u00fcn ya\u015famlar\u0131m\u0131z\u0131 sarsan siyasi, dini tart\u0131\u015fmalarla ili\u015fkisini \u00e7ok farkl\u0131 a\u00e7\u0131lardan ele alan Mitomani, 21. y\u00fczy\u0131l\u0131n mitolojilerini g\u00fcn\u00fcm\u00fcz dinamiklerinin merce\u011finden yorumluyor. <\/p>\n","protected":false},"excerpt":{"rendered":"<p>Bilimsel akla duyulan sayg\u0131ya ra\u011fmen, insanlar efsanelere h\u00e2l\u00e2 uzak atalar\u0131 kadar merakl\u0131. Diz\u00fcst\u00fc bilgisayarlar ve ak\u0131ll\u0131 telefonlar, Cennet Bah\u00e7esi\u2019nin yasak meyvesini \u00e7a\u011fr\u0131\u015ft\u0131ran bir logoyla sat\u0131l\u0131yor; klasik<span class=\"excerpt-hellip\"> [\u2026]<\/span><\/p>\n","protected":false},"featured_media":0,"template":"","meta":{"_monsterinsights_skip_tracking":false,"_monsterinsights_sitenote_active":false,"_monsterinsights_sitenote_note":"","_monsterinsights_sitenote_category":0},"product_brand":[],"product_cat":[20039,13488],"product_tag":[],"class_list":{"0":"post-719664","1":"product","2":"type-product","3":"status-publish","5":"product_cat-kultur-tarihi","6":"product_cat-toplum-ve-insan","7":"pa_cilt-ciltsiz","8":"pa_tur-kitap","9":"pa_yayinevi-koc-universitesi-yayinlari","10":"pa_yazar-peter-conrad","12":"first","13":"instock","14":"sale","15":"shipping-taxable","16":"purchasable","17":"product-type-simple"},"_links":{"self":[{"href":"https:\/\/roveyayinevi.com.tr\/index.php\/wp-json\/wp\/v2\/product\/719664","targetHints":{"allow":["GET"]}}],"collection":[{"href":"https:\/\/roveyayinevi.com.tr\/index.php\/wp-json\/wp\/v2\/product"}],"about":[{"href":"https:\/\/roveyayinevi.com.tr\/index.php\/wp-json\/wp\/v2\/types\/product"}],"wp:attachment":[{"href":"https:\/\/roveyayinevi.com.tr\/index.php\/wp-json\/wp\/v2\/media?parent=719664"}],"wp:term":[{"taxonomy":"product_brand","embeddable":true,"href":"https:\/\/roveyayinevi.com.tr\/index.php\/wp-json\/wp\/v2\/product_brand?post=719664"},{"taxonomy":"product_cat","embeddable":true,"href":"https:\/\/roveyayinevi.com.tr\/index.php\/wp-json\/wp\/v2\/product_cat?post=719664"},{"taxonomy":"product_tag","embeddable":true,"href":"https:\/\/roveyayinevi.com.tr\/index.php\/wp-json\/wp\/v2\/product_tag?post=719664"}],"curies":[{"name":"wp","href":"https:\/\/api.w.org\/{rel}","templated":true}]}}