{"id":719663,"date":"2025-08-27T18:25:16","date_gmt":"2025-08-27T15:25:16","guid":{"rendered":"https:\/\/roveyayinevi.com.tr\/index.php\/urun\/edebiyatta-sanatta-bilimde-kaos-imgelemi\/"},"modified":"2026-04-16T02:27:39","modified_gmt":"2026-04-15T23:27:39","slug":"edebiyatta-sanatta-bilimde-kaos-imgelemi","status":"publish","type":"product","link":"https:\/\/roveyayinevi.com.tr\/index.php\/urun\/edebiyatta-sanatta-bilimde-kaos-imgelemi\/","title":{"rendered":"Edebiyatta Sanatta Bilimde Kaos \u0130mgelemi"},"content":{"rendered":"<p>D\u00fcnyaya anlam kazand\u0131rmak i\u00e7in anlatt\u0131\u011f\u0131m\u0131z \u00f6yk\u00fcler \u2013mitoloji ve din, edebiyat ve felsefe, bilim ve sanat\u2013 fikirlerimizi ba\u015fkalar\u0131na aktarma  ara\u00e7lar\u0131m\u0131zd\u0131r. Ancak d\u00fczen aray\u0131\u015f\u0131m\u0131z\u0131n alt\u0131nda temel d\u00fczensizlik korkusu yatar. Ger\u00e7ek kaosu imgelemek zordur, onu betimlemekse \u00e7ok daha zordur. Kaos \u0130mgelemi\u2019nde Martin Meisel b\u00fcy\u00fck bir tutkuyla ve heyecanla mutlak kaosu g\u00f6stermek, ortaya koymak ve rasyonalize etmek i\u00e7in m\u00fcthi\u015f bir u\u011fra\u015f veriyor. Bu ama\u00e7la, kaos imgesinin toplumsal, psikolojik ve kozmolojik d\u00f6n\u00fc\u015f\u00fcm noktalar\u0131n\u0131n \u00f6yk\u00fcs\u00fcn\u00fc aktar\u0131yor. Edebiyattan, felsefeden, resimden, grafik sanat\u0131ndan, bilimden, dilbilimden, m\u00fczikten ve filmlerden \u00f6rneklerle, 18. ve 19. y\u00fczy\u0131llarda kaosun y\u0131k\u0131c\u0131l\u0131ktan \u00f6zg\u00fcrl\u00fck ve enerji sa\u011flama potansiyeli olan bir imgeye d\u00f6n\u00fc\u015f\u00fcm\u00fcn\u00fcn ola\u011fan\u00fcst\u00fc \u00f6yk\u00fcs\u00fcn\u00fc anlat\u0131yor. Sophokles, Platon, Lucretius, Calderon, Milton, Haydn, Blake, Faraday, \u00c7ehov, Faulkner, Wells ve Beckett okumalar\u0131 ile Brueghel, Rubens, Goya, Turner, Dix, Dada ve f\u00fct\u00fcrist ressamlar\u0131n tablolar\u0131n\u0131 ayn\u0131 potada eriten Meisel, termodinamikte enerji ve entropinin ele al\u0131n\u0131\u015f\u0131ndaki devrime dikkat \u00e7ekiyor. Yazar sonunda bu kaotik \u00e7er\u00e7eveyi anlam, ama\u00e7, \u00f6l\u00fcml\u00fcl\u00fck ve zihin gibi konular\u0131 a\u00e7\u0131klamakta kullan\u0131yor. <\/p>\n","protected":false},"excerpt":{"rendered":"<p>D\u00fcnyaya anlam kazand\u0131rmak i\u00e7in anlatt\u0131\u011f\u0131m\u0131z \u00f6yk\u00fcler \u2013mitoloji ve din, edebiyat ve felsefe, bilim ve sanat\u2013 fikirlerimizi ba\u015fkalar\u0131na aktarma ara\u00e7lar\u0131m\u0131zd\u0131r. Ancak d\u00fczen aray\u0131\u015f\u0131m\u0131z\u0131n alt\u0131nda temel d\u00fczensizlik korkusu<span class=\"excerpt-hellip\"> [\u2026]<\/span><\/p>\n","protected":false},"featured_media":0,"template":"","meta":{"_monsterinsights_skip_tracking":false,"_monsterinsights_sitenote_active":false,"_monsterinsights_sitenote_note":"","_monsterinsights_sitenote_category":0},"product_brand":[],"product_cat":[16038,12388],"product_tag":[],"class_list":{"0":"post-719663","1":"product","2":"type-product","3":"status-publish","5":"product_cat-arastirma-inceleme-referans-felsefe","6":"product_cat-felsefe","7":"pa_cilt-ciltsiz","8":"pa_tur-kitap","9":"pa_yayinevi-koc-universitesi-yayinlari","10":"pa_yazar-martin-meisel","12":"first","13":"instock","14":"sale","15":"shipping-taxable","16":"purchasable","17":"product-type-simple"},"_links":{"self":[{"href":"https:\/\/roveyayinevi.com.tr\/index.php\/wp-json\/wp\/v2\/product\/719663","targetHints":{"allow":["GET"]}}],"collection":[{"href":"https:\/\/roveyayinevi.com.tr\/index.php\/wp-json\/wp\/v2\/product"}],"about":[{"href":"https:\/\/roveyayinevi.com.tr\/index.php\/wp-json\/wp\/v2\/types\/product"}],"wp:attachment":[{"href":"https:\/\/roveyayinevi.com.tr\/index.php\/wp-json\/wp\/v2\/media?parent=719663"}],"wp:term":[{"taxonomy":"product_brand","embeddable":true,"href":"https:\/\/roveyayinevi.com.tr\/index.php\/wp-json\/wp\/v2\/product_brand?post=719663"},{"taxonomy":"product_cat","embeddable":true,"href":"https:\/\/roveyayinevi.com.tr\/index.php\/wp-json\/wp\/v2\/product_cat?post=719663"},{"taxonomy":"product_tag","embeddable":true,"href":"https:\/\/roveyayinevi.com.tr\/index.php\/wp-json\/wp\/v2\/product_tag?post=719663"}],"curies":[{"name":"wp","href":"https:\/\/api.w.org\/{rel}","templated":true}]}}