{"id":719661,"date":"2025-08-27T18:25:15","date_gmt":"2025-08-27T15:25:15","guid":{"rendered":"https:\/\/roveyayinevi.com.tr\/index.php\/urun\/yasayip-olmek-ask-ve-avarelik-ustune-siirler\/"},"modified":"2026-04-16T02:27:39","modified_gmt":"2026-04-15T23:27:39","slug":"yasayip-olmek-ask-ve-avarelik-ustune-siirler","status":"publish","type":"product","link":"https:\/\/roveyayinevi.com.tr\/index.php\/urun\/yasayip-olmek-ask-ve-avarelik-ustune-siirler\/","title":{"rendered":"Ya\u015fay\u0131p \u00d6lmek A\u015fk ve Avarelik \u00dcst\u00fcne \u015eiirler"},"content":{"rendered":"<p>Ak\u015famla d\u00f6nerdi g\u00fczel g\u00fcnler geri S\u0131cak sahillere mart\u0131lar u\u00e7ard\u0131 Reng\u00e2renk \u015fal\u0131nda Hint ku\u015flar\u0131 vard\u0131 Ve yelpazesinde Japon dilberleri<\/p>\n","protected":false},"excerpt":{"rendered":"<p>Ak\u015famla d\u00f6nerdi g\u00fczel g\u00fcnler geri S\u0131cak sahillere mart\u0131lar u\u00e7ard\u0131 Reng\u00e2renk \u015fal\u0131nda Hint ku\u015flar\u0131 vard\u0131 Ve yelpazesinde Japon dilberleri<\/p>\n","protected":false},"featured_media":0,"template":"","meta":{"_monsterinsights_skip_tracking":false,"_monsterinsights_sitenote_active":false,"_monsterinsights_sitenote_note":"","_monsterinsights_sitenote_category":0},"product_brand":[],"product_cat":[12291,12509],"product_tag":[],"class_list":{"0":"post-719661","1":"product","2":"type-product","3":"status-publish","5":"product_cat-edebiyat","6":"product_cat-siir","7":"pa_cilt-ciltsiz","8":"pa_tur-kitap","9":"pa_yayinevi-yapi-kredi-yayinlari","10":"pa_yazar-oktay-rifat","12":"first","13":"instock","14":"sale","15":"shipping-taxable","16":"purchasable","17":"product-type-simple"},"_links":{"self":[{"href":"https:\/\/roveyayinevi.com.tr\/index.php\/wp-json\/wp\/v2\/product\/719661","targetHints":{"allow":["GET"]}}],"collection":[{"href":"https:\/\/roveyayinevi.com.tr\/index.php\/wp-json\/wp\/v2\/product"}],"about":[{"href":"https:\/\/roveyayinevi.com.tr\/index.php\/wp-json\/wp\/v2\/types\/product"}],"wp:attachment":[{"href":"https:\/\/roveyayinevi.com.tr\/index.php\/wp-json\/wp\/v2\/media?parent=719661"}],"wp:term":[{"taxonomy":"product_brand","embeddable":true,"href":"https:\/\/roveyayinevi.com.tr\/index.php\/wp-json\/wp\/v2\/product_brand?post=719661"},{"taxonomy":"product_cat","embeddable":true,"href":"https:\/\/roveyayinevi.com.tr\/index.php\/wp-json\/wp\/v2\/product_cat?post=719661"},{"taxonomy":"product_tag","embeddable":true,"href":"https:\/\/roveyayinevi.com.tr\/index.php\/wp-json\/wp\/v2\/product_tag?post=719661"}],"curies":[{"name":"wp","href":"https:\/\/api.w.org\/{rel}","templated":true}]}}