{"id":719653,"date":"2025-08-27T18:25:09","date_gmt":"2025-08-27T15:25:09","guid":{"rendered":"https:\/\/roveyayinevi.com.tr\/index.php\/urun\/size-hic-soylenmemis-ama-bilmeniz-gereken-her-sey\/"},"modified":"2026-04-16T02:27:39","modified_gmt":"2026-04-15T23:27:39","slug":"size-hic-soylenmemis-ama-bilmeniz-gereken-her-sey","status":"publish","type":"product","link":"https:\/\/roveyayinevi.com.tr\/index.php\/urun\/size-hic-soylenmemis-ama-bilmeniz-gereken-her-sey\/","title":{"rendered":"Size Hi\u00e7 S\u00f6ylenmemi\u015f Ama Bilmeniz Gereken Her \u015eey"},"content":{"rendered":"<p>Par\u00e7alar b\u00fcy\u00fcleyici olabilir&#8230; Peki ya b\u00fcy\u00fck resim y\u0131k\u0131c\u0131ysa, par\u00e7alar\u0131n b\u00fcy\u00fcs\u00fc ne kadar \u00f6nemli olabilir ki? Hi\u00e7bir \u015fey bilmekle ya da bilmemekle ilgili de\u011fil asl\u0131nda, hakikati alg\u0131lay\u0131p alg\u0131layamamakla ilgili&#8230; Ak\u0131l sa\u011fl\u0131\u011f\u0131 ya da delilik, \u201calg\u0131yla\u201d tan\u0131mlan\u0131r, ger\u00e7ekle de\u011fil&#8230; \u0130nsanl\u0131k tarihi \u201cdeli\u201d ya da \u201ctehlikeli\u201d olarak damgalanm\u0131\u015f ancak \u00f6l\u00fcmlerinden sonra ya\u015fad\u0131klar\u0131 zaman\u0131n \u00e7ok ilerisinde oldu\u011fu fark edilmi\u015f dehalarla dolu&#8230; Delilik de, ak\u0131l sa\u011fl\u0131\u011f\u0131 da sabit de\u011fildir. Bilgi geli\u015ftik\u00e7e hepsi de\u011fi\u015fir. Bir ma\u011fara adam\u0131na Ay\u2019a gitmenin m\u00fcmk\u00fcn oldu\u011funu s\u00f6yledi\u011finizde, size \u201cdeli\u201d der. Modern insana Ay\u2019a gitmenin m\u00fcmk\u00fcn olmad\u0131\u011f\u0131n\u0131 s\u00f6yledi\u011finizde yine \u201cdeli\u201d damgas\u0131n\u0131 yersiniz. \u0130\u015fte insanlar\u0131n en zay\u0131f \u00f6zelli\u011fi, ge\u00e7mi\u015f ve gelecek aras\u0131ndaki bu inan\u0131lmaz bili\u015fsel uyumsuzluktur. \u0130nsanlar eskiden beri, s\u00f6yledikleri sonradan do\u011fru \u00e7\u0131km\u0131\u015f olanlarla hep alay etmi\u015flerdir. Bug\u00fcn de durum hi\u00e7 farkl\u0131 de\u011fil&#8230; Aylarca uluslararas\u0131 \u00e7ok satanlar listesinde kalmay\u0131 ba\u015faran \u0130NSANO\u011eLU AYA\u011eA KALK kitab\u0131n\u0131n yazar\u0131 David Icke\u2019\u0131n kaleme ald\u0131\u011f\u0131 S\u0130ZE H\u0130\u00c7 S\u00d6YLENMEM\u0130\u015e AMA B\u0130LMEN\u0130Z GEREKEN HER \u015eEY adl\u0131 bu devasa yap\u0131t, yepyeni bir bilginin de\u011fil, \u00e7a\u011f\u0131n \u00f6tesinde bir alg\u0131n\u0131n kap\u0131lar\u0131n\u0131 aral\u0131yor. Bilgiyi alt\u00fcst ederek, hakikatin \u00fczerindeki kal\u0131n sanr\u0131 perdesini kald\u0131r\u0131yor. D\u00fcnya nas\u0131l bir yak\u0131n gelece\u011fe haz\u0131rlan\u0131yor? \u201cTek D\u00fcnya Devleti\u201d projesi hayata ge\u00e7meye haz\u0131r m\u0131? K\u00fcresel sistem nas\u0131l de\u011fi\u015fecek? Milyarlarca insan tek bir devletin \u00e7at\u0131s\u0131 alt\u0131nda nas\u0131l y\u00f6netilecek? \u0130nsanl\u0131\u011f\u0131 nas\u0131l bir gelecek bekliyor? Bir grup insan, daha \u015fimdiden k\u00fcresel finans\u0131, devletleri ve medyay\u0131 nas\u0131l kontrol ediyor? Mikro\u00e7ip tak\u0131lm\u0131\u015f insan n\u00fcfusunun, tek bir g\u00fc\u00e7 taraf\u0131ndan anbean bir gestapoyla kontrol edilip y\u00f6netilmesi ideas\u0131, art\u0131k bir Amerikan filmi senaryosu de\u011fil \u00f6rt\u00fcl\u00fc bir hakikat&#8230; George Orwell\u2019\u0131n 1948 y\u0131l\u0131nda kaleme ald\u0131\u011f\u0131 1984 adl\u0131 roman\u0131ndaki sars\u0131c\u0131 kurgu, yeni d\u00fcnyada hayata ge\u00e7mek \u00fczere. \u00dcstelik bu yolda hayli \u00f6nemli ad\u0131mlar at\u0131ld\u0131 bile&#8230; <\/p>\n","protected":false},"excerpt":{"rendered":"<p>Par\u00e7alar b\u00fcy\u00fcleyici olabilir&#8230; Peki ya b\u00fcy\u00fck resim y\u0131k\u0131c\u0131ysa, par\u00e7alar\u0131n b\u00fcy\u00fcs\u00fc ne kadar \u00f6nemli olabilir ki? Hi\u00e7bir \u015fey bilmekle ya da bilmemekle ilgili de\u011fil asl\u0131nda, hakikati alg\u0131lay\u0131p<span class=\"excerpt-hellip\"> [\u2026]<\/span><\/p>\n","protected":false},"featured_media":0,"template":"","meta":{"_monsterinsights_skip_tracking":false,"_monsterinsights_sitenote_active":false,"_monsterinsights_sitenote_note":"","_monsterinsights_sitenote_category":0},"product_brand":[],"product_cat":[14787,13488],"product_tag":[],"class_list":{"0":"post-719653","1":"product","2":"type-product","3":"status-publish","5":"product_cat-diger-toplum-ve-insan","6":"product_cat-toplum-ve-insan","7":"pa_cilt-ciltsiz","8":"pa_tur-kitap","9":"pa_yayinevi-destek-yayinlari","10":"pa_yazar-david-icke","12":"first","13":"instock","14":"sale","15":"shipping-taxable","16":"purchasable","17":"product-type-simple"},"_links":{"self":[{"href":"https:\/\/roveyayinevi.com.tr\/index.php\/wp-json\/wp\/v2\/product\/719653","targetHints":{"allow":["GET"]}}],"collection":[{"href":"https:\/\/roveyayinevi.com.tr\/index.php\/wp-json\/wp\/v2\/product"}],"about":[{"href":"https:\/\/roveyayinevi.com.tr\/index.php\/wp-json\/wp\/v2\/types\/product"}],"wp:attachment":[{"href":"https:\/\/roveyayinevi.com.tr\/index.php\/wp-json\/wp\/v2\/media?parent=719653"}],"wp:term":[{"taxonomy":"product_brand","embeddable":true,"href":"https:\/\/roveyayinevi.com.tr\/index.php\/wp-json\/wp\/v2\/product_brand?post=719653"},{"taxonomy":"product_cat","embeddable":true,"href":"https:\/\/roveyayinevi.com.tr\/index.php\/wp-json\/wp\/v2\/product_cat?post=719653"},{"taxonomy":"product_tag","embeddable":true,"href":"https:\/\/roveyayinevi.com.tr\/index.php\/wp-json\/wp\/v2\/product_tag?post=719653"}],"curies":[{"name":"wp","href":"https:\/\/api.w.org\/{rel}","templated":true}]}}