{"id":719652,"date":"2025-08-27T18:25:09","date_gmt":"2025-08-27T15:25:09","guid":{"rendered":"https:\/\/roveyayinevi.com.tr\/index.php\/urun\/babilden-gunumuze-israil-amerikan-kehanetleri\/"},"modified":"2026-04-16T02:27:39","modified_gmt":"2026-04-15T23:27:39","slug":"babilden-gunumuze-israil-amerikan-kehanetleri","status":"publish","type":"product","link":"https:\/\/roveyayinevi.com.tr\/index.php\/urun\/babilden-gunumuze-israil-amerikan-kehanetleri\/","title":{"rendered":"Babil\u2019den G\u00fcn\u00fcm\u00fcze \u0130srail-Amerikan Kehanetleri"},"content":{"rendered":"<p>Cumhuriyet T\u00fcrkiyesi, 10 Kas\u0131m 1938\u2019den beri sistemli bir \u015fekilde irtifa kaybetti, g\u00fcn\u00fcm\u00fczde Osmanl\u0131 T\u00fcrkiyesi\u2019nin 1838-1918 \u015fartlar\u0131n\u0131 ya\u015f\u0131yor. Milli g\u00fcvenli\u011fimizin can damarlar\u0131ndan T\u00fcrk tar\u0131m\u0131 \u00e7\u00f6kertildi. Stratejik \u00f6nemi haiz \u015firketler, limanlar ve m\u00fcesseseler \u00e7ok kolay ve p\u0131rasa fiyat\u0131na elden \u00e7\u0131kar\u0131ld\u0131. T\u00fcrk bankac\u0131l\u0131k sistemi yabanc\u0131lar\u0131n eline ge\u00e7mek \u00fczere. Sigorta \u015firketlerimizin sermaye paylar\u0131n\u0131n \u00e7o\u011funlu\u011fu ellerine ge\u00e7ti bile. T\u00dc\u0130K\u2019in Aral\u0131k 2018 verilerine g\u00f6re 4,5 milyon T\u00fcrk i\u015fsiz. \u0130\u015fsizlerimizin d\u00f6rtte biri \u00fcniversite mezunu. T\u00fcrk milleti karn\u0131n\u0131 doyurman\u0131n derdine d\u00fc\u015f\u00fcr\u00fcld\u00fc. Yabanc\u0131lara toprak sat\u0131\u015f\u0131, ba\u015fta GAP b\u00f6lgesinde \u00fc\u00e7\u00fcnc\u00fc \u015fah\u0131slar \u00fczerinden \u0130srail\u2019in ald\u0131\u011f\u0131 450 bin d\u00f6n\u00fcm olmak \u00fczere art\u0131k T\u00fcrkiye\u2019nin milli g\u00fcvenli\u011fini tehdit etmektedir. Eskiden sa\u011fc\u0131 veya solcu tan\u0131mlamas\u0131 i\u00e7erisinde suni bir ayr\u0131ma tabi tutulmu\u015f, milli d\u00fc\u015f\u00fcnen, \u00f6nce vatan ve T\u00fcrk milleti diyen ayd\u0131nlar paranoyak olmakla su\u00e7lanmakta, t\u00fcrl\u00fc komplolarla y\u0131ld\u0131r\u0131lmaya \u00e7al\u0131\u015f\u0131lmaktad\u0131r. B\u00fcy\u00fck \u00e7o\u011funlu\u011fu T\u00fcrk milliyet\u00e7isi-dindar olan milletimizin g\u00f6nl\u00fcnden T\u00fcrkl\u00fck ve vatan sevgisi s\u00f6k\u00fclmeye \u00e7al\u0131\u015f\u0131lmakta, dindarl\u0131\u011f\u0131 da \u201cdinci\u201d seviyesine indirgenmek istenmektedir. FE*T\u00d6 ve benzeri tarikat\/cemaatler \u0130slam\u2019a ve T\u00fcrk milletine ihanet etmi\u015fler-etmektedirler. Pek \u00e7ok tarikat ve cemaat etnik \u00e7entikli tabana yaslanmakta ve\/veya benzer zihniyet taraf\u0131ndan kullan\u0131lmaktad\u0131r. T\u00fcrk vatan\u0131n\u0131n par\u00e7alanmas\u0131 i\u00e7in Evanjelist-Kabalist U$A, \u0130srail, AB ve i\u00e7erideki \u201cceberutlar\u201d el ele, her T\u00fcrk\u2019\u00fcn korumakla m\u00fckellef oldu\u011fu, \u015feref ve namusumuz olan Cumhuriyet T\u00fcrkiyesi\u2019ni y\u0131kmak istiyorlar. \u0130slamc\u0131 ge\u00e7inenler \u015firketlerinin CEO\u2019lu\u011funa d\u00fcn bol bol s\u00f6vd\u00fckleri Yahudileri getirmekten \u00e7ekinmiyorlar. Varl\u0131\u011f\u0131m\u0131z b\u00fcy\u00fck bir ku\u015fatma alt\u0131nda ve bunun \u00e7\u0131k\u0131\u015f yolu da ancak ve ancak silkelenip kendimize gelmemizle m\u00fcmk\u00fcn! <\/p>\n","protected":false},"excerpt":{"rendered":"<p>Cumhuriyet T\u00fcrkiyesi, 10 Kas\u0131m 1938\u2019den beri sistemli bir \u015fekilde irtifa kaybetti, g\u00fcn\u00fcm\u00fczde Osmanl\u0131 T\u00fcrkiyesi\u2019nin 1838-1918 \u015fartlar\u0131n\u0131 ya\u015f\u0131yor. Milli g\u00fcvenli\u011fimizin can damarlar\u0131ndan T\u00fcrk tar\u0131m\u0131 \u00e7\u00f6kertildi. Stratejik \u00f6nemi<span class=\"excerpt-hellip\"> [\u2026]<\/span><\/p>\n","protected":false},"featured_media":0,"template":"","meta":{"_monsterinsights_skip_tracking":false,"_monsterinsights_sitenote_active":false,"_monsterinsights_sitenote_note":"","_monsterinsights_sitenote_category":0},"product_brand":[],"product_cat":[13072,12291],"product_tag":[],"class_list":{"0":"post-719652","1":"product","2":"type-product","3":"status-publish","5":"product_cat-arastirma-inceleme-referans","6":"product_cat-edebiyat","7":"pa_cilt-ciltsiz","8":"pa_tur-kitap","9":"pa_yayinevi-destek-yayinlari","10":"pa_yazar-ramazan-kurtoglu","12":"first","13":"instock","14":"sale","15":"shipping-taxable","16":"purchasable","17":"product-type-simple"},"_links":{"self":[{"href":"https:\/\/roveyayinevi.com.tr\/index.php\/wp-json\/wp\/v2\/product\/719652","targetHints":{"allow":["GET"]}}],"collection":[{"href":"https:\/\/roveyayinevi.com.tr\/index.php\/wp-json\/wp\/v2\/product"}],"about":[{"href":"https:\/\/roveyayinevi.com.tr\/index.php\/wp-json\/wp\/v2\/types\/product"}],"wp:attachment":[{"href":"https:\/\/roveyayinevi.com.tr\/index.php\/wp-json\/wp\/v2\/media?parent=719652"}],"wp:term":[{"taxonomy":"product_brand","embeddable":true,"href":"https:\/\/roveyayinevi.com.tr\/index.php\/wp-json\/wp\/v2\/product_brand?post=719652"},{"taxonomy":"product_cat","embeddable":true,"href":"https:\/\/roveyayinevi.com.tr\/index.php\/wp-json\/wp\/v2\/product_cat?post=719652"},{"taxonomy":"product_tag","embeddable":true,"href":"https:\/\/roveyayinevi.com.tr\/index.php\/wp-json\/wp\/v2\/product_tag?post=719652"}],"curies":[{"name":"wp","href":"https:\/\/api.w.org\/{rel}","templated":true}]}}