{"id":719651,"date":"2025-08-27T18:25:08","date_gmt":"2025-08-27T15:25:08","guid":{"rendered":"https:\/\/roveyayinevi.com.tr\/index.php\/urun\/mukemmel-annenin-el-kitabi\/"},"modified":"2026-04-16T02:27:39","modified_gmt":"2026-04-15T23:27:39","slug":"mukemmel-annenin-el-kitabi","status":"publish","type":"product","link":"https:\/\/roveyayinevi.com.tr\/index.php\/urun\/mukemmel-annenin-el-kitabi\/","title":{"rendered":"M\u00fckemmel Annenin El Kitab\u0131"},"content":{"rendered":"<p>\u201cG\u00fcnd\u00fcz ne zaman b\u00fcy\u00fcyecekler,Gece ne \u00e7abuk b\u00fcy\u00fcd\u00fcler diye a\u011flayan t\u00fcm annelere..\u201dArka Kapak Yaz\u0131s\u0131 :M\u00fckemmel anne olmay\u0131 hedefleyenlere,M\u00fckemmel anneli\u011fi \u0131skalayanlara,Yeni do\u011fum yapanlara,Planlad\u0131\u011f\u0131 gibi do\u011furamayanlara,S\u00fct\u00fc olup emziremeyenlere,Emzirip s\u00fct\u00fc gelmeyenlere,Vicdan azab\u0131ndan uyuyamayanlara,Gece boyu n\u00f6bet tutanlara,Aya\u011f\u0131nda sallayarak uyutanlara,\u0130ki ka\u015f\u0131k yedirmek i\u00e7in k\u0131rk takla atanlara,Lohusa topuzu ile ya\u015fayanlara,Birlikte b\u00fcy\u00fcs\u00fcnler diye ikinciyi d\u00fc\u015f\u00fcnenlere,Sonra birlikte delirenlere,Yard\u0131ms\u0131z \u00e7ocuk b\u00fcy\u00fctenlere,D\u0131\u015far\u0131da \u00e7al\u0131\u015fanlara,Evde \u00e7al\u0131\u015fanlara,\u00dc\u00e7 saatlik uykuyla d\u00fcnyay\u0131 kurtaranlara,Pes edenlere,G\u00fclenlere,A\u011flayanlara,G\u00fcnd\u00fcz ne zaman b\u00fcy\u00fcyecekler,Gece ne \u00e7abuk b\u00fcy\u00fcd\u00fcler diye a\u011flayan t\u00fcm annelere\u2026\u201cHepsi ge\u00e7ecek\u2026\u201d<\/p>\n","protected":false},"excerpt":{"rendered":"<p>\u201cG\u00fcnd\u00fcz ne zaman b\u00fcy\u00fcyecekler,Gece ne \u00e7abuk b\u00fcy\u00fcd\u00fcler diye a\u011flayan t\u00fcm annelere..\u201dArka Kapak Yaz\u0131s\u0131 :M\u00fckemmel anne olmay\u0131 hedefleyenlere,M\u00fckemmel anneli\u011fi \u0131skalayanlara,Yeni do\u011fum yapanlara,Planlad\u0131\u011f\u0131 gibi do\u011furamayanlara,S\u00fct\u00fc olup emziremeyenlere,Emzirip s\u00fct\u00fc<span class=\"excerpt-hellip\"> [\u2026]<\/span><\/p>\n","protected":false},"featured_media":0,"template":"","meta":{"_monsterinsights_skip_tracking":false,"_monsterinsights_sitenote_active":false,"_monsterinsights_sitenote_note":"","_monsterinsights_sitenote_category":0},"product_brand":[],"product_cat":[14902,13365],"product_tag":[],"class_list":{"0":"post-719651","1":"product","2":"type-product","3":"status-publish","5":"product_cat-annelik-ve-cocuk-bakimi","6":"product_cat-saglik","7":"pa_cilt-ciltsiz","8":"pa_tur-kitap","9":"pa_yayinevi-cezve-kitap","10":"pa_yazar-seyma-cekici","12":"first","13":"instock","14":"sale","15":"shipping-taxable","16":"purchasable","17":"product-type-simple"},"_links":{"self":[{"href":"https:\/\/roveyayinevi.com.tr\/index.php\/wp-json\/wp\/v2\/product\/719651","targetHints":{"allow":["GET"]}}],"collection":[{"href":"https:\/\/roveyayinevi.com.tr\/index.php\/wp-json\/wp\/v2\/product"}],"about":[{"href":"https:\/\/roveyayinevi.com.tr\/index.php\/wp-json\/wp\/v2\/types\/product"}],"wp:attachment":[{"href":"https:\/\/roveyayinevi.com.tr\/index.php\/wp-json\/wp\/v2\/media?parent=719651"}],"wp:term":[{"taxonomy":"product_brand","embeddable":true,"href":"https:\/\/roveyayinevi.com.tr\/index.php\/wp-json\/wp\/v2\/product_brand?post=719651"},{"taxonomy":"product_cat","embeddable":true,"href":"https:\/\/roveyayinevi.com.tr\/index.php\/wp-json\/wp\/v2\/product_cat?post=719651"},{"taxonomy":"product_tag","embeddable":true,"href":"https:\/\/roveyayinevi.com.tr\/index.php\/wp-json\/wp\/v2\/product_tag?post=719651"}],"curies":[{"name":"wp","href":"https:\/\/api.w.org\/{rel}","templated":true}]}}