{"id":719650,"date":"2025-08-27T18:25:07","date_gmt":"2025-08-27T15:25:07","guid":{"rendered":"https:\/\/roveyayinevi.com.tr\/index.php\/urun\/13-gerceklik\/"},"modified":"2026-04-16T02:27:39","modified_gmt":"2026-04-15T23:27:39","slug":"13-gerceklik","status":"publish","type":"product","link":"https:\/\/roveyayinevi.com.tr\/index.php\/urun\/13-gerceklik\/","title":{"rendered":"13. Ger\u00e7eklik"},"content":{"rendered":"<p>Ger\u00e7ekliklerde ya\u015fad\u0131klar\u0131, hayatlar\u0131n\u0131 de\u011fi\u015ftiren maceralardan sonra Tick, Paul ve Sofia sakin bir yaz ge\u00e7irmi\u015ftir ama Efendi George\u2019tan gelen son mesaj her \u015feyi de\u011fi\u015ftirir.T\u00fcm ger\u00e7ekliklerde insanlar delirmektedir. Daha da k\u00f6t\u00fcs\u00fc, baz\u0131 ger\u00e7eklikler par\u00e7alan\u0131p hi\u00e7li\u011fe kar\u0131\u015fmaktad\u0131r. Efendi George D\u00f6rd\u00fcnc\u00fc Ger\u00e7eklik\u2019ten Bay Chu\u2019nun Karanl\u0131k Sonsuzluk ad\u0131 verilen gizemli bir silah \u00fczerinde \u00e7al\u0131\u015ft\u0131\u011f\u0131n\u0131 \u00f6\u011frenir. Ama kimse bu silah\u0131n nas\u0131l durdurulabilece\u011fini, hatta durdurulup durdurulamayaca\u011f\u0131n\u0131 bile bilmemektedir.Tick ile arkada\u015flar\u0131n\u0131n ka\u00e7\u0131r\u0131l\u0131p ger\u00e7eklikten ger\u00e7ekli\u011fe s\u00fcr\u00fcklenmesi ve ortalar\u0131na d\u00fc\u015ft\u00fckleri \u00f6l\u00fcmc\u00fcl tuzaklardan kurtulmak i\u00e7in zor bilmeceleri \u00e7\u00f6zmek zorunda kalmas\u0131 i\u015fleri iyice kar\u0131\u015ft\u0131r\u0131r. Han\u0131mefendi Jane ve Tick kendilerini gizemli silaha ula\u015fmak i\u00e7in yar\u0131\u015f\u0131rken bulur. Kim bu silah\u0131 yok edecek ya da kim onun yeni sahibi olacakt\u0131r?\u201cMuhte\u015fem bir eser. Dashner bilgiyi okura ne zaman verece\u011fini, zarif bir \u00fcslupla yazmay\u0131 ve sevilesi karakterler yaratmay\u0131 \u00e7ok iyi biliyor.\u201dChicago Sun-Times<\/p>\n","protected":false},"excerpt":{"rendered":"<p>Ger\u00e7ekliklerde ya\u015fad\u0131klar\u0131, hayatlar\u0131n\u0131 de\u011fi\u015ftiren maceralardan sonra Tick, Paul ve Sofia sakin bir yaz ge\u00e7irmi\u015ftir ama Efendi George\u2019tan gelen son mesaj her \u015feyi de\u011fi\u015ftirir.T\u00fcm ger\u00e7ekliklerde insanlar delirmektedir.<span class=\"excerpt-hellip\"> [\u2026]<\/span><\/p>\n","protected":false},"featured_media":0,"template":"","meta":{"_monsterinsights_skip_tracking":false,"_monsterinsights_sitenote_active":false,"_monsterinsights_sitenote_note":"","_monsterinsights_sitenote_category":0},"product_brand":[],"product_cat":[12291,12711],"product_tag":[],"class_list":{"0":"post-719650","1":"product","2":"type-product","3":"status-publish","5":"product_cat-edebiyat","6":"product_cat-roman-oyku","7":"pa_cilt-ciltsiz","8":"pa_tur-kitap","9":"pa_yayinevi-pegasus-yayinlari","10":"pa_yazar-james-dashner","12":"first","13":"instock","14":"sale","15":"shipping-taxable","16":"purchasable","17":"product-type-simple"},"_links":{"self":[{"href":"https:\/\/roveyayinevi.com.tr\/index.php\/wp-json\/wp\/v2\/product\/719650","targetHints":{"allow":["GET"]}}],"collection":[{"href":"https:\/\/roveyayinevi.com.tr\/index.php\/wp-json\/wp\/v2\/product"}],"about":[{"href":"https:\/\/roveyayinevi.com.tr\/index.php\/wp-json\/wp\/v2\/types\/product"}],"wp:attachment":[{"href":"https:\/\/roveyayinevi.com.tr\/index.php\/wp-json\/wp\/v2\/media?parent=719650"}],"wp:term":[{"taxonomy":"product_brand","embeddable":true,"href":"https:\/\/roveyayinevi.com.tr\/index.php\/wp-json\/wp\/v2\/product_brand?post=719650"},{"taxonomy":"product_cat","embeddable":true,"href":"https:\/\/roveyayinevi.com.tr\/index.php\/wp-json\/wp\/v2\/product_cat?post=719650"},{"taxonomy":"product_tag","embeddable":true,"href":"https:\/\/roveyayinevi.com.tr\/index.php\/wp-json\/wp\/v2\/product_tag?post=719650"}],"curies":[{"name":"wp","href":"https:\/\/api.w.org\/{rel}","templated":true}]}}