{"id":719648,"date":"2025-08-27T18:25:05","date_gmt":"2025-08-27T15:25:05","guid":{"rendered":"https:\/\/roveyayinevi.com.tr\/index.php\/urun\/kirlangic-kulesi-the-witcher-serisi-6\/"},"modified":"2026-04-16T02:27:39","modified_gmt":"2026-04-15T23:27:39","slug":"kirlangic-kulesi-the-witcher-serisi-6","status":"publish","type":"product","link":"https:\/\/roveyayinevi.com.tr\/index.php\/urun\/kirlangic-kulesi-the-witcher-serisi-6\/","title":{"rendered":"K\u0131rlang\u0131\u00e7 Kulesi &#8211; The Witcher Serisi 6"},"content":{"rendered":"<p>Vah\u015fi Av hasad\u0131n\u0131 topluyor!\u201cYosunlarla kapl\u0131, samandan yap\u0131lma \u00e7at\u0131s\u0131 \u00e7\u00f6km\u00fc\u015f kul\u00fcbeye hava karard\u0131ktan sonra biri usulca yakla\u015f\u0131p i\u00e7eriye bakacak olsa alevlerin \u0131\u015f\u0131\u011f\u0131nda ve oca\u011f\u0131n korunda bir post y\u0131\u011f\u0131n\u0131n \u00fczerine e\u011filmi\u015f k\u0131r sakall\u0131 bir ihtiyar g\u00f6r\u00fcrd\u00fc. Ayr\u0131ca k\u00fcl sar\u0131s\u0131 sa\u00e7l\u0131, bir \u00e7ocu\u011funkini and\u0131ran ye\u015fil g\u00f6zleriyle uyumsuz, yana\u011f\u0131nda berbat bir yara izi ta\u015f\u0131yan bir k\u0131z da g\u00f6r\u00fcrd\u00fc.\u201dT\u00fcm d\u00fcnya amans\u0131z bir sava\u015f\u0131n ortas\u0131nda kalm\u0131\u015ft\u0131r. Bir haydut tak\u0131m\u0131na kat\u0131l\u0131p hayat\u0131nda ilk kez \u00f6zg\u00fcrl\u00fc\u011f\u00fcn tad\u0131n\u0131 \u00e7\u0131karan Ciri ise bir tuza\u011fa do\u011fru \u00e7ekilmektedir. Nilfgaard ajanlar\u0131, kelle avc\u0131lar\u0131, b\u00fcy\u00fcc\u00fcler, Yennefer, Geralt ile arkada\u015flar\u0131 gelece\u011fi kehanetlerde anlat\u0131lan gen\u00e7 k\u0131z\u0131n pe\u015fine d\u00fc\u015fm\u00fc\u015ft\u00fcr. Geralt ve arkada\u015flar\u0131 onu kurtarmak i\u00e7in var g\u00fc\u00e7leriyle \u00e7al\u0131\u015f\u0131rken, d\u00fc\u015fmanlar\u0131n\u0131n onu \u00f6l\u00fc veya diri ele ge\u00e7irmek i\u00e7in yapmayaca\u011f\u0131 \u015fey yoktur.Saklanabilece\u011fi bir yer kalmayan Ciri\u2019nin ka\u00e7abilece\u011fi tek bir yer vard\u0131r: K\u0131rlang\u0131\u00e7 Kulesi!\u201cBU K\u0130TABI GER\u00c7EKTEN, GER\u00c7EKTEN \u00c7OK BE\u011eEND\u0130M&#8230; SAPKOWSKI\u2019N\u0130N D\u00dcNYASINDAK\u0130 H\u0130\u00c7B\u0130R KARAKTER S\u0130YAH-BEYAZ DE\u011e\u0130L. GERALT VE CANAVARLAR D\u00c2H\u0130L HERKES GR\u0130N\u0130N B\u0130R TONU.\u201dThe Deckled Edge<\/p>\n","protected":false},"excerpt":{"rendered":"<p>Vah\u015fi Av hasad\u0131n\u0131 topluyor!\u201cYosunlarla kapl\u0131, samandan yap\u0131lma \u00e7at\u0131s\u0131 \u00e7\u00f6km\u00fc\u015f kul\u00fcbeye hava karard\u0131ktan sonra biri usulca yakla\u015f\u0131p i\u00e7eriye bakacak olsa alevlerin \u0131\u015f\u0131\u011f\u0131nda ve oca\u011f\u0131n korunda bir post<span class=\"excerpt-hellip\"> [\u2026]<\/span><\/p>\n","protected":false},"featured_media":0,"template":"","meta":{"_monsterinsights_skip_tracking":false,"_monsterinsights_sitenote_active":false,"_monsterinsights_sitenote_note":"","_monsterinsights_sitenote_category":0},"product_brand":[],"product_cat":[12291,12711],"product_tag":[],"class_list":{"0":"post-719648","1":"product","2":"type-product","3":"status-publish","5":"product_cat-edebiyat","6":"product_cat-roman-oyku","7":"pa_cilt-ciltsiz","8":"pa_tur-kitap","9":"pa_yayinevi-pegasus-yayinlari","10":"pa_yazar-andrzej-sapkowski","12":"first","13":"instock","14":"sale","15":"shipping-taxable","16":"purchasable","17":"product-type-simple"},"_links":{"self":[{"href":"https:\/\/roveyayinevi.com.tr\/index.php\/wp-json\/wp\/v2\/product\/719648","targetHints":{"allow":["GET"]}}],"collection":[{"href":"https:\/\/roveyayinevi.com.tr\/index.php\/wp-json\/wp\/v2\/product"}],"about":[{"href":"https:\/\/roveyayinevi.com.tr\/index.php\/wp-json\/wp\/v2\/types\/product"}],"wp:attachment":[{"href":"https:\/\/roveyayinevi.com.tr\/index.php\/wp-json\/wp\/v2\/media?parent=719648"}],"wp:term":[{"taxonomy":"product_brand","embeddable":true,"href":"https:\/\/roveyayinevi.com.tr\/index.php\/wp-json\/wp\/v2\/product_brand?post=719648"},{"taxonomy":"product_cat","embeddable":true,"href":"https:\/\/roveyayinevi.com.tr\/index.php\/wp-json\/wp\/v2\/product_cat?post=719648"},{"taxonomy":"product_tag","embeddable":true,"href":"https:\/\/roveyayinevi.com.tr\/index.php\/wp-json\/wp\/v2\/product_tag?post=719648"}],"curies":[{"name":"wp","href":"https:\/\/api.w.org\/{rel}","templated":true}]}}