{"id":719643,"date":"2025-08-27T18:25:02","date_gmt":"2025-08-27T15:25:02","guid":{"rendered":"https:\/\/roveyayinevi.com.tr\/index.php\/urun\/kisisel-karbon-ayak-izi-rehberi\/"},"modified":"2026-04-16T02:27:39","modified_gmt":"2026-04-15T23:27:39","slug":"kisisel-karbon-ayak-izi-rehberi","status":"publish","type":"product","link":"https:\/\/roveyayinevi.com.tr\/index.php\/urun\/kisisel-karbon-ayak-izi-rehberi\/","title":{"rendered":"Ki\u015fisel Karbon Ayak \u0130zi Rehberi"},"content":{"rendered":"<p>K\u00fcresel iklim de\u011fi\u015fikli\u011fi, her ge\u00e7en y\u0131l b\u00fcy\u00fcyen bir tehdit olarak kendini daha fazla hissettiriyor. \u0130klim de\u011fi\u015fikli\u011fini durdurmak \u00f6ncelikle politik m\u00fccadele yaparak m\u00fcmk\u00fcn. \u00d6te yandan sivil toplumun, yurtta\u015f inisiyatiflerinin m\u00fccadelesinin \u00f6nemi \u00e7ok b\u00fcy\u00fck. Hepimiz iklim de\u011fi\u015fikli\u011fine neden olan sal\u0131mlar\u0131 \u00e7ok iyi biliyoruz. Alternatif, temiz ve s\u00fcrd\u00fcr\u00fclebilir enerji kaynaklar\u0131n\u0131 da o derece iyi biliyoruz. \u0130yi ve temiz olan\u0131 istemek her ahlakl\u0131 yurtta\u015f\u0131n \u00f6devidir. \u0130klim de\u011fi\u015fikli\u011finin toplumsal yan\u0131 b\u00f6yleyken, bireysel \u00e7\u00f6z\u00fcmleri de ihmal etmemek gerekiyor. H\u00fclasas\u0131 bir yan\u0131yla okyanusa denizy\u0131ld\u0131zlar\u0131n\u0131 atan adam\u0131 toplumsal m\u00fccadeleye davet etmeli, \u00f6te yandan denizy\u0131ld\u0131zlar\u0131n\u0131 okyanusa atmas\u0131na yard\u0131m etmeliyiz. Acaba her bireyin ya da hane halk\u0131n\u0131n karbon ayak izi ne kadar? Bunun hesab\u0131n\u0131 yapmak, ki\u015fisel ya\u015fam al\u0131\u015fkanl\u0131klar\u0131m\u0131z\u0131 sorgulamak, s\u00fcrd\u00fcr\u00fclebilir bir gezegenin \u00f6n ko\u015fullar\u0131ndan. Elinizdeki hesab\u0131n \u00f6ncelikle \u00fclke ortalamas\u0131, ard\u0131ndan d\u00fcnya ortalamas\u0131 ile kar\u015f\u0131la\u015ft\u0131r\u0131lmas\u0131 ve s\u0131ras\u0131yla bunlar\u0131n ki\u015fisel karbon ayak izinizi azaltmak i\u00e7in hedef al\u0131nmas\u0131 zorunluluk. Devin Bah\u00e7eci bir iklim aktivisti. Ya\u015f\u0131yla kar\u015f\u0131la\u015ft\u0131r\u0131ld\u0131\u011f\u0131nda \u00e7ok uzun bir zamand\u0131r k\u00fcresel iklim de\u011fi\u015fikli\u011fini durdurmak i\u00e7in \u00e7abal\u0131yor. Birle\u015fmi\u015f Milletler&#8217;in d\u00fczenledi\u011fi iklim konferanslar\u0131nda bulunuyor, savunuculuk ve politika yapma s\u00fcre\u00e7lerine d\u00e2hil olmaya \u00e7al\u0131\u015f\u0131yor. T\u00fcrkiye&#8217;de ve pek \u00e7ok \u00fclkede \u00f6zellikle gen\u00e7lerin dikkatini \u00e7ekmek ve bilgi d\u00fczeylerini art\u0131rmak i\u00e7in e\u011fitimler veriyor. Ki\u015fisel Karbon Ayak \u0130zi Rehberi, Devin Bah\u00e7eci&#8217;nin ziyaret etti\u011fi pek \u00e7ok \u015fehirde kendisine sorulan sorulara y\u0131llar i\u00e7inde haz\u0131rlad\u0131\u011f\u0131 kapsaml\u0131 ama anla\u015f\u0131lmas\u0131 kolay bir rehber niteli\u011finde. G\u00fcncel veriler ve \u00f6rnek tablolarla, kendi karbon ayak izinizi kolayca hesaplayabilece\u011finiz bir ba\u015f ucu kayna\u011f\u0131. Bu kitaptan elde edilecek b\u00fct\u00fcn gelir, Devin Bah\u00e7eci&#8217;nin, Yery\u00fcz\u00fc Derne\u011fi \u00e7at\u0131s\u0131 alt\u0131nda ger\u00e7ekle\u015ftirdi\u011fi iklim de\u011fi\u015fikli\u011fi e\u011fitimlerinin finanse edilmesinde kullan\u0131lacakt\u0131r. Gezegenin kar\u015f\u0131 kar\u015f\u0131ya kald\u0131\u011f\u0131, insan kaynakl\u0131 bu felaketler zincirine kar\u015f\u0131, siz okurlar\u0131m\u0131z\u0131 da ki\u015fisel karbon ayak izinizi d\u00fc\u015f\u00fcrmekten ba\u015flayarak iklim de\u011fi\u015fikli\u011fini durdurmak i\u00e7in harekete ge\u00e7meye, h\u00fck\u00fcmetleri ve Birle\u015fmi\u015f Milletleri ise aktivistlerin ve sivil toplumun \u00e7\u00f6z\u00fcm \u00f6nerilerini kabul etmeye \u00e7a\u011f\u0131r\u0131yoruz.<\/p>\n","protected":false},"excerpt":{"rendered":"<p>K\u00fcresel iklim de\u011fi\u015fikli\u011fi, her ge\u00e7en y\u0131l b\u00fcy\u00fcyen bir tehdit olarak kendini daha fazla hissettiriyor. \u0130klim de\u011fi\u015fikli\u011fini durdurmak \u00f6ncelikle politik m\u00fccadele yaparak m\u00fcmk\u00fcn. \u00d6te yandan sivil toplumun,<span class=\"excerpt-hellip\"> [\u2026]<\/span><\/p>\n","protected":false},"featured_media":0,"template":"","meta":{"_monsterinsights_skip_tracking":false,"_monsterinsights_sitenote_active":false,"_monsterinsights_sitenote_note":"","_monsterinsights_sitenote_category":0},"product_brand":[],"product_cat":[12365,12364],"product_tag":[],"class_list":{"0":"post-719643","1":"product","2":"type-product","3":"status-publish","5":"product_cat-diger-genel-konular","6":"product_cat-genel-konular","7":"pa_cilt-ciltsiz","8":"pa_tur-kitap","9":"pa_yayinevi-yeni-insan-yayinlari","10":"pa_yazar-devin-bahceci","12":"first","13":"instock","14":"sale","15":"shipping-taxable","16":"purchasable","17":"product-type-simple"},"_links":{"self":[{"href":"https:\/\/roveyayinevi.com.tr\/index.php\/wp-json\/wp\/v2\/product\/719643","targetHints":{"allow":["GET"]}}],"collection":[{"href":"https:\/\/roveyayinevi.com.tr\/index.php\/wp-json\/wp\/v2\/product"}],"about":[{"href":"https:\/\/roveyayinevi.com.tr\/index.php\/wp-json\/wp\/v2\/types\/product"}],"wp:attachment":[{"href":"https:\/\/roveyayinevi.com.tr\/index.php\/wp-json\/wp\/v2\/media?parent=719643"}],"wp:term":[{"taxonomy":"product_brand","embeddable":true,"href":"https:\/\/roveyayinevi.com.tr\/index.php\/wp-json\/wp\/v2\/product_brand?post=719643"},{"taxonomy":"product_cat","embeddable":true,"href":"https:\/\/roveyayinevi.com.tr\/index.php\/wp-json\/wp\/v2\/product_cat?post=719643"},{"taxonomy":"product_tag","embeddable":true,"href":"https:\/\/roveyayinevi.com.tr\/index.php\/wp-json\/wp\/v2\/product_tag?post=719643"}],"curies":[{"name":"wp","href":"https:\/\/api.w.org\/{rel}","templated":true}]}}