{"id":719640,"date":"2025-08-27T18:25:00","date_gmt":"2025-08-27T15:25:00","guid":{"rendered":"https:\/\/roveyayinevi.com.tr\/index.php\/urun\/balyozla-balik-avi\/"},"modified":"2026-04-16T02:27:39","modified_gmt":"2026-04-15T23:27:39","slug":"balyozla-balik-avi","status":"publish","type":"product","link":"https:\/\/roveyayinevi.com.tr\/index.php\/urun\/balyozla-balik-avi\/","title":{"rendered":"Balyozla Bal\u0131k Av\u0131"},"content":{"rendered":"<p>Her ac\u0131n\u0131n, h\u0131rs\u0131n, beklentinin, arzunun, y\u0131prat\u0131c\u0131 d\u00fc\u015flerin yorulup solu\u011funu t\u00fcketece\u011fi bir nokta vard\u0131r ve ben oraya varmak istiyorum. Bunun i\u00e7in her \u015feye katlanaca\u011f\u0131m. \u00c7\u00fcnk\u00fc arad\u0131\u011f\u0131m huzur orada.Balyozla Bal\u0131k Av\u0131; Sedat Simavi, Erdal \u00d6z, Ya\u015far Nabi Nay\u0131r ve Sait Faik gibi \u00f6d\u00fcllerin sahibi usta yazar\u0131n yeni \u00f6yk\u00fclerini bir araya getiriyor. Beklenmedik rastlant\u0131lar\u0131, t\u00fcm bir ge\u00e7mi\u015fe \u0131\u015f\u0131\u011f\u0131n\u0131 d\u00fc\u015f\u00fcren tuhaf kar\u015f\u0131la\u015fmalar\u0131, k\u00e2buslar\u0131, hat\u0131rlamalar\u0131, ayd\u0131nlanmalar\u0131, abs\u00fcrdl\u00fckleri ve h\u00fcsranla sonlanan aray\u0131\u015flar\u0131 anlatan \u00f6yk\u00fcler, hayata hik\u00e2yelerin penceresinden bakan Cemil Kavuk\u00e7u\u2019nun i\u00e7g\u00f6r\u00fcs\u00fc ve yal\u0131n \u00fcslubuyla par\u0131ld\u0131yor.<\/p>\n","protected":false},"excerpt":{"rendered":"<p>Her ac\u0131n\u0131n, h\u0131rs\u0131n, beklentinin, arzunun, y\u0131prat\u0131c\u0131 d\u00fc\u015flerin yorulup solu\u011funu t\u00fcketece\u011fi bir nokta vard\u0131r ve ben oraya varmak istiyorum. Bunun i\u00e7in her \u015feye katlanaca\u011f\u0131m. \u00c7\u00fcnk\u00fc arad\u0131\u011f\u0131m huzur<span class=\"excerpt-hellip\"> [\u2026]<\/span><\/p>\n","protected":false},"featured_media":0,"template":"","meta":{"_monsterinsights_skip_tracking":false,"_monsterinsights_sitenote_active":false,"_monsterinsights_sitenote_note":"","_monsterinsights_sitenote_category":0},"product_brand":[],"product_cat":[12291,12711],"product_tag":[],"class_list":{"0":"post-719640","1":"product","2":"type-product","3":"status-publish","5":"product_cat-edebiyat","6":"product_cat-roman-oyku","7":"pa_cilt-ciltsiz","8":"pa_tur-kitap","9":"pa_yayinevi-can-yayinlari","10":"pa_yazar-cemil-kavukcu","12":"first","13":"instock","14":"sale","15":"shipping-taxable","16":"purchasable","17":"product-type-simple"},"_links":{"self":[{"href":"https:\/\/roveyayinevi.com.tr\/index.php\/wp-json\/wp\/v2\/product\/719640","targetHints":{"allow":["GET"]}}],"collection":[{"href":"https:\/\/roveyayinevi.com.tr\/index.php\/wp-json\/wp\/v2\/product"}],"about":[{"href":"https:\/\/roveyayinevi.com.tr\/index.php\/wp-json\/wp\/v2\/types\/product"}],"wp:attachment":[{"href":"https:\/\/roveyayinevi.com.tr\/index.php\/wp-json\/wp\/v2\/media?parent=719640"}],"wp:term":[{"taxonomy":"product_brand","embeddable":true,"href":"https:\/\/roveyayinevi.com.tr\/index.php\/wp-json\/wp\/v2\/product_brand?post=719640"},{"taxonomy":"product_cat","embeddable":true,"href":"https:\/\/roveyayinevi.com.tr\/index.php\/wp-json\/wp\/v2\/product_cat?post=719640"},{"taxonomy":"product_tag","embeddable":true,"href":"https:\/\/roveyayinevi.com.tr\/index.php\/wp-json\/wp\/v2\/product_tag?post=719640"}],"curies":[{"name":"wp","href":"https:\/\/api.w.org\/{rel}","templated":true}]}}