{"id":719639,"date":"2025-08-27T18:24:59","date_gmt":"2025-08-27T15:24:59","guid":{"rendered":"https:\/\/roveyayinevi.com.tr\/index.php\/urun\/ay-eskir-gun-isirken\/"},"modified":"2026-04-16T02:27:39","modified_gmt":"2026-04-15T23:27:39","slug":"ay-eskir-gun-isirken","status":"publish","type":"product","link":"https:\/\/roveyayinevi.com.tr\/index.php\/urun\/ay-eskir-gun-isirken\/","title":{"rendered":"Ay Eskir G\u00fcn I\u015f\u0131rken"},"content":{"rendered":"<p>Anlatman\u0131n tam zaman\u0131yd\u0131; o kadar sustuktan sonra, ba\u015fka konularda konu\u015farak \u00f6rtt\u00fc\u011f\u00fc suskunlu\u011funu bozmak i\u00e7in zaman idealdi, ona hissettirdi\u011fim g\u00fcvenin, cesaretin ya da tam tersi korkunun etkisiyle, kim bilir belki de damla kendini tamamlam\u0131\u015f, damlamak istiyordu art\u0131k.Farkl\u0131 zaman dilimlerinde ya\u015fananlar aras\u0131ndaki derin ba\u011flar irdeleniyor bu \u00f6yk\u00fclerde. S\u00f6zgelimi Cumhuriyet\u2019in ilk y\u0131llar\u0131nda bireylerin ya\u015fad\u0131\u011f\u0131 heyecan, Denizlerin as\u0131lmas\u0131 ya da g\u00fcn\u00fcm\u00fczde ya\u015fanan b\u00fcy\u00fck travmalar, bazen de beklenmedik kar\u015f\u0131la\u015fmalar birbirini takip ediyor. Karakterler kimi zaman ge\u00e7mi\u015fin y\u00fck\u00fcyle ba\u015f etmeye \u00e7al\u0131\u015f\u0131yor, kimi zaman yazarak ya\u015fad\u0131klar\u0131na anlam vermeye u\u011fra\u015f\u0131yor, kimi zaman da telafisi olmayan ac\u0131lara katlanmaya, hatta zifir\u00ee karanl\u0131\u011fa bakmaya zorlan\u0131yor. B\u00f6ylece \u00fcst \u00fcste gelen ya da halka halka geni\u015fleyerek \u015fimdide yank\u0131lanan, asla yitip gitmeyen zaman\u0131n izi s\u00fcr\u00fcl\u00fcyor.Fadime Uslu, hafiflik ve a\u011f\u0131rl\u0131k, ya\u015fam ve \u00f6l\u00fcm, ge\u00e7mi\u015f ve bug\u00fcn, yabani do\u011fa ve kent ya\u015fant\u0131s\u0131 gibi kar\u015f\u0131tl\u0131klarla \u00f6rd\u00fc\u011f\u00fc \u00f6yk\u00fclerinde zaman\u0131n m\u00fczi\u011fini yakalama u\u011fra\u015f\u0131nda. Bununla birlikte kitlelere a\u015f\u0131lanan korkuya inatla direnen, ger\u00e7e\u011fin pe\u015findeki insanlar\u0131 anlatmaktan asla geri durmuyor.  Ay Eskir G\u00fcn I\u015f\u0131rken\u2019deki \u00f6yk\u00fcler \u2013ve \u00f6yk\u00fc i\u00e7indeki \u00f6yk\u00fcler\u2013 \u00e7ok katmanl\u0131 anlat\u0131m\u0131 ve alabildi\u011fine duyarl\u0131 yakla\u015f\u0131m\u0131yla \u00f6ne \u00e7\u0131k\u0131yor.<\/p>\n","protected":false},"excerpt":{"rendered":"<p>Anlatman\u0131n tam zaman\u0131yd\u0131; o kadar sustuktan sonra, ba\u015fka konularda konu\u015farak \u00f6rtt\u00fc\u011f\u00fc suskunlu\u011funu bozmak i\u00e7in zaman idealdi, ona hissettirdi\u011fim g\u00fcvenin, cesaretin ya da tam tersi korkunun etkisiyle,<span class=\"excerpt-hellip\"> [\u2026]<\/span><\/p>\n","protected":false},"featured_media":0,"template":"","meta":{"_monsterinsights_skip_tracking":false,"_monsterinsights_sitenote_active":false,"_monsterinsights_sitenote_note":"","_monsterinsights_sitenote_category":0},"product_brand":[],"product_cat":[12291,12711],"product_tag":[],"class_list":{"0":"post-719639","1":"product","2":"type-product","3":"status-publish","5":"product_cat-edebiyat","6":"product_cat-roman-oyku","7":"pa_cilt-ciltsiz","8":"pa_tur-kitap","9":"pa_yayinevi-can-yayinlari","10":"pa_yazar-fadime-uslu","12":"first","13":"instock","14":"sale","15":"shipping-taxable","16":"purchasable","17":"product-type-simple"},"_links":{"self":[{"href":"https:\/\/roveyayinevi.com.tr\/index.php\/wp-json\/wp\/v2\/product\/719639","targetHints":{"allow":["GET"]}}],"collection":[{"href":"https:\/\/roveyayinevi.com.tr\/index.php\/wp-json\/wp\/v2\/product"}],"about":[{"href":"https:\/\/roveyayinevi.com.tr\/index.php\/wp-json\/wp\/v2\/types\/product"}],"wp:attachment":[{"href":"https:\/\/roveyayinevi.com.tr\/index.php\/wp-json\/wp\/v2\/media?parent=719639"}],"wp:term":[{"taxonomy":"product_brand","embeddable":true,"href":"https:\/\/roveyayinevi.com.tr\/index.php\/wp-json\/wp\/v2\/product_brand?post=719639"},{"taxonomy":"product_cat","embeddable":true,"href":"https:\/\/roveyayinevi.com.tr\/index.php\/wp-json\/wp\/v2\/product_cat?post=719639"},{"taxonomy":"product_tag","embeddable":true,"href":"https:\/\/roveyayinevi.com.tr\/index.php\/wp-json\/wp\/v2\/product_tag?post=719639"}],"curies":[{"name":"wp","href":"https:\/\/api.w.org\/{rel}","templated":true}]}}