{"id":719636,"date":"2025-08-27T18:24:57","date_gmt":"2025-08-27T15:24:57","guid":{"rendered":"https:\/\/roveyayinevi.com.tr\/index.php\/urun\/tyt-biyoloji-atak-soru-bankasi\/"},"modified":"2026-04-05T02:32:39","modified_gmt":"2026-04-04T23:32:39","slug":"tyt-biyoloji-atak-soru-bankasi","status":"publish","type":"product","link":"https:\/\/roveyayinevi.com.tr\/index.php\/urun\/tyt-biyoloji-atak-soru-bankasi\/","title":{"rendered":"TYT Biyoloji Atak Soru Bankas\u0131"},"content":{"rendered":"<p>Sevgili \u00d6\u011frenciler,Deneyimli uzman \u00f6\u011fretmen-yazar kadromuzun haz\u0131rlad\u0131\u011f\u0131 bu kitap, s\u0131nav sistemindeki yeni nesil soru tarz\u0131 ve m\u00fcfredat programlar\u0131ndaki son de\u011fi\u015fikliklere uygundur.Titiz bir \u00e7al\u0131\u015fman\u0131n \u00fcr\u00fcn\u00fc olan kitab\u0131m\u0131z\u0131n siz de\u011ferli \u00f6\u011frencilerimize faydal\u0131 olmas\u0131n\u0131 umuyor, girece\u011finiz t\u00fcm s\u0131navlarda ba\u015far\u0131lar diliyoruz.Bunlar\u0131 hat\u0131rla: B\u00f6l\u00fcm ba\u015flar\u0131nda tan\u0131m, form\u00fcl, kural ve g\u00f6rselleri i\u00e7eren \u00f6zet bilgiler verdik.Yeni nesil sorular: \u00d6SYM\u2019nin son y\u0131llarda, TYT &#8211; AYT s\u0131navlar\u0131nda sordu\u011fu yorum g\u00fcc\u00fcne dayal\u0131 sorular\u0131 \u00e7\u00f6zmenizde yard\u0131mc\u0131 olacak \u00f6zg\u00fcn yeni nesil sorular koyduk.Nas\u0131l \u00e7\u00f6z\u00fcl\u00fcr: Zorlay\u0131c\u0131 nitelikte soru tiplerine y\u00f6nelik ayr\u0131nt\u0131l\u0131 \u00e7\u00f6z\u00fcm yollar\u0131 ve teknikleri g\u00f6sterdik.Kolaydan zora testler: Soru tipini tan\u0131ma ve soru \u00e7\u00f6zme y\u00f6ntemini \u00f6\u011frenmeyi a\u015fama a\u015fama ger\u00e7ekle\u015ftiren kolaydan zora testler haz\u0131rlad\u0131k.\u0130pu\u00e7lar\u0131 ve \u00e7\u00f6zme stratejileri: Baz\u0131 soru tiplerinin alt\u0131nda, k\u00fc\u00e7\u00fck kutucuklarda farkl\u0131 bak\u0131\u015f a\u00e7\u0131s\u0131 yakalaman\u0131z\u0131 sa\u011flayacak \u201cipucu ve y\u00f6nlendirme\u201d a\u00e7\u0131klamalar\u0131 yapt\u0131k.<\/p>\n","protected":false},"excerpt":{"rendered":"<p>Sevgili \u00d6\u011frenciler,Deneyimli uzman \u00f6\u011fretmen-yazar kadromuzun haz\u0131rlad\u0131\u011f\u0131 bu kitap, s\u0131nav sistemindeki yeni nesil soru tarz\u0131 ve m\u00fcfredat programlar\u0131ndaki son de\u011fi\u015fikliklere uygundur.Titiz bir \u00e7al\u0131\u015fman\u0131n \u00fcr\u00fcn\u00fc olan kitab\u0131m\u0131z\u0131n siz<span class=\"excerpt-hellip\"> [\u2026]<\/span><\/p>\n","protected":false},"featured_media":0,"template":"","meta":{"_monsterinsights_skip_tracking":false,"_monsterinsights_sitenote_active":false,"_monsterinsights_sitenote_note":"","_monsterinsights_sitenote_category":0},"product_brand":[],"product_cat":[12566,13473,64537,51999,52037,51998],"product_tag":[],"class_list":{"0":"post-719636","1":"product","2":"type-product","3":"status-publish","5":"product_cat-egitim","6":"product_cat-sinavlara-hazirlik-okula-yardimci-kaynaklar","7":"product_cat-tyt-biyoloji-soru-bankasi","8":"product_cat-tyt-kitaplari","9":"product_cat-tyt-soru-bankalari","10":"product_cat-yks-kitaplari","11":"pa_cilt-ciltsiz","12":"pa_tur-kitap","13":"pa_yayinevi-delta-kultur-yayinevi","14":"pa_yazar-umur-uludag-zeynep-uzbilek","16":"first","17":"instock","18":"sale","19":"shipping-taxable","20":"purchasable","21":"product-type-simple"},"_links":{"self":[{"href":"https:\/\/roveyayinevi.com.tr\/index.php\/wp-json\/wp\/v2\/product\/719636","targetHints":{"allow":["GET"]}}],"collection":[{"href":"https:\/\/roveyayinevi.com.tr\/index.php\/wp-json\/wp\/v2\/product"}],"about":[{"href":"https:\/\/roveyayinevi.com.tr\/index.php\/wp-json\/wp\/v2\/types\/product"}],"wp:attachment":[{"href":"https:\/\/roveyayinevi.com.tr\/index.php\/wp-json\/wp\/v2\/media?parent=719636"}],"wp:term":[{"taxonomy":"product_brand","embeddable":true,"href":"https:\/\/roveyayinevi.com.tr\/index.php\/wp-json\/wp\/v2\/product_brand?post=719636"},{"taxonomy":"product_cat","embeddable":true,"href":"https:\/\/roveyayinevi.com.tr\/index.php\/wp-json\/wp\/v2\/product_cat?post=719636"},{"taxonomy":"product_tag","embeddable":true,"href":"https:\/\/roveyayinevi.com.tr\/index.php\/wp-json\/wp\/v2\/product_tag?post=719636"}],"curies":[{"name":"wp","href":"https:\/\/api.w.org\/{rel}","templated":true}]}}