{"id":719632,"date":"2025-08-27T18:24:55","date_gmt":"2025-08-27T15:24:55","guid":{"rendered":"https:\/\/roveyayinevi.com.tr\/index.php\/urun\/yks-puf-noktalarla-dil-bilgisi-soru-bankasi\/"},"modified":"2026-04-07T02:35:59","modified_gmt":"2026-04-06T23:35:59","slug":"yks-puf-noktalarla-dil-bilgisi-soru-bankasi","status":"publish","type":"product","link":"https:\/\/roveyayinevi.com.tr\/index.php\/urun\/yks-puf-noktalarla-dil-bilgisi-soru-bankasi\/","title":{"rendered":"YKS P\u00fcf Noktalarla Dil Bilgisi Soru Bankas\u0131"},"content":{"rendered":"<p>De\u011ferli \u00f6\u011frenciler,Delta K\u00fclt\u00fcr Yay\u0131nlar\u0131 tecr\u00fcbeli kadrosuyla ve \u00e7\u0131kard\u0131\u011f\u0131 kaliteli eserlerle siz de\u011ferli \u00f6\u011frencilere her zaman destek olmaktad\u0131r.Bu kitapta sizler i\u00e7in dil bilgisi konular\u0131n\u0131 p\u00fcf noktalarla \u00f6zetleyerek kavram \u015femas\u0131 halinde haz\u0131rlad\u0131k. Bu \u00e7al\u0131\u015fmada dil bilgisi ile ilgili ihtiyac\u0131n\u0131z olan her \u015feye k\u0131sa yoldan ula\u015fman\u0131z\u0131 ve \u00f6zenle haz\u0131rlanan test sorular\u0131yla konuyu peki\u015ftirmenizi ama\u00e7lad\u0131k. Konular\u0131 ezberlemeden konunun mant\u0131\u011f\u0131n\u0131 kavraman\u0131n i\u015finizi ne kadar kolayla\u015ft\u0131rd\u0131\u011f\u0131n\u0131 g\u00f6receksiniz. \u00d6nemli olan bilmek de\u011fil bildiklerinizi uygulayabilmektir.Unutmay\u0131n ki sistemli bir \u00e7al\u0131\u015fma ba\u015far\u0131y\u0131 getirir.P\u00fcf noktalar\u0131yla kavram \u015femalar\u0131: B\u00f6l\u00fcm ba\u015flar\u0131nda tan\u0131m, kural ve \u00f6zel \u00f6\u011frenme tekniklerini i\u00e7eren \u00f6zet bilgiler verdik.Konu odakl\u0131 kavrama testleri: \u00d6SYM\u2019nin son y\u0131llarda, TYT ve AYT s\u0131navlar\u0131nda sordu\u011fu yorum g\u00fcc\u00fcne dayal\u0131 sorular\u0131 \u00e7\u00f6zmenizde yard\u0131mc\u0131 olacak \u00f6zg\u00fcn yeni nesil sorular koyduk.Peki\u015ftirme testleri: Zorlay\u0131c\u0131 nitelikte ve dikkat gerektiren sorularla konuyu peki\u015ftirmenizi ama\u00e7lad\u0131k.\u00dcnite de\u011ferlendirme testleri: Soru tipini tan\u0131ma ve soru \u00e7\u00f6zme y\u00f6ntemini \u00f6\u011frenmeyi a\u015fama a\u015fama ger\u00e7ekle\u015ftiren kolaydan zora testler haz\u0131rlad\u0131k.<\/p>\n","protected":false},"excerpt":{"rendered":"<p>De\u011ferli \u00f6\u011frenciler,Delta K\u00fclt\u00fcr Yay\u0131nlar\u0131 tecr\u00fcbeli kadrosuyla ve \u00e7\u0131kard\u0131\u011f\u0131 kaliteli eserlerle siz de\u011ferli \u00f6\u011frencilere her zaman destek olmaktad\u0131r.Bu kitapta sizler i\u00e7in dil bilgisi konular\u0131n\u0131 p\u00fcf noktalarla \u00f6zetleyerek<span class=\"excerpt-hellip\"> [\u2026]<\/span><\/p>\n","protected":false},"featured_media":0,"template":"","meta":{"_monsterinsights_skip_tracking":false,"_monsterinsights_sitenote_active":false,"_monsterinsights_sitenote_note":"","_monsterinsights_sitenote_category":0},"product_brand":[],"product_cat":[12566,13473],"product_tag":[],"class_list":{"0":"post-719632","1":"product","2":"type-product","3":"status-publish","5":"product_cat-egitim","6":"product_cat-sinavlara-hazirlik-okula-yardimci-kaynaklar","7":"pa_cilt-ciltsiz","8":"pa_tur-kitap","9":"pa_yayinevi-delta-kultur-yayinevi","10":"pa_yazar-ilgi-tuzkaya","12":"first","13":"instock","14":"sale","15":"shipping-taxable","16":"purchasable","17":"product-type-simple"},"_links":{"self":[{"href":"https:\/\/roveyayinevi.com.tr\/index.php\/wp-json\/wp\/v2\/product\/719632","targetHints":{"allow":["GET"]}}],"collection":[{"href":"https:\/\/roveyayinevi.com.tr\/index.php\/wp-json\/wp\/v2\/product"}],"about":[{"href":"https:\/\/roveyayinevi.com.tr\/index.php\/wp-json\/wp\/v2\/types\/product"}],"wp:attachment":[{"href":"https:\/\/roveyayinevi.com.tr\/index.php\/wp-json\/wp\/v2\/media?parent=719632"}],"wp:term":[{"taxonomy":"product_brand","embeddable":true,"href":"https:\/\/roveyayinevi.com.tr\/index.php\/wp-json\/wp\/v2\/product_brand?post=719632"},{"taxonomy":"product_cat","embeddable":true,"href":"https:\/\/roveyayinevi.com.tr\/index.php\/wp-json\/wp\/v2\/product_cat?post=719632"},{"taxonomy":"product_tag","embeddable":true,"href":"https:\/\/roveyayinevi.com.tr\/index.php\/wp-json\/wp\/v2\/product_tag?post=719632"}],"curies":[{"name":"wp","href":"https:\/\/api.w.org\/{rel}","templated":true}]}}