{"id":719630,"date":"2025-08-27T18:24:53","date_gmt":"2025-08-27T15:24:53","guid":{"rendered":"https:\/\/roveyayinevi.com.tr\/index.php\/urun\/mutluluk-virusu\/"},"modified":"2026-04-03T02:34:03","modified_gmt":"2026-04-02T23:34:03","slug":"mutluluk-virusu","status":"publish","type":"product","link":"https:\/\/roveyayinevi.com.tr\/index.php\/urun\/mutluluk-virusu\/","title":{"rendered":"Mutluluk Vir\u00fcs\u00fc"},"content":{"rendered":"<p>Ya\u015fam uzun soluklu bir ser\u00fcven&#8230;Eminim ba\u015farmak ve mutlu olmak i\u00e7in yap\u0131yorsun her \u015feyi&#8230;Oysa ba\u015far\u0131 hi\u00e7bir zaman tek ba\u015f\u0131na mutluluk getirmez. Hayallerine ula\u015fm\u0131\u015f nice mutsuzlar var bu diyarda ama de\u011fil mi?O halde i\u015fin s\u0131rr\u0131 nerede?Tabii ki mutlu olmay\u0131 se\u00e7mekte!Yeter ki karar\u0131n\u0131 ver!Her an bir yerden ba\u015flamak m\u00fcmk\u00fcn&#8230;Mesela bu kitapta bir vir\u00fcs var.Mutluluk vir\u00fcs\u00fc&#8230;\u00dcstelik h\u0131zla bula\u015f\u0131yor.Tabii ki bunun i\u00e7in \u00f6zenle izlenmesi gereken birtak\u0131m teknikler var&#8230; Seni mutlu olmaktan al\u0131koyan, geli\u015fimini sabote eden, ritmini bozan fakt\u00f6rlere ula\u015fmak gerekir de\u011fil mi? O halde \u201cEnkaz\u0131n kara kutusuna ula\u015fal\u0131m!\u201d derim.B\u00fcnyesine g\u00fcvenen bize kat\u0131ls\u0131n. Kara kutu a\u00e7\u0131l\u0131yor!Mutluluk vir\u00fcs\u00fc kapmak an meselesi&#8230;<\/p>\n","protected":false},"excerpt":{"rendered":"<p>Ya\u015fam uzun soluklu bir ser\u00fcven&#8230;Eminim ba\u015farmak ve mutlu olmak i\u00e7in yap\u0131yorsun her \u015feyi&#8230;Oysa ba\u015far\u0131 hi\u00e7bir zaman tek ba\u015f\u0131na mutluluk getirmez. Hayallerine ula\u015fm\u0131\u015f nice mutsuzlar var bu<span class=\"excerpt-hellip\"> [\u2026]<\/span><\/p>\n","protected":false},"featured_media":0,"template":"","meta":{"_monsterinsights_skip_tracking":false,"_monsterinsights_sitenote_active":false,"_monsterinsights_sitenote_note":"","_monsterinsights_sitenote_category":0},"product_brand":[],"product_cat":[12364,12376],"product_tag":[],"class_list":{"0":"post-719630","1":"product","2":"type-product","3":"status-publish","5":"product_cat-genel-konular","6":"product_cat-kisisel-gelisim","7":"pa_cilt-ciltsiz","8":"pa_tur-kitap","9":"pa_yayinevi-destek-yayinlari","10":"pa_yazar-hale-caneroglu","12":"first","13":"instock","14":"sale","15":"shipping-taxable","16":"purchasable","17":"product-type-simple"},"_links":{"self":[{"href":"https:\/\/roveyayinevi.com.tr\/index.php\/wp-json\/wp\/v2\/product\/719630","targetHints":{"allow":["GET"]}}],"collection":[{"href":"https:\/\/roveyayinevi.com.tr\/index.php\/wp-json\/wp\/v2\/product"}],"about":[{"href":"https:\/\/roveyayinevi.com.tr\/index.php\/wp-json\/wp\/v2\/types\/product"}],"wp:attachment":[{"href":"https:\/\/roveyayinevi.com.tr\/index.php\/wp-json\/wp\/v2\/media?parent=719630"}],"wp:term":[{"taxonomy":"product_brand","embeddable":true,"href":"https:\/\/roveyayinevi.com.tr\/index.php\/wp-json\/wp\/v2\/product_brand?post=719630"},{"taxonomy":"product_cat","embeddable":true,"href":"https:\/\/roveyayinevi.com.tr\/index.php\/wp-json\/wp\/v2\/product_cat?post=719630"},{"taxonomy":"product_tag","embeddable":true,"href":"https:\/\/roveyayinevi.com.tr\/index.php\/wp-json\/wp\/v2\/product_tag?post=719630"}],"curies":[{"name":"wp","href":"https:\/\/api.w.org\/{rel}","templated":true}]}}