{"id":719628,"date":"2025-08-27T18:24:17","date_gmt":"2025-08-27T15:24:17","guid":{"rendered":"https:\/\/roveyayinevi.com.tr\/index.php\/urun\/aleviler-vardir\/"},"modified":"2026-04-16T02:27:38","modified_gmt":"2026-04-15T23:27:38","slug":"aleviler-vardir","status":"publish","type":"product","link":"https:\/\/roveyayinevi.com.tr\/index.php\/urun\/aleviler-vardir\/","title":{"rendered":"Aleviler Vard\u0131r"},"content":{"rendered":"<p>Aleviler Vard\u0131r!,S\u00fcleymanc\u0131lar tarikat\u0131 i\u00e7erisinde yeti\u015ftikten sonra Alevili\u011fini ke\u015ffedip asimilasyona sava\u015f a\u00e7an bir yazar\u0131n an\u0131 ve analizlerinden olu\u015fan s\u0131ra d\u0131\u015f\u0131 bir kitap!\u201cBenim yaz\u0131 ser\u00fcvenim uzun s\u00fcre \u0130slami tarikatlar i\u00e7erisinde kalan biri olarak, Alevi kimli\u011fine hor bakanlara, onu yetersiz bir kimlik, inan\u0131\u015fm\u0131\u015f\u00e7as\u0131na S\u00fcnni ibadet ve inan\u00e7larla takviye etmeye kalkanlara, Alevilerin asimile edilmesine bir tepki olarak ba\u015flad\u0131. Belli bir bilin\u00e7lenmeye e\u011fitim yoluyla ula\u015ft\u0131ktan sonra S\u00fcnni M\u00fcsl\u00fcman kimli\u011fine s\u0131\u011famad\u0131m ve Alevi kimli\u011fimin de etkisi ile bu kesimle yollar\u0131m\u0131 ay\u0131rd\u0131m.Do\u011fal olarak bu a\u015famaya gelmemde y\u0131llarca bu kesimler aras\u0131nda ya\u015farken, zaman zaman Alevi k\u00f6kenli biri oldu\u011fumu \u00f6\u011frenen \u00e7evremdekiler \u00e7o\u011fu zaman Alevilere y\u00f6nelik iyi \u015feyler s\u00f6ylemediler. A\u00e7\u0131k\u00e7a \u00e7o\u011fu zaman d\u0131\u015fland\u0131m, horland\u0131m ve kimli\u011fim hakk\u0131nda bilinen iftiralar her seferinde tekrarland\u0131. \u0130\u015fte bunlar onlarla yollar\u0131m\u0131 ay\u0131rmamda etkili oldu&#8230;\u201d<\/p>\n","protected":false},"excerpt":{"rendered":"<p>Aleviler Vard\u0131r!,S\u00fcleymanc\u0131lar tarikat\u0131 i\u00e7erisinde yeti\u015ftikten sonra Alevili\u011fini ke\u015ffedip asimilasyona sava\u015f a\u00e7an bir yazar\u0131n an\u0131 ve analizlerinden olu\u015fan s\u0131ra d\u0131\u015f\u0131 bir kitap!\u201cBenim yaz\u0131 ser\u00fcvenim uzun s\u00fcre \u0130slami<span class=\"excerpt-hellip\"> [\u2026]<\/span><\/p>\n","protected":false},"featured_media":0,"template":"","meta":{"_monsterinsights_skip_tracking":false,"_monsterinsights_sitenote_active":false,"_monsterinsights_sitenote_note":"","_monsterinsights_sitenote_category":0},"product_brand":[],"product_cat":[13575,12718,12719],"product_tag":[],"class_list":{"0":"post-719628","1":"product","2":"type-product","3":"status-publish","5":"product_cat-alevilik-bektasilik","6":"product_cat-din","7":"product_cat-islam","8":"pa_cilt-ciltsiz","9":"pa_tur-kitap","10":"pa_yayinevi-nika-yayinevi","11":"pa_yazar-huseyin-demirtas","13":"first","14":"instock","15":"sale","16":"shipping-taxable","17":"purchasable","18":"product-type-simple"},"_links":{"self":[{"href":"https:\/\/roveyayinevi.com.tr\/index.php\/wp-json\/wp\/v2\/product\/719628","targetHints":{"allow":["GET"]}}],"collection":[{"href":"https:\/\/roveyayinevi.com.tr\/index.php\/wp-json\/wp\/v2\/product"}],"about":[{"href":"https:\/\/roveyayinevi.com.tr\/index.php\/wp-json\/wp\/v2\/types\/product"}],"wp:attachment":[{"href":"https:\/\/roveyayinevi.com.tr\/index.php\/wp-json\/wp\/v2\/media?parent=719628"}],"wp:term":[{"taxonomy":"product_brand","embeddable":true,"href":"https:\/\/roveyayinevi.com.tr\/index.php\/wp-json\/wp\/v2\/product_brand?post=719628"},{"taxonomy":"product_cat","embeddable":true,"href":"https:\/\/roveyayinevi.com.tr\/index.php\/wp-json\/wp\/v2\/product_cat?post=719628"},{"taxonomy":"product_tag","embeddable":true,"href":"https:\/\/roveyayinevi.com.tr\/index.php\/wp-json\/wp\/v2\/product_tag?post=719628"}],"curies":[{"name":"wp","href":"https:\/\/api.w.org\/{rel}","templated":true}]}}