{"id":719626,"date":"2025-08-27T18:24:15","date_gmt":"2025-08-27T15:24:15","guid":{"rendered":"https:\/\/roveyayinevi.com.tr\/index.php\/urun\/osman-gazi-3\/"},"modified":"2026-04-16T02:27:38","modified_gmt":"2026-04-15T23:27:38","slug":"osman-gazi-3","status":"publish","type":"product","link":"https:\/\/roveyayinevi.com.tr\/index.php\/urun\/osman-gazi-3\/","title":{"rendered":"Osman Gazi"},"content":{"rendered":"<p>Mo\u011follar\u0131n amans\u0131z ak\u0131nlar\u0131na dayanamayan Sel\u00e7uklu \u0130mparatorlu\u011fu da\u011f\u0131lm\u0131\u015ft\u0131. Y\u00fczlerce y\u0131l s\u00fcren g\u00f6\u00e7 yolculu\u011funda Anadolu\u2019yu yurt edinmi\u015f olan T\u00fcrk halk\u0131n\u0131n umutlar\u0131 da devlet nizam\u0131yla birlikte y\u0131k\u0131lm\u0131\u015ft\u0131.Bir kahraman bekleniyordu Anadolu\u2019da birli\u011fi yeniden kuracak, bir sancak bekleniyordu nizam\u0131 yeniden sa\u011flayacak. S\u00f6\u011f\u00fct Ovas\u0131\u2019nda at ko\u015fturan bir \u00e7ocu\u011fun ataca\u011f\u0131 temellerin \u00fczerinde y\u00fckselecek devlet, umut oldu \u00f6nce Anadolu halk\u0131na sonra t\u00fcm mazlumlara.\u201cEy o\u011ful! \u0130nsan\u0131 ya\u015fat ki devlet ya\u015fas\u0131n.\u201d diyen hocas\u0131 \u015eeyh Edebali\u2019nin s\u00f6z\u00fcn\u00fc dinlemi\u015fti Osman Gazi ve \u00fc\u00e7 k\u0131tada y\u00fczlerce y\u0131l h\u00fck\u00fcm s\u00fcrm\u00fc\u015ft\u00fc devleti.<\/p>\n","protected":false},"excerpt":{"rendered":"<p>Mo\u011follar\u0131n amans\u0131z ak\u0131nlar\u0131na dayanamayan Sel\u00e7uklu \u0130mparatorlu\u011fu da\u011f\u0131lm\u0131\u015ft\u0131. Y\u00fczlerce y\u0131l s\u00fcren g\u00f6\u00e7 yolculu\u011funda Anadolu\u2019yu yurt edinmi\u015f olan T\u00fcrk halk\u0131n\u0131n umutlar\u0131 da devlet nizam\u0131yla birlikte y\u0131k\u0131lm\u0131\u015ft\u0131.Bir kahraman bekleniyordu<span class=\"excerpt-hellip\"> [\u2026]<\/span><\/p>\n","protected":false},"featured_media":0,"template":"","meta":{"_monsterinsights_skip_tracking":false,"_monsterinsights_sitenote_active":false,"_monsterinsights_sitenote_note":"","_monsterinsights_sitenote_category":0},"product_brand":[],"product_cat":[12291,12745],"product_tag":[],"class_list":{"0":"post-719626","1":"product","2":"type-product","3":"status-publish","5":"product_cat-edebiyat","6":"product_cat-tarihi-roman","7":"pa_cilt-ciltsiz","8":"pa_tur-kitap","9":"pa_yayinevi-yediveren-yayinlari","10":"pa_yazar-muzaffer-kadiroglu","12":"first","13":"instock","14":"sale","15":"shipping-taxable","16":"purchasable","17":"product-type-simple"},"_links":{"self":[{"href":"https:\/\/roveyayinevi.com.tr\/index.php\/wp-json\/wp\/v2\/product\/719626","targetHints":{"allow":["GET"]}}],"collection":[{"href":"https:\/\/roveyayinevi.com.tr\/index.php\/wp-json\/wp\/v2\/product"}],"about":[{"href":"https:\/\/roveyayinevi.com.tr\/index.php\/wp-json\/wp\/v2\/types\/product"}],"wp:attachment":[{"href":"https:\/\/roveyayinevi.com.tr\/index.php\/wp-json\/wp\/v2\/media?parent=719626"}],"wp:term":[{"taxonomy":"product_brand","embeddable":true,"href":"https:\/\/roveyayinevi.com.tr\/index.php\/wp-json\/wp\/v2\/product_brand?post=719626"},{"taxonomy":"product_cat","embeddable":true,"href":"https:\/\/roveyayinevi.com.tr\/index.php\/wp-json\/wp\/v2\/product_cat?post=719626"},{"taxonomy":"product_tag","embeddable":true,"href":"https:\/\/roveyayinevi.com.tr\/index.php\/wp-json\/wp\/v2\/product_tag?post=719626"}],"curies":[{"name":"wp","href":"https:\/\/api.w.org\/{rel}","templated":true}]}}