{"id":719624,"date":"2025-08-27T18:24:14","date_gmt":"2025-08-27T15:24:14","guid":{"rendered":"https:\/\/roveyayinevi.com.tr\/index.php\/urun\/son-cocuklar\/"},"modified":"2026-04-16T02:27:38","modified_gmt":"2026-04-15T23:27:38","slug":"son-cocuklar","status":"publish","type":"product","link":"https:\/\/roveyayinevi.com.tr\/index.php\/urun\/son-cocuklar\/","title":{"rendered":"Son \u00c7ocuklar"},"content":{"rendered":"<p>\u00c7ocuklara K\u0131ymay\u0131n Efendiler!Roland, her y\u0131l anneannesiyle dedesinin ya\u015fad\u0131\u011f\u0131 \u015fehre gitmeyi iple \u00e7ekerdi. Birbirinden g\u00fczel ev yap\u0131m\u0131 yiyeceklerden yemek, sebze ve \u00e7i\u00e7ek bah\u00e7elerinde dola\u015fmak ayr\u0131 bir keyifti. Hem o \u015fehirde sevdi\u011fi pek \u00e7ok arkada\u015f\u0131 vard\u0131.Yolculuk her zamanki gibi ba\u015flad\u0131. G\u00f6ky\u00fcz\u00fc berrakt\u0131, muhte\u015fem bir yaz havas\u0131&#8230; Her \u015fey yolunda derken, \u00f6nce alev topunu and\u0131ran bir \u0131\u015f\u0131k ve ard\u0131ndan gelen f\u0131rt\u0131nayla herkesin hayat\u0131 birdenbire, saniyeler i\u00e7inde de\u011fi\u015fti.G\u00f6rd\u00fcklerinin bir atom bombas\u0131 oldu\u011funu anlamalar\u0131 uzun s\u00fcrmedi. Art\u0131k a\u00e7l\u0131kla, yoksunlukla, radyoaktif zehirlenmeyle m\u00fccadele etmek zorundayd\u0131lar. Lakin her \u015feye ra\u011fmen g\u00fc\u00e7l\u00fc olmal\u0131yd\u0131lar; \u00e7\u00fcnk\u00fc onlar son \u00e7ocuklard\u0131&#8230;Son \u00c7ocuklar; bug\u00fcne de\u011fin ho\u015fg\u00f6r\u00fc ve bar\u0131\u015f \u00fczerine yaz\u0131lm\u0131\u015f en etkileyici romanlardan biri&#8230; Bir modern klasik&#8230;<\/p>\n","protected":false},"excerpt":{"rendered":"<p>\u00c7ocuklara K\u0131ymay\u0131n Efendiler!Roland, her y\u0131l anneannesiyle dedesinin ya\u015fad\u0131\u011f\u0131 \u015fehre gitmeyi iple \u00e7ekerdi. Birbirinden g\u00fczel ev yap\u0131m\u0131 yiyeceklerden yemek, sebze ve \u00e7i\u00e7ek bah\u00e7elerinde dola\u015fmak ayr\u0131 bir keyifti.<span class=\"excerpt-hellip\"> [\u2026]<\/span><\/p>\n","protected":false},"featured_media":0,"template":"","meta":{"_monsterinsights_skip_tracking":false,"_monsterinsights_sitenote_active":false,"_monsterinsights_sitenote_note":"","_monsterinsights_sitenote_category":0},"product_brand":[],"product_cat":[12275,12274],"product_tag":[],"class_list":{"0":"post-719624","1":"product","2":"type-product","3":"status-publish","5":"product_cat-6-12-yas-kitaplari","6":"product_cat-cocuk-ve-genclik-kitaplari","7":"pa_cilt-ciltsiz","8":"pa_tur-kitap","9":"pa_yayinevi-cizmeli-kedi-yayinlari","10":"pa_yazar-gudrun-pausewang","12":"first","13":"instock","14":"sale","15":"shipping-taxable","16":"purchasable","17":"product-type-simple"},"_links":{"self":[{"href":"https:\/\/roveyayinevi.com.tr\/index.php\/wp-json\/wp\/v2\/product\/719624","targetHints":{"allow":["GET"]}}],"collection":[{"href":"https:\/\/roveyayinevi.com.tr\/index.php\/wp-json\/wp\/v2\/product"}],"about":[{"href":"https:\/\/roveyayinevi.com.tr\/index.php\/wp-json\/wp\/v2\/types\/product"}],"wp:attachment":[{"href":"https:\/\/roveyayinevi.com.tr\/index.php\/wp-json\/wp\/v2\/media?parent=719624"}],"wp:term":[{"taxonomy":"product_brand","embeddable":true,"href":"https:\/\/roveyayinevi.com.tr\/index.php\/wp-json\/wp\/v2\/product_brand?post=719624"},{"taxonomy":"product_cat","embeddable":true,"href":"https:\/\/roveyayinevi.com.tr\/index.php\/wp-json\/wp\/v2\/product_cat?post=719624"},{"taxonomy":"product_tag","embeddable":true,"href":"https:\/\/roveyayinevi.com.tr\/index.php\/wp-json\/wp\/v2\/product_tag?post=719624"}],"curies":[{"name":"wp","href":"https:\/\/api.w.org\/{rel}","templated":true}]}}