{"id":719622,"date":"2025-08-27T18:24:13","date_gmt":"2025-08-27T15:24:13","guid":{"rendered":"https:\/\/roveyayinevi.com.tr\/index.php\/urun\/startuplar-pazarda-turk-startuplarin-pazarlama-anlayisi\/"},"modified":"2026-04-16T02:27:38","modified_gmt":"2026-04-15T23:27:38","slug":"startuplar-pazarda-turk-startuplarin-pazarlama-anlayisi","status":"publish","type":"product","link":"https:\/\/roveyayinevi.com.tr\/index.php\/urun\/startuplar-pazarda-turk-startuplarin-pazarlama-anlayisi\/","title":{"rendered":"Startuplar Pazarda T\u00fcrk Startuplar\u0131n Pazarlama Anlay\u0131\u015f\u0131"},"content":{"rendered":"<p>1 B\u00d6L\u00dcM 1.1 Startup Nedir? Ne De\u011fildir? 1.2. Startuplarda M\u00fc\u015fteri Geli\u015ftirme ve \u00dcr\u00fcn Geli\u015ftirme S\u00fcre\u00e7leri 1.3. Startuplar\u0131n Pazara Giri\u015f Stratejileri 1.4. Startuplar\u0131n Ya\u015fam D\u00f6ng\u00fcs\u00fc 1.5. Startuplarda Yat\u0131r\u0131m S\u00fcre\u00e7leri ve Fon Kaynaklar\u0131 1.6. T\u00fcrkiye\u2019de Startup Ekosistemi 2. B\u00d6L\u00dcM 2.1. Pazarlama Kavram\u0131 ve Pazarlaman\u0131n Evrimi 2.2. Pazar Odakl\u0131l\u0131k 2.3. Pazar Odakl\u0131l\u0131k Yakla\u015f\u0131mlar\u0131 2.4. Teknoloji Odakl\u0131 Firmalarda Pazar Odakl\u0131l\u0131k 2.5. Pazar Odakl\u0131l\u0131k Sonucu Firma Performans\u0131 2.6. Firma Performans\u0131n\u0131n Bile\u015fenleri 3. B\u00d6L\u00dcM 3.1. Dijital Pazarlaman\u0131n Do\u011fu\u015fu 3.2. Web Tabanl\u0131 Pazarlama 3.3. D\u00fcnya\u2019da ve T\u00fcrkiye\u2019de Dijital Pazarlama \u0130leti\u015fim Kaynaklar\u0131 3.4. Geleneksel ve Dijital Pazarlama \u0130leti\u015fim Kanallar\u0131 3.5. Inbound Pazarlama Yani Cezbedici Pazarlama 3.6. Cezbedici (Inbound) Pazarlama Ara\u00e7lar\u0131 ve Uygulamalar\u0131 3.7. Cezbedici (Inbound) Pazarlama Metodolojisi-Hubspot Y\u00f6ntemi 3.8. Cezbedici (Inbound) Pazarlaman\u0131n Gelece\u011fi 4. B\u00d6L\u00dcM 4.1. Ara\u015ft\u0131rman\u0131n Konusu, Amac\u0131, \u00d6nemi 4.2. Ara\u015ft\u0131rman\u0131n K\u0131s\u0131tlar\u0131 4.3. Ara\u015ft\u0131rman\u0131n Modeli ve Hipotezleri 4.4. Ara\u015ft\u0131rman\u0131n Y\u00f6ntemi 4.5. Ara\u015ft\u0131rman\u0131n Bulgular\u0131 ve Analizleri <\/p>\n","protected":false},"excerpt":{"rendered":"<p>1 B\u00d6L\u00dcM 1.1 Startup Nedir? Ne De\u011fildir? 1.2. Startuplarda M\u00fc\u015fteri Geli\u015ftirme ve \u00dcr\u00fcn Geli\u015ftirme S\u00fcre\u00e7leri 1.3. Startuplar\u0131n Pazara Giri\u015f Stratejileri 1.4. Startuplar\u0131n Ya\u015fam D\u00f6ng\u00fcs\u00fc 1.5. Startuplarda<span class=\"excerpt-hellip\"> [\u2026]<\/span><\/p>\n","protected":false},"featured_media":0,"template":"","meta":{"_monsterinsights_skip_tracking":false,"_monsterinsights_sitenote_active":false,"_monsterinsights_sitenote_note":"","_monsterinsights_sitenote_category":0},"product_brand":[],"product_cat":[13043,14381],"product_tag":[],"class_list":{"0":"post-719622","1":"product","2":"type-product","3":"status-publish","5":"product_cat-ekonomi","6":"product_cat-isletme-muhasebe-maliye","7":"pa_cilt-ciltsiz","8":"pa_tur-kitap","9":"pa_yayinevi-gazi-kitabevi","10":"pa_yazar-begum-sahin","12":"first","13":"instock","14":"sale","15":"shipping-taxable","16":"purchasable","17":"product-type-simple"},"_links":{"self":[{"href":"https:\/\/roveyayinevi.com.tr\/index.php\/wp-json\/wp\/v2\/product\/719622","targetHints":{"allow":["GET"]}}],"collection":[{"href":"https:\/\/roveyayinevi.com.tr\/index.php\/wp-json\/wp\/v2\/product"}],"about":[{"href":"https:\/\/roveyayinevi.com.tr\/index.php\/wp-json\/wp\/v2\/types\/product"}],"wp:attachment":[{"href":"https:\/\/roveyayinevi.com.tr\/index.php\/wp-json\/wp\/v2\/media?parent=719622"}],"wp:term":[{"taxonomy":"product_brand","embeddable":true,"href":"https:\/\/roveyayinevi.com.tr\/index.php\/wp-json\/wp\/v2\/product_brand?post=719622"},{"taxonomy":"product_cat","embeddable":true,"href":"https:\/\/roveyayinevi.com.tr\/index.php\/wp-json\/wp\/v2\/product_cat?post=719622"},{"taxonomy":"product_tag","embeddable":true,"href":"https:\/\/roveyayinevi.com.tr\/index.php\/wp-json\/wp\/v2\/product_tag?post=719622"}],"curies":[{"name":"wp","href":"https:\/\/api.w.org\/{rel}","templated":true}]}}