{"id":719620,"date":"2025-08-27T18:24:11","date_gmt":"2025-08-27T15:24:11","guid":{"rendered":"https:\/\/roveyayinevi.com.tr\/index.php\/urun\/sakin\/"},"modified":"2026-04-16T02:27:38","modified_gmt":"2026-04-15T23:27:38","slug":"sakin","status":"publish","type":"product","link":"https:\/\/roveyayinevi.com.tr\/index.php\/urun\/sakin\/","title":{"rendered":"Sakin"},"content":{"rendered":"<p>Ko\u015fmay\u0131 b\u0131rakt\u0131\u011f\u0131m\u0131z g\u00fcn, vard\u0131\u011f\u0131m\u0131z g\u00fcn.Aramay\u0131 b\u0131rakt\u0131\u011f\u0131m\u0131z g\u00fcn, buldu\u011fumuz g\u00fcn.Konu\u015fmay\u0131 b\u0131rakt\u0131\u011f\u0131m\u0131z g\u00fcn, duydu\u011fumuz g\u00fcn. Bizim oldu\u011funu sand\u0131\u011f\u0131m\u0131z \u015feylerin hi\u00e7bir zaman ger\u00e7ekten bize ait olmad\u0131\u011f\u0131n\u0131 anlad\u0131\u011f\u0131m\u0131z g\u00fcn, art\u0131k her \u015feye sahip oldu\u011fumuz g\u00fcn.Kendimize sordu\u011fumuz t\u00fcm sorular\u0131n cevab\u0131, akl\u0131m\u0131z\u0131 sakinle\u015ftirdi\u011fimiz ve sessizce hayat\u0131 dinledi\u011fimiz anlarda sakl\u0131. Ege Soley Sakin\u2019de o de\u011ferli anlara ula\u015fman\u0131n, ya\u015fam\u0131n ak\u0131\u015f\u0131na g\u00fcvenmenin ve kendi sesini daha iyi duyman\u0131n yol haritas\u0131n\u0131 veriyor.<\/p>\n","protected":false},"excerpt":{"rendered":"<p>Ko\u015fmay\u0131 b\u0131rakt\u0131\u011f\u0131m\u0131z g\u00fcn, vard\u0131\u011f\u0131m\u0131z g\u00fcn.Aramay\u0131 b\u0131rakt\u0131\u011f\u0131m\u0131z g\u00fcn, buldu\u011fumuz g\u00fcn.Konu\u015fmay\u0131 b\u0131rakt\u0131\u011f\u0131m\u0131z g\u00fcn, duydu\u011fumuz g\u00fcn. Bizim oldu\u011funu sand\u0131\u011f\u0131m\u0131z \u015feylerin hi\u00e7bir zaman ger\u00e7ekten bize ait olmad\u0131\u011f\u0131n\u0131 anlad\u0131\u011f\u0131m\u0131z g\u00fcn, art\u0131k<span class=\"excerpt-hellip\"> [\u2026]<\/span><\/p>\n","protected":false},"featured_media":0,"template":"","meta":{"_monsterinsights_skip_tracking":false,"_monsterinsights_sitenote_active":false,"_monsterinsights_sitenote_note":"","_monsterinsights_sitenote_category":0},"product_brand":[],"product_cat":[12364,12376],"product_tag":[],"class_list":{"0":"post-719620","1":"product","2":"type-product","3":"status-publish","5":"product_cat-genel-konular","6":"product_cat-kisisel-gelisim","7":"pa_cilt-ciltsiz","8":"pa_tur-kitap","9":"pa_yayinevi-dogan-novus","10":"pa_yazar-ege-soley","12":"first","13":"instock","14":"sale","15":"shipping-taxable","16":"purchasable","17":"product-type-simple"},"_links":{"self":[{"href":"https:\/\/roveyayinevi.com.tr\/index.php\/wp-json\/wp\/v2\/product\/719620","targetHints":{"allow":["GET"]}}],"collection":[{"href":"https:\/\/roveyayinevi.com.tr\/index.php\/wp-json\/wp\/v2\/product"}],"about":[{"href":"https:\/\/roveyayinevi.com.tr\/index.php\/wp-json\/wp\/v2\/types\/product"}],"wp:attachment":[{"href":"https:\/\/roveyayinevi.com.tr\/index.php\/wp-json\/wp\/v2\/media?parent=719620"}],"wp:term":[{"taxonomy":"product_brand","embeddable":true,"href":"https:\/\/roveyayinevi.com.tr\/index.php\/wp-json\/wp\/v2\/product_brand?post=719620"},{"taxonomy":"product_cat","embeddable":true,"href":"https:\/\/roveyayinevi.com.tr\/index.php\/wp-json\/wp\/v2\/product_cat?post=719620"},{"taxonomy":"product_tag","embeddable":true,"href":"https:\/\/roveyayinevi.com.tr\/index.php\/wp-json\/wp\/v2\/product_tag?post=719620"}],"curies":[{"name":"wp","href":"https:\/\/api.w.org\/{rel}","templated":true}]}}