{"id":719616,"date":"2025-08-27T18:24:08","date_gmt":"2025-08-27T15:24:08","guid":{"rendered":"https:\/\/roveyayinevi.com.tr\/index.php\/urun\/cekirge-zehranin-harikalari\/"},"modified":"2026-04-16T02:27:38","modified_gmt":"2026-04-15T23:27:38","slug":"cekirge-zehranin-harikalari","status":"publish","type":"product","link":"https:\/\/roveyayinevi.com.tr\/index.php\/urun\/cekirge-zehranin-harikalari\/","title":{"rendered":"\u00c7ekirge Zehra&#8217;n\u0131n Harikalar\u0131"},"content":{"rendered":"<p>\u201cZekas\u0131, g\u00fczelli\u011fi, \u015fuhlu\u011fu, tatl\u0131l\u0131\u011f\u0131 ve zarafetiyle erkekleri teshir ederek bir\u00e7ok ocaklara incir diken, zab\u0131tan\u0131n elinden en ince kad\u0131n desiseleriyle kurtulan \u00c7ekirge Zehra\u2019n\u0131n canl\u0131 ve heyecanl\u0131 maceralar\u0131\u201d Erol \u00dcyepazarc\u0131\u2019n\u0131n \u00f6zenli \u00e7eviri ve notlar\u0131yla ilk defa Latin harflerine aktar\u0131ld\u0131. 42 kilo, kumral, ufak tefek ama \u00e7ok g\u00fczel, tatl\u0131, ince sesli ve i\u015fveli bir kad\u0131n olan \u00c7ekirge Zehra, \u0130ngilizce ve Frans\u0131zca bilir; Paris ve Londra\u2019da da h\u0131rs\u0131zl\u0131k ve d*land\u0131r\u0131c\u0131l\u0131k yapm\u0131\u015ft\u0131r. Tilki Leman d\u0131\u015f\u0131nda, o d\u00f6neme kadar sadece T\u00fcrk polisiyesinde de\u011fil, d\u00fcnya polisiyesinde de rastlanmayan bir antikahraman tiplemesi olan bu dessas kad\u0131n\u0131n pe\u015finde, sertaharri memuru Selim\u2019le, ilk defa 1928\u2019de ne\u015fredilen 8 hik\u00e2ye boyunca ko\u015fturaca\u011f\u0131z:1-G\u00f6ztepe Soygunu 2- O Geceden Sonra  3- B\u0131\u00e7a\u011f\u0131 Sapla! 4-Mezarl\u0131kta Hayalet 5-Denizde Bir Bo\u011fu\u015fma 6-Alt\u0131n Kupa  7-Dolap Deli\u011finden  8-\u0130ki S\u0131\u00e7ray\u0131\u015f<\/p>\n","protected":false},"excerpt":{"rendered":"<p>\u201cZekas\u0131, g\u00fczelli\u011fi, \u015fuhlu\u011fu, tatl\u0131l\u0131\u011f\u0131 ve zarafetiyle erkekleri teshir ederek bir\u00e7ok ocaklara incir diken, zab\u0131tan\u0131n elinden en ince kad\u0131n desiseleriyle kurtulan \u00c7ekirge Zehra\u2019n\u0131n canl\u0131 ve heyecanl\u0131 maceralar\u0131\u201d<span class=\"excerpt-hellip\"> [\u2026]<\/span><\/p>\n","protected":false},"featured_media":0,"template":"","meta":{"_monsterinsights_skip_tracking":false,"_monsterinsights_sitenote_active":false,"_monsterinsights_sitenote_note":"","_monsterinsights_sitenote_category":0},"product_brand":[],"product_cat":[12291,15445],"product_tag":[],"class_list":{"0":"post-719616","1":"product","2":"type-product","3":"status-publish","5":"product_cat-edebiyat","6":"product_cat-polisiye","7":"pa_cilt-ciltsiz","8":"pa_tur-kitap","9":"pa_yayinevi-otuken-nesriyat","10":"pa_yazar-peyami-safa-server-bedi","12":"first","13":"instock","14":"sale","15":"shipping-taxable","16":"purchasable","17":"product-type-simple"},"_links":{"self":[{"href":"https:\/\/roveyayinevi.com.tr\/index.php\/wp-json\/wp\/v2\/product\/719616","targetHints":{"allow":["GET"]}}],"collection":[{"href":"https:\/\/roveyayinevi.com.tr\/index.php\/wp-json\/wp\/v2\/product"}],"about":[{"href":"https:\/\/roveyayinevi.com.tr\/index.php\/wp-json\/wp\/v2\/types\/product"}],"wp:attachment":[{"href":"https:\/\/roveyayinevi.com.tr\/index.php\/wp-json\/wp\/v2\/media?parent=719616"}],"wp:term":[{"taxonomy":"product_brand","embeddable":true,"href":"https:\/\/roveyayinevi.com.tr\/index.php\/wp-json\/wp\/v2\/product_brand?post=719616"},{"taxonomy":"product_cat","embeddable":true,"href":"https:\/\/roveyayinevi.com.tr\/index.php\/wp-json\/wp\/v2\/product_cat?post=719616"},{"taxonomy":"product_tag","embeddable":true,"href":"https:\/\/roveyayinevi.com.tr\/index.php\/wp-json\/wp\/v2\/product_tag?post=719616"}],"curies":[{"name":"wp","href":"https:\/\/api.w.org\/{rel}","templated":true}]}}