{"id":719614,"date":"2025-08-27T18:24:07","date_gmt":"2025-08-27T15:24:07","guid":{"rendered":"https:\/\/roveyayinevi.com.tr\/index.php\/urun\/tatil-yaptiran-hastaliklar-eglenceli-bilgi-64\/"},"modified":"2026-04-16T02:27:38","modified_gmt":"2026-04-15T23:27:38","slug":"tatil-yaptiran-hastaliklar-eglenceli-bilgi-64","status":"publish","type":"product","link":"https:\/\/roveyayinevi.com.tr\/index.php\/urun\/tatil-yaptiran-hastaliklar-eglenceli-bilgi-64\/","title":{"rendered":"Tatil Yapt\u0131ran Hastal\u0131klar E\u011flenceli Bilgi &#8211; 64"},"content":{"rendered":"<p>Ke\u015ffetmeye merakl\u0131 m\u0131s\u0131n\u0131z? Kolera hastal\u0131\u011f\u0131 deri rengini neden mavile\u015ftirir? Bilimin tiksindirici yan\u0131n\u0131 sindirebilece\u011finizi d\u00fc\u015f\u00fcn\u00fcyorsan\u0131z okumaya devam edin. \u00c7ok tehlikeli baz\u0131 hastal\u0131klar\u0131n detaylar\u0131n\u0131 ortaya koyaca\u011f\u0131z. So\u011fuk alg\u0131nl\u0131\u011f\u0131ndan \u00e7i\u00e7ek hastal\u0131\u011f\u0131na kadar baz\u0131 hastal\u0131klara kar\u015f\u0131 v\u00fccudunuz mikroplar\u0131n sald\u0131r\u0131s\u0131na u\u011frad\u0131\u011f\u0131nda neler oldu\u011funu ara\u015ft\u0131r\u0131n. Tatil Yapt\u0131ran Hastal\u0131klar korkun\u00e7 hastal\u0131larla ilgili bilgiler, korkutucu hastal\u0131k dosyalar\u0131, \u00e7\u0131lg\u0131n karikat\u00fcrler ve k\u00fc\u00e7\u00fck testlerle dopdolu bir kitap. \u00d6\u011frenmenin bir\u00e7ok yolu var ama E\u011flenceli Bilgi gibisi yok!<\/p>\n","protected":false},"excerpt":{"rendered":"<p>Ke\u015ffetmeye merakl\u0131 m\u0131s\u0131n\u0131z? Kolera hastal\u0131\u011f\u0131 deri rengini neden mavile\u015ftirir? Bilimin tiksindirici yan\u0131n\u0131 sindirebilece\u011finizi d\u00fc\u015f\u00fcn\u00fcyorsan\u0131z okumaya devam edin. \u00c7ok tehlikeli baz\u0131 hastal\u0131klar\u0131n detaylar\u0131n\u0131 ortaya koyaca\u011f\u0131z. So\u011fuk alg\u0131nl\u0131\u011f\u0131ndan<span class=\"excerpt-hellip\"> [\u2026]<\/span><\/p>\n","protected":false},"featured_media":0,"template":"","meta":{"_monsterinsights_skip_tracking":false,"_monsterinsights_sitenote_active":false,"_monsterinsights_sitenote_note":"","_monsterinsights_sitenote_category":0},"product_brand":[],"product_cat":[12477,12364],"product_tag":[],"class_list":{"0":"post-719614","1":"product","2":"type-product","3":"status-publish","5":"product_cat-eglence-mizah","6":"product_cat-genel-konular","7":"pa_cilt-ciltsiz","8":"pa_tur-kitap","9":"pa_yayinevi-timas-yayinlari","10":"pa_yazar-nick-arnold","12":"first","13":"instock","14":"sale","15":"shipping-taxable","16":"purchasable","17":"product-type-simple"},"_links":{"self":[{"href":"https:\/\/roveyayinevi.com.tr\/index.php\/wp-json\/wp\/v2\/product\/719614","targetHints":{"allow":["GET"]}}],"collection":[{"href":"https:\/\/roveyayinevi.com.tr\/index.php\/wp-json\/wp\/v2\/product"}],"about":[{"href":"https:\/\/roveyayinevi.com.tr\/index.php\/wp-json\/wp\/v2\/types\/product"}],"wp:attachment":[{"href":"https:\/\/roveyayinevi.com.tr\/index.php\/wp-json\/wp\/v2\/media?parent=719614"}],"wp:term":[{"taxonomy":"product_brand","embeddable":true,"href":"https:\/\/roveyayinevi.com.tr\/index.php\/wp-json\/wp\/v2\/product_brand?post=719614"},{"taxonomy":"product_cat","embeddable":true,"href":"https:\/\/roveyayinevi.com.tr\/index.php\/wp-json\/wp\/v2\/product_cat?post=719614"},{"taxonomy":"product_tag","embeddable":true,"href":"https:\/\/roveyayinevi.com.tr\/index.php\/wp-json\/wp\/v2\/product_tag?post=719614"}],"curies":[{"name":"wp","href":"https:\/\/api.w.org\/{rel}","templated":true}]}}