{"id":719610,"date":"2025-08-27T18:24:05","date_gmt":"2025-08-27T15:24:05","guid":{"rendered":"https:\/\/roveyayinevi.com.tr\/index.php\/urun\/imanin-sancagi-musab-bin-umeyr\/"},"modified":"2026-04-16T02:27:38","modified_gmt":"2026-04-15T23:27:38","slug":"imanin-sancagi-musab-bin-umeyr","status":"publish","type":"product","link":"https:\/\/roveyayinevi.com.tr\/index.php\/urun\/imanin-sancagi-musab-bin-umeyr\/","title":{"rendered":"\u0130man\u0131n Sanca\u011f\u0131 Mus&#8217;ab Bin Umeyr"},"content":{"rendered":"<p>Mus&#8217;ab \u015fehirlerin anas\u0131 Mekke&#8217;de varl\u0131k i\u00e7inde y\u00fczen bir ailede d\u00fcnyaya gelmi\u015fti. \u015eehrin bu yak\u0131\u015f\u0131kl\u0131 ve narin delikanl\u0131s\u0131 \u00e7ok \u00e7etin bir zamanda peygamberlik ay\u0131n\u0131n hakikat g\u00fcne\u015finden al\u0131p sundu\u011fu iksirle nurland\u0131. \u0130man ve irfan yolunda ve hakikatin kayna\u011f\u0131 Neb\u00ee&#8217;nin ard\u0131nca ve hep dikenler \u00fczerinde y\u00fcr\u00fcd\u00fc. Yoksul d\u00fc\u015fm\u00fc\u015f olmas\u0131na ra\u011fmen, \u00f6zellikle Medine&#8217;de \u0130slam&#8217;\u0131n temellerini atmada fevkal\u00e2de hizmetleri oldu.<\/p>\n","protected":false},"excerpt":{"rendered":"<p>Mus&#8217;ab \u015fehirlerin anas\u0131 Mekke&#8217;de varl\u0131k i\u00e7inde y\u00fczen bir ailede d\u00fcnyaya gelmi\u015fti. \u015eehrin bu yak\u0131\u015f\u0131kl\u0131 ve narin delikanl\u0131s\u0131 \u00e7ok \u00e7etin bir zamanda peygamberlik ay\u0131n\u0131n hakikat g\u00fcne\u015finden al\u0131p<span class=\"excerpt-hellip\"> [\u2026]<\/span><\/p>\n","protected":false},"featured_media":0,"template":"","meta":{"_monsterinsights_skip_tracking":false,"_monsterinsights_sitenote_active":false,"_monsterinsights_sitenote_note":"","_monsterinsights_sitenote_category":0},"product_brand":[],"product_cat":[12718,18102,12719],"product_tag":[],"class_list":{"0":"post-719610","1":"product","2":"type-product","3":"status-publish","5":"product_cat-din","6":"product_cat-edebiyat-roman","7":"product_cat-islam","8":"pa_cilt-ciltsiz","9":"pa_tur-kitap","10":"pa_yayinevi-celik-yayinevi","11":"pa_yazar-ebubekir-subasi","13":"first","14":"instock","15":"sale","16":"shipping-taxable","17":"purchasable","18":"product-type-simple"},"_links":{"self":[{"href":"https:\/\/roveyayinevi.com.tr\/index.php\/wp-json\/wp\/v2\/product\/719610","targetHints":{"allow":["GET"]}}],"collection":[{"href":"https:\/\/roveyayinevi.com.tr\/index.php\/wp-json\/wp\/v2\/product"}],"about":[{"href":"https:\/\/roveyayinevi.com.tr\/index.php\/wp-json\/wp\/v2\/types\/product"}],"wp:attachment":[{"href":"https:\/\/roveyayinevi.com.tr\/index.php\/wp-json\/wp\/v2\/media?parent=719610"}],"wp:term":[{"taxonomy":"product_brand","embeddable":true,"href":"https:\/\/roveyayinevi.com.tr\/index.php\/wp-json\/wp\/v2\/product_brand?post=719610"},{"taxonomy":"product_cat","embeddable":true,"href":"https:\/\/roveyayinevi.com.tr\/index.php\/wp-json\/wp\/v2\/product_cat?post=719610"},{"taxonomy":"product_tag","embeddable":true,"href":"https:\/\/roveyayinevi.com.tr\/index.php\/wp-json\/wp\/v2\/product_tag?post=719610"}],"curies":[{"name":"wp","href":"https:\/\/api.w.org\/{rel}","templated":true}]}}