{"id":719609,"date":"2025-08-27T18:24:04","date_gmt":"2025-08-27T15:24:04","guid":{"rendered":"https:\/\/roveyayinevi.com.tr\/index.php\/urun\/aziz-sultan\/"},"modified":"2026-04-03T02:34:03","modified_gmt":"2026-04-02T23:34:03","slug":"aziz-sultan","status":"publish","type":"product","link":"https:\/\/roveyayinevi.com.tr\/index.php\/urun\/aziz-sultan\/","title":{"rendered":"Aziz Sultan"},"content":{"rendered":"<p>\u0130\u015fte gencecik ya\u015fta, \u00f6l\u00fcm\u00fcn pen\u00e7esinde olan cihan padi\u015fah\u0131 Sultan Ahmed Han\u2019\u0131n hayat\u0131n\u0131n \u00f6zeti, ya\u015fam sebebi buydu. Rabbin Ve\u00e7hi. O\u2019nu aramak. O\u2019nunla ya\u015famak. O\u2019nunla \u00f6lmek. O\u2019nunla dirilmek. Ve bu ulvi niyet, o g\u00fcne kadar e\u015fi g\u00f6r\u00fclmemi\u015f bir meyve verecek, o meyve k\u0131yamete kadar baki kalacak, y\u00fczy\u0131llar boyunca m\u00fcminlerin ruhunu doyuracakt\u0131.Bu \u00f6yk\u00fc, i\u015fte o meyvenin v\u00fccuda geli\u015finin gizli, hi\u00e7bir g\u00f6z\u00fcn g\u00f6rmedi\u011fi, hi\u00e7bir kula\u011f\u0131n i\u015fitmedi\u011fi, hi\u00e7bir dilin aktarmad\u0131\u011f\u0131, s\u0131r dolu \u00f6yk\u00fcs\u00fcd\u00fcr.  <\/p>\n","protected":false},"excerpt":{"rendered":"<p>\u0130\u015fte gencecik ya\u015fta, \u00f6l\u00fcm\u00fcn pen\u00e7esinde olan cihan padi\u015fah\u0131 Sultan Ahmed Han\u2019\u0131n hayat\u0131n\u0131n \u00f6zeti, ya\u015fam sebebi buydu. Rabbin Ve\u00e7hi. O\u2019nu aramak. O\u2019nunla ya\u015famak. O\u2019nunla \u00f6lmek. O\u2019nunla dirilmek.<span class=\"excerpt-hellip\"> [\u2026]<\/span><\/p>\n","protected":false},"featured_media":0,"template":"","meta":{"_monsterinsights_skip_tracking":false,"_monsterinsights_sitenote_active":false,"_monsterinsights_sitenote_note":"","_monsterinsights_sitenote_category":0},"product_brand":[],"product_cat":[14009,12291],"product_tag":[],"class_list":{"0":"post-719609","1":"product","2":"type-product","3":"status-publish","5":"product_cat-biyografi-otobiyografi-edebiyat","6":"product_cat-edebiyat","7":"pa_cilt-ciltsiz","8":"pa_tur-kitap","9":"pa_yayinevi-artemis-yayinlari","10":"pa_yazar-serdar-ozkan","12":"first","13":"instock","14":"sale","15":"shipping-taxable","16":"purchasable","17":"product-type-simple"},"_links":{"self":[{"href":"https:\/\/roveyayinevi.com.tr\/index.php\/wp-json\/wp\/v2\/product\/719609","targetHints":{"allow":["GET"]}}],"collection":[{"href":"https:\/\/roveyayinevi.com.tr\/index.php\/wp-json\/wp\/v2\/product"}],"about":[{"href":"https:\/\/roveyayinevi.com.tr\/index.php\/wp-json\/wp\/v2\/types\/product"}],"wp:attachment":[{"href":"https:\/\/roveyayinevi.com.tr\/index.php\/wp-json\/wp\/v2\/media?parent=719609"}],"wp:term":[{"taxonomy":"product_brand","embeddable":true,"href":"https:\/\/roveyayinevi.com.tr\/index.php\/wp-json\/wp\/v2\/product_brand?post=719609"},{"taxonomy":"product_cat","embeddable":true,"href":"https:\/\/roveyayinevi.com.tr\/index.php\/wp-json\/wp\/v2\/product_cat?post=719609"},{"taxonomy":"product_tag","embeddable":true,"href":"https:\/\/roveyayinevi.com.tr\/index.php\/wp-json\/wp\/v2\/product_tag?post=719609"}],"curies":[{"name":"wp","href":"https:\/\/api.w.org\/{rel}","templated":true}]}}