{"id":719605,"date":"2025-08-27T18:24:01","date_gmt":"2025-08-27T15:24:01","guid":{"rendered":"https:\/\/roveyayinevi.com.tr\/index.php\/urun\/cumhuriyetin-cinli-misafirleri\/"},"modified":"2026-04-16T02:27:38","modified_gmt":"2026-04-15T23:27:38","slug":"cumhuriyetin-cinli-misafirleri","status":"publish","type":"product","link":"https:\/\/roveyayinevi.com.tr\/index.php\/urun\/cumhuriyetin-cinli-misafirleri\/","title":{"rendered":"Cumhuriyet&#8217;in \u00c7inli Misafirleri"},"content":{"rendered":"<p>\u201cDo\u011funun iki hasta adam\u0131\u201d olarak nitelendirilen \u00c7in ve T\u00fcrkiye, birbirlerine bir\u00e7ok a\u00e7\u0131dan b\u00fcy\u00fck benzerlik g\u00f6sterir. Modernle\u015fme hem \u00c7in\u2019in hem T\u00fcrkiye\u2019nin son iki y\u00fczy\u0131l\u0131na damgas\u0131n\u0131 vurmu\u015f en temel meselelerden biridir. \u201cHasta adam\u201dl\u0131ktan ilk \u00e7\u0131kan, T\u00fcrkiye olmu\u015ftur. B\u00fcy\u00fck bir ba\u015far\u0131yla sonu\u00e7lanan Kurtulu\u015f Sava\u015f\u0131, Cumhuriyet\u2019in ilan\u0131 ve reformlar \u00c7inli entelekt\u00fcelleri ve y\u00f6neticileri umutland\u0131rm\u0131\u015ft\u0131r. \u00c7in entelijansiyas\u0131, modernle\u015fme konusunda d\u00fcnyada farkl\u0131 \u00f6rnekleri inceledikten sonra aralar\u0131ndaki benzerlikler sebebiyle T\u00fcrkiye \u00f6rne\u011finin kendileri i\u00e7in en uygunu oldu\u011funa karar vermi\u015ftir. \u00c7in\u2019in y\u00f6netici elitleri, T\u00fcrkiye\u2019nin ba\u015far\u0131s\u0131n\u0131 kendi \u00fclkelerinde tekrarlayabilmek i\u00e7in y\u00fczlerini T\u00fcrkiye\u2019ye \u00e7evirmi\u015flerdir. Bu ba\u015far\u0131y\u0131 yerinde g\u00f6rmek isteyen bir\u00e7ok \u00c7inli, T\u00fcrkiye\u2019yi ziyaret etmi\u015f ve g\u00f6rd\u00fcklerini, duyduklar\u0131n\u0131 ve d\u00fc\u015f\u00fcncelerini kay\u0131t alt\u0131na alm\u0131\u015ft\u0131r. \u00c7ok az bilinmesine ra\u011fmen \u00c7in modernle\u015fmesinde T\u00fcrkiye\u2019nin \u00f6nemli bir rol\u00fc olmu\u015ftur. Giray Fidan\u2019\u0131n haz\u0131rlad\u0131\u011f\u0131 Cumhuriyet\u2019in \u00c7inli Misafirleri, \u00c7in\u2019in \u00f6nemli entelekt\u00fcel, siyaset\u00e7i, diplomat ve reformcular\u0131 aras\u0131nda yer alan Hu Hanmin, Hu Shiqing, Alfred Sze ve He Yaozu, Marksist teorisyenlerinden Cai Hesen gibi isimlerin kaleme ald\u0131klar\u0131 kitap\u00e7\u0131klar, makaleler ve gazete yaz\u0131lar\u0131n\u0131 i\u00e7eriyor. Osmanl\u0131 ve Cumhuriyet Ar\u015fivleri\u2019nden yararlanarak derlenen belgeler ile \u00c7in ar\u015fivleri, gazeteleri ve seyahat yaz\u0131lar\u0131ndan \u00c7inceden \u00e7evrilen metinler, siyasi, toplumsal ve k\u00fclt\u00fcrel yap\u0131lar\u0131n, g\u00fcndelik ya\u015fam\u0131n, nas\u0131l alg\u0131land\u0131\u011f\u0131na dair g\u00f6zlemlere yer verirken iki \u00fclkenin ortak tarihinde bilinmeyen bir sayfay\u0131 da aralam\u0131\u015f oluyor. <\/p>\n","protected":false},"excerpt":{"rendered":"<p>\u201cDo\u011funun iki hasta adam\u0131\u201d olarak nitelendirilen \u00c7in ve T\u00fcrkiye, birbirlerine bir\u00e7ok a\u00e7\u0131dan b\u00fcy\u00fck benzerlik g\u00f6sterir. Modernle\u015fme hem \u00c7in\u2019in hem T\u00fcrkiye\u2019nin son iki y\u00fczy\u0131l\u0131na damgas\u0131n\u0131 vurmu\u015f en<span class=\"excerpt-hellip\"> [\u2026]<\/span><\/p>\n","protected":false},"featured_media":0,"template":"","meta":{"_monsterinsights_skip_tracking":false,"_monsterinsights_sitenote_active":false,"_monsterinsights_sitenote_note":"","_monsterinsights_sitenote_category":0},"product_brand":[],"product_cat":[13072,12291],"product_tag":[],"class_list":{"0":"post-719605","1":"product","2":"type-product","3":"status-publish","5":"product_cat-arastirma-inceleme-referans","6":"product_cat-edebiyat","7":"pa_cilt-ciltsiz","8":"pa_tur-kitap","9":"pa_yayinevi-is-bankasi-kultur-yayinlari","10":"pa_yazar-giray-fidan","12":"first","13":"instock","14":"sale","15":"shipping-taxable","16":"purchasable","17":"product-type-simple"},"_links":{"self":[{"href":"https:\/\/roveyayinevi.com.tr\/index.php\/wp-json\/wp\/v2\/product\/719605","targetHints":{"allow":["GET"]}}],"collection":[{"href":"https:\/\/roveyayinevi.com.tr\/index.php\/wp-json\/wp\/v2\/product"}],"about":[{"href":"https:\/\/roveyayinevi.com.tr\/index.php\/wp-json\/wp\/v2\/types\/product"}],"wp:attachment":[{"href":"https:\/\/roveyayinevi.com.tr\/index.php\/wp-json\/wp\/v2\/media?parent=719605"}],"wp:term":[{"taxonomy":"product_brand","embeddable":true,"href":"https:\/\/roveyayinevi.com.tr\/index.php\/wp-json\/wp\/v2\/product_brand?post=719605"},{"taxonomy":"product_cat","embeddable":true,"href":"https:\/\/roveyayinevi.com.tr\/index.php\/wp-json\/wp\/v2\/product_cat?post=719605"},{"taxonomy":"product_tag","embeddable":true,"href":"https:\/\/roveyayinevi.com.tr\/index.php\/wp-json\/wp\/v2\/product_tag?post=719605"}],"curies":[{"name":"wp","href":"https:\/\/api.w.org\/{rel}","templated":true}]}}