{"id":719603,"date":"2025-08-27T18:24:00","date_gmt":"2025-08-27T15:24:00","guid":{"rendered":"https:\/\/roveyayinevi.com.tr\/index.php\/urun\/dhammapada\/"},"modified":"2026-04-16T02:27:38","modified_gmt":"2026-04-15T23:27:38","slug":"dhammapada","status":"publish","type":"product","link":"https:\/\/roveyayinevi.com.tr\/index.php\/urun\/dhammapada\/","title":{"rendered":"Dhammapada"},"content":{"rendered":"<p>&#8220;bir ki\u015fi anlams\u0131z s\u00f6zc\u00fcklerden olu\u015fan binlerce beyti ezbere okusa ne fayda! Duymas\u0131n\u0131 bilen i\u00e7in Dhammapada\u2019n\u0131n tek bir s\u00f6zc\u00fc\u011f\u00fcdaha iyidir, o ki\u015fiyi huzura erdirir.\u201d Buddhizmin en \u00f6nemli kutsal metinleri \u00dc\u00e7 Sepet (Tripitaka) \u00e7at\u0131s\u0131 alt\u0131nda toplanm\u0131\u015ft\u0131r. \u00dc\u00e7 Sepet\u2019inikincisi olan Suttapitaka\u2019n\u0131n alt\u0131nda yer alan ve 423suttadan (beyitten) olu\u015fan Dhammapada, Dhamma\u2019yagiden ad\u0131mlar\u0131, yani \u201cyol\u201du g\u00f6sterir. Elinizdeki kitapDhammapada\u2019n\u0131n tam metninin P\u0101li dilinden \u00e7evirisini,metne \u00f6zel bir s\u00f6zl\u00fck\u00e7e ile Buddhizme dair temelbilgileri, ayr\u0131ca di\u011fer kutsal metinlerin bir d\u00f6k\u00fcm\u00fcn\u00fc,bu metinlerin P\u0101li ve Sanskrit dillerinden \u00e7evrilmi\u015f\u00f6rneklerini i\u00e7ermektedir. <\/p>\n","protected":false},"excerpt":{"rendered":"<p>&#8220;bir ki\u015fi anlams\u0131z s\u00f6zc\u00fcklerden olu\u015fan binlerce beyti ezbere okusa ne fayda! Duymas\u0131n\u0131 bilen i\u00e7in Dhammapada\u2019n\u0131n tek bir s\u00f6zc\u00fc\u011f\u00fcdaha iyidir, o ki\u015fiyi huzura erdirir.\u201d Buddhizmin en \u00f6nemli<span class=\"excerpt-hellip\"> [\u2026]<\/span><\/p>\n","protected":false},"featured_media":0,"template":"","meta":{"_monsterinsights_skip_tracking":false,"_monsterinsights_sitenote_active":false,"_monsterinsights_sitenote_note":"","_monsterinsights_sitenote_category":0},"product_brand":[],"product_cat":[12291,13872],"product_tag":[],"class_list":{"0":"post-719603","1":"product","2":"type-product","3":"status-publish","5":"product_cat-edebiyat","6":"product_cat-klasikler","7":"pa_cilt-ciltsiz","8":"pa_tur-kitap","9":"pa_yayinevi-is-bankasi-kultur-yayinlari","10":"pa_yazar-kolektif","12":"first","13":"instock","14":"sale","15":"shipping-taxable","16":"purchasable","17":"product-type-simple"},"_links":{"self":[{"href":"https:\/\/roveyayinevi.com.tr\/index.php\/wp-json\/wp\/v2\/product\/719603","targetHints":{"allow":["GET"]}}],"collection":[{"href":"https:\/\/roveyayinevi.com.tr\/index.php\/wp-json\/wp\/v2\/product"}],"about":[{"href":"https:\/\/roveyayinevi.com.tr\/index.php\/wp-json\/wp\/v2\/types\/product"}],"wp:attachment":[{"href":"https:\/\/roveyayinevi.com.tr\/index.php\/wp-json\/wp\/v2\/media?parent=719603"}],"wp:term":[{"taxonomy":"product_brand","embeddable":true,"href":"https:\/\/roveyayinevi.com.tr\/index.php\/wp-json\/wp\/v2\/product_brand?post=719603"},{"taxonomy":"product_cat","embeddable":true,"href":"https:\/\/roveyayinevi.com.tr\/index.php\/wp-json\/wp\/v2\/product_cat?post=719603"},{"taxonomy":"product_tag","embeddable":true,"href":"https:\/\/roveyayinevi.com.tr\/index.php\/wp-json\/wp\/v2\/product_tag?post=719603"}],"curies":[{"name":"wp","href":"https:\/\/api.w.org\/{rel}","templated":true}]}}