{"id":719599,"date":"2025-08-27T18:23:57","date_gmt":"2025-08-27T15:23:57","guid":{"rendered":"https:\/\/roveyayinevi.com.tr\/index.php\/urun\/aklindakini-okuyabilirim\/"},"modified":"2025-12-30T10:24:39","modified_gmt":"2025-12-30T07:24:39","slug":"aklindakini-okuyabilirim","status":"publish","type":"product","link":"https:\/\/roveyayinevi.com.tr\/index.php\/urun\/aklindakini-okuyabilirim\/","title":{"rendered":"Akl\u0131ndakini Okuyabilirim"},"content":{"rendered":"<p>Dr. Lieberman, bu tekniklerin kolayl\u0131\u011f\u0131n\u0131 ve tutarl\u0131l\u0131\u011f\u0131n\u0131 y\u00fczlerce televizyon ve radyo program\u0131nda sergiledi. FOX News ile \u00e7al\u0131\u015fan program yap\u0131mc\u0131s\u0131 Jeff Rosin bir programda \u015f\u00f6yle demi\u015fti: \u201cKesinlikle inan\u0131lmaz! Onun yan\u0131ndayd\u0131m ve hi\u00e7 yan\u0131ld\u0131\u011f\u0131n\u0131 g\u00f6rmedim\u2026 Bir kez bile! Nas\u0131l yap\u0131laca\u011f\u0131n\u0131 ben bile \u00f6\u011frendim ve bu ger\u00e7ekten \u00f6nemli bir bulu\u015f.\u201d Asl\u0131nda, Dr. Lieberman, hassas yalan makineleriyle canl\u0131 televizyon programlar\u0131nda yar\u0131\u015ft\u0131 ve berabere kald\u0131; hem de her seferinde!Akl\u0131ndakini Okuyabilirim, birinin ne d\u00fc\u015f\u00fcnd\u00fc\u011f\u00fcn\u00fc ve neler hissetti\u011fini anlamak i\u00e7in neler yapabilece\u011finizi ad\u0131m ad\u0131m a\u00e7\u0131kl\u0131yor. \u00d6rne\u011fin, patronunuzun sizi ger\u00e7ekten sevip sevmedi\u011fini, bir sat\u0131\u015f\u00e7\u0131n\u0131n g\u00fcvenilir olup olmad\u0131\u011f\u0131n\u0131, biriyle ilk kez bulu\u015ftu\u011funuzda ili\u015fkinin istedi\u011finiz y\u00f6nde mi, yoksa aksi y\u00f6nde mi gidece\u011fini anlayabileceksiniz. Risk y\u00fcksek oldu\u011funda  pazarl\u0131klar, m\u00fczakereler, taciz konular\u0131, h\u0131rs\u0131zl\u0131k veya sahtekarl\u0131k kendinize zaman, para, enerji kazand\u0131rmak ve hayal k\u0131r\u0131kl\u0131\u011f\u0131ndan kurtulmak i\u00e7in kimin sizin taraf\u0131n\u0131zda, kimin kar\u015f\u0131n\u0131zda oldu\u011funu kolayca fark etmeyi \u00f6\u011frenin.Doktoras\u0131n\u0131 psikoloji alan\u0131nda tamamlam\u0131\u015f olan David J. Lieberman, \u00f6d\u00fcller kazanm\u0131\u015f bir yazar olmas\u0131n\u0131n yan\u0131 s\u0131ra, insan davran\u0131\u015flar\u0131 ve ileti\u015fim alan\u0131nda d\u00fcnya \u00e7ap\u0131nda tan\u0131nan bir otoritedir. Kitaplar\u0131 on sekiz dile \u00e7evrilmi\u015ftir. A\u00e7\u0131klad\u0131\u011f\u0131 teknikler, FBI, A.B.D. Donanmas\u0131, Fortune 500 \u015firketleri ve yirmi be\u015ften fazla \u00fclkede h\u00fck\u00fcmet ve \u015firket yetkilileri ile zihin sa\u011fl\u0131\u011f\u0131 uzmanlar\u0131 taraf\u0131ndan kullan\u0131lmaktad\u0131r.<\/p>\n","protected":false},"excerpt":{"rendered":"<p>Dr. Lieberman, bu tekniklerin kolayl\u0131\u011f\u0131n\u0131 ve tutarl\u0131l\u0131\u011f\u0131n\u0131 y\u00fczlerce televizyon ve radyo program\u0131nda sergiledi. FOX News ile \u00e7al\u0131\u015fan program yap\u0131mc\u0131s\u0131 Jeff Rosin bir programda \u015f\u00f6yle demi\u015fti: \u201cKesinlikle<span class=\"excerpt-hellip\"> [\u2026]<\/span><\/p>\n","protected":false},"featured_media":0,"template":"","meta":{"_monsterinsights_skip_tracking":false,"_monsterinsights_sitenote_active":false,"_monsterinsights_sitenote_note":"","_monsterinsights_sitenote_category":0},"product_brand":[],"product_cat":[12364,12376],"product_tag":[],"class_list":{"0":"post-719599","1":"product","2":"type-product","3":"status-publish","5":"product_cat-genel-konular","6":"product_cat-kisisel-gelisim","7":"pa_cilt-ciltsiz","8":"pa_tur-kitap","9":"pa_yayinevi-diyojen-yayincilik","10":"pa_yazar-david-j-lieberman","12":"first","13":"instock","14":"sale","15":"shipping-taxable","16":"purchasable","17":"product-type-simple"},"_links":{"self":[{"href":"https:\/\/roveyayinevi.com.tr\/index.php\/wp-json\/wp\/v2\/product\/719599","targetHints":{"allow":["GET"]}}],"collection":[{"href":"https:\/\/roveyayinevi.com.tr\/index.php\/wp-json\/wp\/v2\/product"}],"about":[{"href":"https:\/\/roveyayinevi.com.tr\/index.php\/wp-json\/wp\/v2\/types\/product"}],"wp:attachment":[{"href":"https:\/\/roveyayinevi.com.tr\/index.php\/wp-json\/wp\/v2\/media?parent=719599"}],"wp:term":[{"taxonomy":"product_brand","embeddable":true,"href":"https:\/\/roveyayinevi.com.tr\/index.php\/wp-json\/wp\/v2\/product_brand?post=719599"},{"taxonomy":"product_cat","embeddable":true,"href":"https:\/\/roveyayinevi.com.tr\/index.php\/wp-json\/wp\/v2\/product_cat?post=719599"},{"taxonomy":"product_tag","embeddable":true,"href":"https:\/\/roveyayinevi.com.tr\/index.php\/wp-json\/wp\/v2\/product_tag?post=719599"}],"curies":[{"name":"wp","href":"https:\/\/api.w.org\/{rel}","templated":true}]}}