{"id":719595,"date":"2025-08-27T18:23:55","date_gmt":"2025-08-27T15:23:55","guid":{"rendered":"https:\/\/roveyayinevi.com.tr\/index.php\/urun\/butun-beyinli-cocuk\/"},"modified":"2026-04-16T02:27:38","modified_gmt":"2026-04-15T23:27:38","slug":"butun-beyinli-cocuk","status":"publish","type":"product","link":"https:\/\/roveyayinevi.com.tr\/index.php\/urun\/butun-beyinli-cocuk\/","title":{"rendered":"B\u00fct\u00fcn &#8211; Beyinli \u00c7ocuk"},"content":{"rendered":"<p>Yeni y\u00fcr\u00fcmeye ba\u015flayan \u00e7ocu\u011funuz bir ma\u011fazan\u0131n ortas\u0131nda \u00f6fke n\u00f6beti ge\u00e7iriyor. Anaokuluna giden \u00e7ocu\u011funuz giyinmeyi reddediyor. Be\u015finci s\u0131n\u0131f \u00f6\u011frencisi olan \u00e7ocu\u011funuz arkada\u015flar\u0131yla bah\u00e7ede oynamak yerine bir bankta oturmu\u015f a\u011fl\u0131yor. \u00c7ocuklar sanki anla\u015fm\u0131\u015f gibi anne-babalar\u0131n\u0131n hayatlar\u0131n\u0131 \u00e7ekilmez hale getirmek zorundalar m\u0131? Elbette hay\u0131r \u2013 size \u00e7\u0131k\u0131\u015f noktas\u0131n\u0131 s\u00f6yleyecek tek \u015fey onlar\u0131n geli\u015fen beyinleridir.   Alan\u0131nda \u00f6nc\u00fc ve son derece pratik olan bu kitapta n\u00f6ro-psikiyatrist Daniel J. Siegel ve aile dan\u0131\u015fman\u0131 Tina Payne Bryson, \u00e7ocuk beyninin nas\u0131l ba\u011flant\u0131lar kurdu\u011fu ve olgunla\u015ft\u0131\u011f\u0131 ile ilgili yeni bilimsel veriler \u0131\u015f\u0131\u011f\u0131nda \u00e7\u00f6k\u00fc\u015f ve \u00e7ileden \u00e7\u0131kma hallerinin gizemini \u00e7\u00f6z\u00fcyorlar. Karar verme ve dengeyi korumadan sorumlu olan \u201cbeynin \u00fcst kat\u0131\u201d, yirmili ya\u015flar\u0131n ortalar\u0131na kadar geli\u015fmeye devam eder. \u00d6zellikle k\u00fc\u00e7\u00fck ya\u015ftaki \u00e7ocuklarda sa\u011f beyin ve onun duygular\u0131, sol beynin mant\u0131\u011f\u0131na h\u00fckmetmeye e\u011filimlidir. \u00c7ocuklar\u0131n\u0131z\u0131n kontrolden \u00e7\u0131kmas\u0131 ya da \u00f6yle hissetmesi bo\u015funa de\u011fil. Bu bulu\u015flar\u0131 her g\u00fcn uygulayarak bir ta\u015fk\u0131nl\u0131\u011f\u0131, kavgay\u0131 ya da korkuyu, \u00e7ocu\u011funuzun beyni ile ba\u011flant\u0131 kurabilmek ve hayati geli\u015fimine katk\u0131da bulunabilmek i\u00e7in bir f\u0131rsata d\u00f6n\u00fc\u015ft\u00fcrebilirsiniz. <\/p>\n","protected":false},"excerpt":{"rendered":"<p>Yeni y\u00fcr\u00fcmeye ba\u015flayan \u00e7ocu\u011funuz bir ma\u011fazan\u0131n ortas\u0131nda \u00f6fke n\u00f6beti ge\u00e7iriyor. Anaokuluna giden \u00e7ocu\u011funuz giyinmeyi reddediyor. Be\u015finci s\u0131n\u0131f \u00f6\u011frencisi olan \u00e7ocu\u011funuz arkada\u015flar\u0131yla bah\u00e7ede oynamak yerine bir bankta<span class=\"excerpt-hellip\"> [\u2026]<\/span><\/p>\n","protected":false},"featured_media":0,"template":"","meta":{"_monsterinsights_skip_tracking":false,"_monsterinsights_sitenote_active":false,"_monsterinsights_sitenote_note":"","_monsterinsights_sitenote_category":0},"product_brand":[],"product_cat":[17996,12364],"product_tag":[],"class_list":{"0":"post-719595","1":"product","2":"type-product","3":"status-publish","5":"product_cat-ebeveyn-kitaplari","6":"product_cat-genel-konular","7":"pa_cilt-ciltsiz","8":"pa_tur-kitap","9":"pa_yayinevi-diyojen-yayincilik","10":"pa_yazar-tina-payne-bryson-dan-siegel","12":"first","13":"instock","14":"sale","15":"shipping-taxable","16":"purchasable","17":"product-type-simple"},"_links":{"self":[{"href":"https:\/\/roveyayinevi.com.tr\/index.php\/wp-json\/wp\/v2\/product\/719595","targetHints":{"allow":["GET"]}}],"collection":[{"href":"https:\/\/roveyayinevi.com.tr\/index.php\/wp-json\/wp\/v2\/product"}],"about":[{"href":"https:\/\/roveyayinevi.com.tr\/index.php\/wp-json\/wp\/v2\/types\/product"}],"wp:attachment":[{"href":"https:\/\/roveyayinevi.com.tr\/index.php\/wp-json\/wp\/v2\/media?parent=719595"}],"wp:term":[{"taxonomy":"product_brand","embeddable":true,"href":"https:\/\/roveyayinevi.com.tr\/index.php\/wp-json\/wp\/v2\/product_brand?post=719595"},{"taxonomy":"product_cat","embeddable":true,"href":"https:\/\/roveyayinevi.com.tr\/index.php\/wp-json\/wp\/v2\/product_cat?post=719595"},{"taxonomy":"product_tag","embeddable":true,"href":"https:\/\/roveyayinevi.com.tr\/index.php\/wp-json\/wp\/v2\/product_tag?post=719595"}],"curies":[{"name":"wp","href":"https:\/\/api.w.org\/{rel}","templated":true}]}}