{"id":719594,"date":"2025-08-27T18:23:54","date_gmt":"2025-08-27T15:23:54","guid":{"rendered":"https:\/\/roveyayinevi.com.tr\/index.php\/urun\/kopek-kalbi-2\/"},"modified":"2026-04-16T02:27:38","modified_gmt":"2026-04-15T23:27:38","slug":"kopek-kalbi-2","status":"publish","type":"product","link":"https:\/\/roveyayinevi.com.tr\/index.php\/urun\/kopek-kalbi-2\/","title":{"rendered":"K\u00f6pek Kalbi"},"content":{"rendered":"<p>Bu kitapta, ya\u015fam\u0131 yak\u0131ndan anlay\u0131p en yal\u0131n haliyle ama sert, ger\u00e7ek\u00e7i ve derinden anlatan bir yazar\u0131n \u201cinsan\u201dla tan\u0131\u015fma ser\u00fcveninin izlerini bulmak m\u00fcmk\u00fcn. Bulgakov, bir k\u00f6pek ile bilim insan\u0131n\u0131n yollar\u0131n\u0131n kesi\u015fti\u011fi bu hik\u00e2yede, Sovyet rejimini ve Sovyet insan\u0131 yaratma fikrini hicvediyor.<\/p>\n","protected":false},"excerpt":{"rendered":"<p>Bu kitapta, ya\u015fam\u0131 yak\u0131ndan anlay\u0131p en yal\u0131n haliyle ama sert, ger\u00e7ek\u00e7i ve derinden anlatan bir yazar\u0131n \u201cinsan\u201dla tan\u0131\u015fma ser\u00fcveninin izlerini bulmak m\u00fcmk\u00fcn. Bulgakov, bir k\u00f6pek ile<span class=\"excerpt-hellip\"> [\u2026]<\/span><\/p>\n","protected":false},"featured_media":0,"template":"","meta":{"_monsterinsights_skip_tracking":false,"_monsterinsights_sitenote_active":false,"_monsterinsights_sitenote_note":"","_monsterinsights_sitenote_category":0},"product_brand":[],"product_cat":[12291,12711],"product_tag":[],"class_list":{"0":"post-719594","1":"product","2":"type-product","3":"status-publish","5":"product_cat-edebiyat","6":"product_cat-roman-oyku","7":"pa_cilt-ciltsiz","8":"pa_tur-kitap","9":"pa_yayinevi-bilgi-yayinevi","10":"pa_yazar-mihail-bulgakov","12":"first","13":"instock","14":"sale","15":"shipping-taxable","16":"purchasable","17":"product-type-simple"},"_links":{"self":[{"href":"https:\/\/roveyayinevi.com.tr\/index.php\/wp-json\/wp\/v2\/product\/719594","targetHints":{"allow":["GET"]}}],"collection":[{"href":"https:\/\/roveyayinevi.com.tr\/index.php\/wp-json\/wp\/v2\/product"}],"about":[{"href":"https:\/\/roveyayinevi.com.tr\/index.php\/wp-json\/wp\/v2\/types\/product"}],"wp:attachment":[{"href":"https:\/\/roveyayinevi.com.tr\/index.php\/wp-json\/wp\/v2\/media?parent=719594"}],"wp:term":[{"taxonomy":"product_brand","embeddable":true,"href":"https:\/\/roveyayinevi.com.tr\/index.php\/wp-json\/wp\/v2\/product_brand?post=719594"},{"taxonomy":"product_cat","embeddable":true,"href":"https:\/\/roveyayinevi.com.tr\/index.php\/wp-json\/wp\/v2\/product_cat?post=719594"},{"taxonomy":"product_tag","embeddable":true,"href":"https:\/\/roveyayinevi.com.tr\/index.php\/wp-json\/wp\/v2\/product_tag?post=719594"}],"curies":[{"name":"wp","href":"https:\/\/api.w.org\/{rel}","templated":true}]}}