{"id":719592,"date":"2025-08-27T18:23:53","date_gmt":"2025-08-27T15:23:53","guid":{"rendered":"https:\/\/roveyayinevi.com.tr\/index.php\/urun\/macbeth-5\/"},"modified":"2025-11-06T05:27:23","modified_gmt":"2025-11-06T02:27:23","slug":"macbeth-5","status":"publish","type":"product","link":"https:\/\/roveyayinevi.com.tr\/index.php\/urun\/macbeth-5\/","title":{"rendered":"Macbeth"},"content":{"rendered":"<p>\u00dc\u00e7 tuhaf cad\u0131, zaferle seferden d\u00f6nen Macbeth\u2019in \u0130sko\u00e7ya Kral\u0131 olaca\u011f\u0131 kehanetinde bulunur. Macbeth, ger\u00e7ekten kral olmak istiyorsa,  kendi ba\u015f\u0131na tac\u0131 almak zorunda kalacakt\u0131r. Art\u0131k onu hi\u00e7bir \u015fey durduramaz. Macbeth, Kral Duncan\u2019\u0131 \u00f6ld\u00fcr\u00fcp kral olur. Ya sonras\u0131? Sorunu Macbeth de bilmektedir: \u201cKral olmak zor de\u011fil, zor olan kral olup sa\u011f kalmakta.\u201d Macbeth, ya kral olup taht\u0131nda oturacak ya da i\u015fledi\u011fi su\u00e7lar onun pe\u015fini b\u0131rakmayacak. Onun kaderini \u00fc\u00e7 tuhaf cad\u0131n\u0131n kehaneti de\u011fil i\u015fledi\u011fi su\u00e7lar\u0131n b\u00fcy\u00fckl\u00fc\u011f\u00fc belirleyecektir. William Shakespeare\u2019in kehanetler, intikam ve su\u00e7luluk duygular\u0131 \u00fczerine yazm\u0131\u015f oldu\u011fu \u00f6l\u00fcms\u00fcz tiyatro oyunu Macbeth \u00e7izgi roman bi\u00e7iminde yeniden hayat buluyor.  Asl\u0131na sad\u0131k kal\u0131narak haz\u0131rlanan bu uyarlama, d\u00fcnya edebiyat\u0131n\u0131n gelmi\u015f ge\u00e7mi\u015f en g\u00f6rkemli trajedilerinden birine \u00e7arp\u0131c\u0131 ve yeni bir soluk getiriyor. <\/p>\n","protected":false},"excerpt":{"rendered":"<p>\u00dc\u00e7 tuhaf cad\u0131, zaferle seferden d\u00f6nen Macbeth\u2019in \u0130sko\u00e7ya Kral\u0131 olaca\u011f\u0131 kehanetinde bulunur. Macbeth, ger\u00e7ekten kral olmak istiyorsa, kendi ba\u015f\u0131na tac\u0131 almak zorunda kalacakt\u0131r. Art\u0131k onu hi\u00e7bir<span class=\"excerpt-hellip\"> [\u2026]<\/span><\/p>\n","protected":false},"featured_media":0,"template":"","meta":{"_monsterinsights_skip_tracking":false,"_monsterinsights_sitenote_active":false,"_monsterinsights_sitenote_note":"","_monsterinsights_sitenote_category":0},"product_brand":[],"product_cat":[12274,12467],"product_tag":[],"class_list":{"0":"post-719592","1":"product","2":"type-product","3":"status-publish","5":"product_cat-cocuk-ve-genclik-kitaplari","6":"product_cat-dunya-klasikleri","7":"pa_cilt-ciltsiz","8":"pa_tur-kitap","9":"pa_yayinevi-1001-cicek-kitaplar","10":"pa_yazar-william-shakespeare","12":"first","13":"instock","14":"sale","15":"shipping-taxable","16":"purchasable","17":"product-type-simple"},"_links":{"self":[{"href":"https:\/\/roveyayinevi.com.tr\/index.php\/wp-json\/wp\/v2\/product\/719592","targetHints":{"allow":["GET"]}}],"collection":[{"href":"https:\/\/roveyayinevi.com.tr\/index.php\/wp-json\/wp\/v2\/product"}],"about":[{"href":"https:\/\/roveyayinevi.com.tr\/index.php\/wp-json\/wp\/v2\/types\/product"}],"wp:attachment":[{"href":"https:\/\/roveyayinevi.com.tr\/index.php\/wp-json\/wp\/v2\/media?parent=719592"}],"wp:term":[{"taxonomy":"product_brand","embeddable":true,"href":"https:\/\/roveyayinevi.com.tr\/index.php\/wp-json\/wp\/v2\/product_brand?post=719592"},{"taxonomy":"product_cat","embeddable":true,"href":"https:\/\/roveyayinevi.com.tr\/index.php\/wp-json\/wp\/v2\/product_cat?post=719592"},{"taxonomy":"product_tag","embeddable":true,"href":"https:\/\/roveyayinevi.com.tr\/index.php\/wp-json\/wp\/v2\/product_tag?post=719592"}],"curies":[{"name":"wp","href":"https:\/\/api.w.org\/{rel}","templated":true}]}}