{"id":719587,"date":"2025-08-27T18:23:49","date_gmt":"2025-08-27T15:23:49","guid":{"rendered":"https:\/\/roveyayinevi.com.tr\/index.php\/urun\/dar-sokaklardaki-duman\/"},"modified":"2026-04-07T02:35:58","modified_gmt":"2026-04-06T23:35:58","slug":"dar-sokaklardaki-duman","status":"publish","type":"product","link":"https:\/\/roveyayinevi.com.tr\/index.php\/urun\/dar-sokaklardaki-duman\/","title":{"rendered":"Dar Sokaklardaki Duman"},"content":{"rendered":"<p>Bir d\u00f6nemin \u0130stanbul\u2019unun bug\u00fcn art\u0131k benzerine sadece siyah beyaz filmlerde rastlayabilece\u011fimiz bir kenar mahallesi\u2026 Balkanlar\u2019dan \u0130stanbul\u2019a g\u00f6\u00e7 etmi\u015f, kalabal\u0131k, yoksul ama \u00e7al\u0131\u015fkan, sonsuz h\u00fclyalar\u0131 olan bir aile ve bu ailenin bir o kadar hareketli, renkli ve her an\u0131ndan ya\u015fam f\u0131\u015fk\u0131ran olaylardan \u00f6r\u00fcl\u00fc hik\u00e2yesi. Dar Sokaklardaki Duman\u2019da Muzaffer Buyruk\u00e7u, o k\u0131vrak kaleminden yine kan damlat\u0131yor ve kahramanlar\u0131n t\u00fcm canl\u0131l\u0131\u011f\u0131yla resmini \u00e7iziyor. Bedensel arzularla dolu soluk solu\u011fa a\u015fklar\u0131 anlat\u0131yor ve hi\u00e7bir detay\u0131n atlanmad\u0131\u011f\u0131 dev sahneler kuruyor. Buyruk\u00e7u, ruhsal ve bedensel depremlerin ustal\u0131kl\u0131 yazar\u0131 oldu\u011funu her kelimesinde ispat ediyor. <\/p>\n","protected":false},"excerpt":{"rendered":"<p>Bir d\u00f6nemin \u0130stanbul\u2019unun bug\u00fcn art\u0131k benzerine sadece siyah beyaz filmlerde rastlayabilece\u011fimiz bir kenar mahallesi\u2026 Balkanlar\u2019dan \u0130stanbul\u2019a g\u00f6\u00e7 etmi\u015f, kalabal\u0131k, yoksul ama \u00e7al\u0131\u015fkan, sonsuz h\u00fclyalar\u0131 olan bir<span class=\"excerpt-hellip\"> [\u2026]<\/span><\/p>\n","protected":false},"featured_media":0,"template":"","meta":{"_monsterinsights_skip_tracking":false,"_monsterinsights_sitenote_active":false,"_monsterinsights_sitenote_note":"","_monsterinsights_sitenote_category":0},"product_brand":[],"product_cat":[12291,12711],"product_tag":[],"class_list":{"0":"post-719587","1":"product","2":"type-product","3":"status-publish","5":"product_cat-edebiyat","6":"product_cat-roman-oyku","7":"pa_cilt-ciltsiz","8":"pa_tur-kitap","9":"pa_yayinevi-kirmizi-kedi-yayinevi","10":"pa_yazar-muzaffer-buyrukcu","12":"first","13":"instock","14":"sale","15":"shipping-taxable","16":"purchasable","17":"product-type-simple"},"_links":{"self":[{"href":"https:\/\/roveyayinevi.com.tr\/index.php\/wp-json\/wp\/v2\/product\/719587","targetHints":{"allow":["GET"]}}],"collection":[{"href":"https:\/\/roveyayinevi.com.tr\/index.php\/wp-json\/wp\/v2\/product"}],"about":[{"href":"https:\/\/roveyayinevi.com.tr\/index.php\/wp-json\/wp\/v2\/types\/product"}],"wp:attachment":[{"href":"https:\/\/roveyayinevi.com.tr\/index.php\/wp-json\/wp\/v2\/media?parent=719587"}],"wp:term":[{"taxonomy":"product_brand","embeddable":true,"href":"https:\/\/roveyayinevi.com.tr\/index.php\/wp-json\/wp\/v2\/product_brand?post=719587"},{"taxonomy":"product_cat","embeddable":true,"href":"https:\/\/roveyayinevi.com.tr\/index.php\/wp-json\/wp\/v2\/product_cat?post=719587"},{"taxonomy":"product_tag","embeddable":true,"href":"https:\/\/roveyayinevi.com.tr\/index.php\/wp-json\/wp\/v2\/product_tag?post=719587"}],"curies":[{"name":"wp","href":"https:\/\/api.w.org\/{rel}","templated":true}]}}