{"id":719585,"date":"2025-08-27T18:23:48","date_gmt":"2025-08-27T15:23:48","guid":{"rendered":"https:\/\/roveyayinevi.com.tr\/index.php\/urun\/soguk-yaz-ciltli\/"},"modified":"2026-04-16T02:27:37","modified_gmt":"2026-04-15T23:27:37","slug":"soguk-yaz-ciltli","status":"publish","type":"product","link":"https:\/\/roveyayinevi.com.tr\/index.php\/urun\/soguk-yaz-ciltli\/","title":{"rendered":"So\u011fuk Yaz (Ciltli)"},"content":{"rendered":"<p>Bug\u00fcn, liseden terk ve gelece\u011fi olmayan bir gen\u00e7. Yar\u0131nsa, \u0130kinci D\u00fcnya Sava\u015f\u0131\u2019nda \u00e7arp\u0131\u015fan bir asker.   Kale Jackson, bir g\u00fcn \u0130kinci D\u00fcnya Sava\u015f\u0131\u2019nda keskin ni\u015fanc\u0131l\u0131k yaparken dostlar\u0131n\u0131n \u00f6l\u00fcmlerine \u015fahit oluyor, ertesi g\u00fcnse s\u0131radan hayat\u0131na geri d\u00f6n\u00fcp sevdikleriyle aras\u0131nda giderek b\u00fcy\u00fcyen u\u00e7urumdan sa\u011f \u00e7\u0131kmaya \u00e7al\u0131\u015f\u0131yordu. Ge\u00e7mi\u015ften gelen fiziksel ve ruhsal yaralar\u0131n\u0131 gizlemek her g\u00fcn daha da zorla\u015f\u0131yordu.   Eski kom\u015fusu Harper\u2019\u0131n kasabaya ta\u015f\u0131nmas\u0131yla, kaybetti\u011fini sand\u0131\u011f\u0131 umudu tekrar i\u00e7inde filizlendi. E\u011fer yeterince pratik yapar ve a\u015fka tutunursa, kal\u0131c\u0131 olarak \u015fimdiki zamanda kalabilir ve bir daha asla \u00fc\u015f\u00fcmezdi. Belki her \u015fey i\u00e7in \u00e7ok ge\u00e7 de\u011fildi.   Fakat ge\u00e7mi\u015fe dair bir makale, onlar\u0131 ka\u00e7\u0131n\u0131lmaz soruyla y\u00fczle\u015fmek zorunda b\u0131rakacakt\u0131: Kale gelecek sefer ge\u00e7mi\u015fe gitti\u011finde d\u00f6nebilecek miydi?   \u201cSo\u011fuk Yaz, sessiz bir derinli\u011fe ve basit bir g\u00fczelli\u011fe sahip. Hayattaki yerini kaybetti\u011fini hisseden bir k\u0131zla zamanda kaybolan bir o\u011flan\u0131n kendilerini bir yere ait hissedebilmeye dair arzular\u0131n\u0131n evrensel hik\u00e2yesi.\u201d KRISTEN SIMMONS \u201cDokunakl\u0131 ve i\u00e7ten bir yolculuk.\u201d WENDY HIGGINS, New York Times \u00e7oksatan\u0131 Tatl\u0131 \u015eeytan serisinin yazar\u0131 <\/p>\n","protected":false},"excerpt":{"rendered":"<p>Bug\u00fcn, liseden terk ve gelece\u011fi olmayan bir gen\u00e7. Yar\u0131nsa, \u0130kinci D\u00fcnya Sava\u015f\u0131\u2019nda \u00e7arp\u0131\u015fan bir asker. Kale Jackson, bir g\u00fcn \u0130kinci D\u00fcnya Sava\u015f\u0131\u2019nda keskin ni\u015fanc\u0131l\u0131k yaparken dostlar\u0131n\u0131n<span class=\"excerpt-hellip\"> [\u2026]<\/span><\/p>\n","protected":false},"featured_media":0,"template":"","meta":{"_monsterinsights_skip_tracking":false,"_monsterinsights_sitenote_active":false,"_monsterinsights_sitenote_note":"","_monsterinsights_sitenote_category":0},"product_brand":[],"product_cat":[12540,12291],"product_tag":[],"class_list":{"0":"post-719585","1":"product","2":"type-product","3":"status-publish","5":"product_cat-bilim-kurgu","6":"product_cat-edebiyat","7":"pa_cilt-ciltli","8":"pa_tur-kitap","9":"pa_yayinevi-yabanci-yayinevi","10":"pa_yazar-gwen-cole","12":"first","13":"instock","14":"sale","15":"shipping-taxable","16":"purchasable","17":"product-type-simple"},"_links":{"self":[{"href":"https:\/\/roveyayinevi.com.tr\/index.php\/wp-json\/wp\/v2\/product\/719585","targetHints":{"allow":["GET"]}}],"collection":[{"href":"https:\/\/roveyayinevi.com.tr\/index.php\/wp-json\/wp\/v2\/product"}],"about":[{"href":"https:\/\/roveyayinevi.com.tr\/index.php\/wp-json\/wp\/v2\/types\/product"}],"wp:attachment":[{"href":"https:\/\/roveyayinevi.com.tr\/index.php\/wp-json\/wp\/v2\/media?parent=719585"}],"wp:term":[{"taxonomy":"product_brand","embeddable":true,"href":"https:\/\/roveyayinevi.com.tr\/index.php\/wp-json\/wp\/v2\/product_brand?post=719585"},{"taxonomy":"product_cat","embeddable":true,"href":"https:\/\/roveyayinevi.com.tr\/index.php\/wp-json\/wp\/v2\/product_cat?post=719585"},{"taxonomy":"product_tag","embeddable":true,"href":"https:\/\/roveyayinevi.com.tr\/index.php\/wp-json\/wp\/v2\/product_tag?post=719585"}],"curies":[{"name":"wp","href":"https:\/\/api.w.org\/{rel}","templated":true}]}}