{"id":719577,"date":"2025-08-27T18:23:42","date_gmt":"2025-08-27T15:23:42","guid":{"rendered":"https:\/\/roveyayinevi.com.tr\/index.php\/urun\/kayakci-tavsan\/"},"modified":"2026-04-16T02:27:37","modified_gmt":"2026-04-15T23:27:37","slug":"kayakci-tavsan","status":"publish","type":"product","link":"https:\/\/roveyayinevi.com.tr\/index.php\/urun\/kayakci-tavsan\/","title":{"rendered":"Kayak\u00e7\u0131 Tav\u015fan"},"content":{"rendered":"<p>Tav\u015fan kayak yapmak istiyor ama etrafta hi\u00e7 kar yok. Kar ya\u011fmas\u0131 i\u00e7in kitab\u0131 sallay\u0131n. Tav\u015fan\u0131n yama\u00e7tan kayabilmesi i\u00e7in kitab\u0131 yana e\u011fin. Yoluna \u00e7\u0131kan u\u00e7urumdan a\u015fa\u011f\u0131 d\u00fc\u015fmemesi i\u00e7in kitab\u0131 \u00e7evirin. Bu tav\u015fanla birlikte \u00fcstesinden gelemeyece\u011finiz hi\u00e7bir \u015fey yok!Bu yarat\u0131c\u0131 kitapta, \u00e7ocuklar \u00f6yk\u00fcn\u00fcn bir karakteri haline geliyor ve kitab\u0131 hareket ettirerek tav\u015fan\u0131 evine ula\u015ft\u0131r\u0131yorlar. \u00d6zellikle kitapla yeni tan\u0131\u015facak 2 ya\u015f \u00fczerindeki \u00e7ocuklara tavsiye ediyoruz.Kitab\u0131n \u00e7izeri Claudia Reuda yirmiden fazla \u00e7ocuk kitab\u0131 \u00e7izmi\u015f, New York Times gazetesinin en \u00e7ok satan yazar ve \u00e7izer listelerine girmi\u015ftir. Ayr\u0131ca \u00e7izer 2016 Hans Christian Andersen \u00f6d\u00fcl\u00fcne aday g\u00f6sterilmi\u015ftir. Claudia Rueda&#8217;n\u0131n kitaplara yenilik\u00e7i yakla\u015f\u0131m\u0131, bir fincan s\u0131cak \u00e7ikolata gibi i\u00e7inizi \u0131s\u0131tacak.<\/p>\n","protected":false},"excerpt":{"rendered":"<p>Tav\u015fan kayak yapmak istiyor ama etrafta hi\u00e7 kar yok. Kar ya\u011fmas\u0131 i\u00e7in kitab\u0131 sallay\u0131n. Tav\u015fan\u0131n yama\u00e7tan kayabilmesi i\u00e7in kitab\u0131 yana e\u011fin. Yoluna \u00e7\u0131kan u\u00e7urumdan a\u015fa\u011f\u0131 d\u00fc\u015fmemesi<span class=\"excerpt-hellip\"> [\u2026]<\/span><\/p>\n","protected":false},"featured_media":0,"template":"","meta":{"_monsterinsights_skip_tracking":false,"_monsterinsights_sitenote_active":false,"_monsterinsights_sitenote_note":"","_monsterinsights_sitenote_category":0},"product_brand":[],"product_cat":[12913,12274],"product_tag":[],"class_list":{"0":"post-719577","1":"product","2":"type-product","3":"status-publish","5":"product_cat-3-6-yas-kitaplari","6":"product_cat-cocuk-ve-genclik-kitaplari","7":"pa_cilt-ciltsiz","8":"pa_tur-kitap","9":"pa_yayinevi-redhouse-kidz-yayinlari","10":"pa_yazar-claudia-rueda","12":"first","13":"instock","14":"sale","15":"shipping-taxable","16":"purchasable","17":"product-type-simple"},"_links":{"self":[{"href":"https:\/\/roveyayinevi.com.tr\/index.php\/wp-json\/wp\/v2\/product\/719577","targetHints":{"allow":["GET"]}}],"collection":[{"href":"https:\/\/roveyayinevi.com.tr\/index.php\/wp-json\/wp\/v2\/product"}],"about":[{"href":"https:\/\/roveyayinevi.com.tr\/index.php\/wp-json\/wp\/v2\/types\/product"}],"wp:attachment":[{"href":"https:\/\/roveyayinevi.com.tr\/index.php\/wp-json\/wp\/v2\/media?parent=719577"}],"wp:term":[{"taxonomy":"product_brand","embeddable":true,"href":"https:\/\/roveyayinevi.com.tr\/index.php\/wp-json\/wp\/v2\/product_brand?post=719577"},{"taxonomy":"product_cat","embeddable":true,"href":"https:\/\/roveyayinevi.com.tr\/index.php\/wp-json\/wp\/v2\/product_cat?post=719577"},{"taxonomy":"product_tag","embeddable":true,"href":"https:\/\/roveyayinevi.com.tr\/index.php\/wp-json\/wp\/v2\/product_tag?post=719577"}],"curies":[{"name":"wp","href":"https:\/\/api.w.org\/{rel}","templated":true}]}}