{"id":719576,"date":"2025-08-27T18:23:41","date_gmt":"2025-08-27T15:23:41","guid":{"rendered":"https:\/\/roveyayinevi.com.tr\/index.php\/urun\/bortu-bocek-guncesi\/"},"modified":"2026-04-07T02:35:58","modified_gmt":"2026-04-06T23:35:58","slug":"bortu-bocek-guncesi","status":"publish","type":"product","link":"https:\/\/roveyayinevi.com.tr\/index.php\/urun\/bortu-bocek-guncesi\/","title":{"rendered":"B\u00f6rt\u00fc B\u00f6cek G\u00fcncesi"},"content":{"rendered":"<p>B\u00f6ceklerin gizemli ve bir o kadar da ilgin\u00e7 d\u00fcnyas\u0131na \u00c7ekirge&#8217;nin g\u00fcncesinden bak\u0131n! Lakab\u0131n\u0131 ilk s\u00f6yledi\u011fi kelimeden alan \u00c7ekirge, b\u00f6cekler hakk\u0131nda g\u00f6zlem yapmay\u0131 ve bilgi edinmeyi \u00e7ok sever. Edindi\u011fi bilgileri ba\u015fkalar\u0131yla da payla\u015fmak ister, ancak sorun \u015fu ki \u00c7ekirge yazmay\u0131 hi\u00e7 sevmez. \u00c7\u00f6z\u00fcm olarak, babas\u0131 ona bir g\u00fcn &#8216;Can\u0131 istedik\u00e7e yazaca\u011f\u0131&#8217; bir defter hediye eder. B\u00f6ylece \u00c7ekirge, B\u00f6rt\u00fc B\u00f6cek G\u00fcncesi&#8217;ni yazmaya ba\u015flar&#8230; Birbirinden ilgin\u00e7 ve e\u011flenceli karakterlerle dolu bu kitap, \u00e7ocuklara hayvanlarla ilgili ansiklopedik bilgileri, ustaca haz\u0131rlanm\u0131\u015f kurgusuyla ve sade diliyle e\u011flenceli bir \u015fekilde aktar\u0131yor. Ak\u0131c\u0131 ve keyifli bu kitap yaln\u0131zca \u00e7ocuklar\u0131n de\u011fil, her ya\u015ftan okuyucunun da ilgisini \u00e7ekebilecek bilgiler bar\u0131nd\u0131r\u0131yor.<\/p>\n","protected":false},"excerpt":{"rendered":"<p>B\u00f6ceklerin gizemli ve bir o kadar da ilgin\u00e7 d\u00fcnyas\u0131na \u00c7ekirge&#8217;nin g\u00fcncesinden bak\u0131n! Lakab\u0131n\u0131 ilk s\u00f6yledi\u011fi kelimeden alan \u00c7ekirge, b\u00f6cekler hakk\u0131nda g\u00f6zlem yapmay\u0131 ve bilgi edinmeyi \u00e7ok<span class=\"excerpt-hellip\"> [\u2026]<\/span><\/p>\n","protected":false},"featured_media":0,"template":"","meta":{"_monsterinsights_skip_tracking":false,"_monsterinsights_sitenote_active":false,"_monsterinsights_sitenote_note":"","_monsterinsights_sitenote_category":0},"product_brand":[],"product_cat":[12274,12284],"product_tag":[],"class_list":{"0":"post-719576","1":"product","2":"type-product","3":"status-publish","5":"product_cat-cocuk-ve-genclik-kitaplari","6":"product_cat-hikayeler","7":"pa_cilt-ciltsiz","8":"pa_tur-kitap","9":"pa_yayinevi-redhouse-kidz-yayinlari","10":"pa_yazar-siirsel-tas","12":"first","13":"instock","14":"sale","15":"shipping-taxable","16":"purchasable","17":"product-type-simple"},"_links":{"self":[{"href":"https:\/\/roveyayinevi.com.tr\/index.php\/wp-json\/wp\/v2\/product\/719576","targetHints":{"allow":["GET"]}}],"collection":[{"href":"https:\/\/roveyayinevi.com.tr\/index.php\/wp-json\/wp\/v2\/product"}],"about":[{"href":"https:\/\/roveyayinevi.com.tr\/index.php\/wp-json\/wp\/v2\/types\/product"}],"wp:attachment":[{"href":"https:\/\/roveyayinevi.com.tr\/index.php\/wp-json\/wp\/v2\/media?parent=719576"}],"wp:term":[{"taxonomy":"product_brand","embeddable":true,"href":"https:\/\/roveyayinevi.com.tr\/index.php\/wp-json\/wp\/v2\/product_brand?post=719576"},{"taxonomy":"product_cat","embeddable":true,"href":"https:\/\/roveyayinevi.com.tr\/index.php\/wp-json\/wp\/v2\/product_cat?post=719576"},{"taxonomy":"product_tag","embeddable":true,"href":"https:\/\/roveyayinevi.com.tr\/index.php\/wp-json\/wp\/v2\/product_tag?post=719576"}],"curies":[{"name":"wp","href":"https:\/\/api.w.org\/{rel}","templated":true}]}}