{"id":719570,"date":"2025-08-27T18:23:37","date_gmt":"2025-08-27T15:23:37","guid":{"rendered":"https:\/\/roveyayinevi.com.tr\/index.php\/urun\/siki-dostlar\/"},"modified":"2026-04-16T02:27:37","modified_gmt":"2026-04-15T23:27:37","slug":"siki-dostlar","status":"publish","type":"product","link":"https:\/\/roveyayinevi.com.tr\/index.php\/urun\/siki-dostlar\/","title":{"rendered":"S\u0131k\u0131 Dostlar"},"content":{"rendered":"<p>\u0130ki yak\u0131n arkada\u015f i\u00e7in hayat macerayla dolu ge\u00e7mektedir. Ta ki ekibe \u00fc\u00e7\u00fcnc\u00fc bir \u00e7ocuk kat\u0131lana kadar&#8230;<\/p>\n","protected":false},"excerpt":{"rendered":"<p>\u0130ki yak\u0131n arkada\u015f i\u00e7in hayat macerayla dolu ge\u00e7mektedir. Ta ki ekibe \u00fc\u00e7\u00fcnc\u00fc bir \u00e7ocuk kat\u0131lana kadar&#8230;<\/p>\n","protected":false},"featured_media":0,"template":"","meta":{"_monsterinsights_skip_tracking":false,"_monsterinsights_sitenote_active":false,"_monsterinsights_sitenote_note":"","_monsterinsights_sitenote_category":0},"product_brand":[],"product_cat":[12274,12284],"product_tag":[],"class_list":{"0":"post-719570","1":"product","2":"type-product","3":"status-publish","5":"product_cat-cocuk-ve-genclik-kitaplari","6":"product_cat-hikayeler","7":"pa_cilt-ciltsiz","8":"pa_tur-kitap","9":"pa_yayinevi-redhouse-kidz-yayinlari","10":"pa_yazar-linda-sarah","12":"first","13":"instock","14":"sale","15":"shipping-taxable","16":"purchasable","17":"product-type-simple"},"_links":{"self":[{"href":"https:\/\/roveyayinevi.com.tr\/index.php\/wp-json\/wp\/v2\/product\/719570","targetHints":{"allow":["GET"]}}],"collection":[{"href":"https:\/\/roveyayinevi.com.tr\/index.php\/wp-json\/wp\/v2\/product"}],"about":[{"href":"https:\/\/roveyayinevi.com.tr\/index.php\/wp-json\/wp\/v2\/types\/product"}],"wp:attachment":[{"href":"https:\/\/roveyayinevi.com.tr\/index.php\/wp-json\/wp\/v2\/media?parent=719570"}],"wp:term":[{"taxonomy":"product_brand","embeddable":true,"href":"https:\/\/roveyayinevi.com.tr\/index.php\/wp-json\/wp\/v2\/product_brand?post=719570"},{"taxonomy":"product_cat","embeddable":true,"href":"https:\/\/roveyayinevi.com.tr\/index.php\/wp-json\/wp\/v2\/product_cat?post=719570"},{"taxonomy":"product_tag","embeddable":true,"href":"https:\/\/roveyayinevi.com.tr\/index.php\/wp-json\/wp\/v2\/product_tag?post=719570"}],"curies":[{"name":"wp","href":"https:\/\/api.w.org\/{rel}","templated":true}]}}