{"id":719569,"date":"2025-08-27T18:23:37","date_gmt":"2025-08-27T15:23:37","guid":{"rendered":"https:\/\/roveyayinevi.com.tr\/index.php\/urun\/buyuk-iskender-2\/"},"modified":"2026-04-16T02:27:37","modified_gmt":"2026-04-15T23:27:37","slug":"buyuk-iskender-2","status":"publish","type":"product","link":"https:\/\/roveyayinevi.com.tr\/index.php\/urun\/buyuk-iskender-2\/","title":{"rendered":"B\u00fcy\u00fck \u0130skender"},"content":{"rendered":"<p>Bu kitap bir biyografi de\u011fil. Her ne kadar ki\u015fi unsurunun \u00f6nemi bilinse de, yaln\u0131zca \u0130skender\u2019in \u015fahs\u0131na indirgenemeyecek bir tarihsel olay\u0131n ba\u015fl\u0131ca ve\u00e7helerini ortaya koymaya \u00e7al\u0131\u015f\u0131yor. Dolay\u0131s\u0131yla bu kitab\u0131n d\u00fczenleni\u015fi bilin\u00e7li bir tercihin sonucu. Fetihlerin anlat\u0131s\u0131, okurun, fethin \u00f6nemli kronolojik safhalar\u0131n\u0131 anlamas\u0131n\u0131 sa\u011flayacak, giri\u015f niteli\u011finde k\u0131sa bir b\u00f6l\u00fcmde \u00f6zetlendi. \u00c7al\u0131\u015fman\u0131n as\u0131l b\u00fcy\u00fck k\u0131sm\u0131, insan\u0131n tamamen do\u011fal olarak kendine sordu\u011fu \u00f6nemli sorular\u0131n ara\u015ft\u0131r\u0131lmas\u0131na ayr\u0131ld\u0131: fethin k\u00f6kenleri ve \u0130skender\u2019in hedefleri; direni\u015flerin mahiyeti ve \u00f6nemi; fethedilen topraklar\u0131n d\u00fczenleni\u015fi; fethedenlerle fethedilmi\u015f halklar aras\u0131ndaki ili\u015fkiler gibi. <\/p>\n","protected":false},"excerpt":{"rendered":"<p>Bu kitap bir biyografi de\u011fil. Her ne kadar ki\u015fi unsurunun \u00f6nemi bilinse de, yaln\u0131zca \u0130skender\u2019in \u015fahs\u0131na indirgenemeyecek bir tarihsel olay\u0131n ba\u015fl\u0131ca ve\u00e7helerini ortaya koymaya \u00e7al\u0131\u015f\u0131yor. Dolay\u0131s\u0131yla<span class=\"excerpt-hellip\"> [\u2026]<\/span><\/p>\n","protected":false},"featured_media":0,"template":"","meta":{"_monsterinsights_skip_tracking":false,"_monsterinsights_sitenote_active":false,"_monsterinsights_sitenote_note":"","_monsterinsights_sitenote_category":0},"product_brand":[],"product_cat":[12370,12304],"product_tag":[],"class_list":{"0":"post-719569","1":"product","2":"type-product","3":"status-publish","5":"product_cat-arastirma-inceleme","6":"product_cat-tarih","7":"pa_cilt-ciltsiz","8":"pa_tur-kitap","9":"pa_yayinevi-alfa-yayinlari","10":"pa_yazar-pierre-briant","12":"first","13":"instock","14":"sale","15":"shipping-taxable","16":"purchasable","17":"product-type-simple"},"_links":{"self":[{"href":"https:\/\/roveyayinevi.com.tr\/index.php\/wp-json\/wp\/v2\/product\/719569","targetHints":{"allow":["GET"]}}],"collection":[{"href":"https:\/\/roveyayinevi.com.tr\/index.php\/wp-json\/wp\/v2\/product"}],"about":[{"href":"https:\/\/roveyayinevi.com.tr\/index.php\/wp-json\/wp\/v2\/types\/product"}],"wp:attachment":[{"href":"https:\/\/roveyayinevi.com.tr\/index.php\/wp-json\/wp\/v2\/media?parent=719569"}],"wp:term":[{"taxonomy":"product_brand","embeddable":true,"href":"https:\/\/roveyayinevi.com.tr\/index.php\/wp-json\/wp\/v2\/product_brand?post=719569"},{"taxonomy":"product_cat","embeddable":true,"href":"https:\/\/roveyayinevi.com.tr\/index.php\/wp-json\/wp\/v2\/product_cat?post=719569"},{"taxonomy":"product_tag","embeddable":true,"href":"https:\/\/roveyayinevi.com.tr\/index.php\/wp-json\/wp\/v2\/product_tag?post=719569"}],"curies":[{"name":"wp","href":"https:\/\/api.w.org\/{rel}","templated":true}]}}