{"id":719567,"date":"2025-08-27T18:23:35","date_gmt":"2025-08-27T15:23:35","guid":{"rendered":"https:\/\/roveyayinevi.com.tr\/index.php\/urun\/cevreci-kitaplar-1-nerede-bu-fil\/"},"modified":"2026-04-16T02:27:37","modified_gmt":"2026-04-15T23:27:37","slug":"cevreci-kitaplar-1-nerede-bu-fil","status":"publish","type":"product","link":"https:\/\/roveyayinevi.com.tr\/index.php\/urun\/cevreci-kitaplar-1-nerede-bu-fil\/","title":{"rendered":"\u00c7evreci Kitaplar 1 : Nerede Bu Fil?"},"content":{"rendered":"<p>Sizlere \u00c7evreci Kitaplar serimizin ilk kitab\u0131n\u0131 sunuyoruz! Ayn\u0131 zamanda bu bir \u2018sessiz kitap\u2019t\u0131r. T\u00fcrkiye\u2019nin WWF-Ye\u015fil Ofis sertifikal\u0131 ilk ve tek yay\u0131nevi olarak do\u011fay\u0131 koruman\u0131n \u00f6nemini vurgulamak ve \u00e7ocuklarda \u00e7evre bilinci yaratmak amac\u0131yla \u00c7evreci Kitaplar serisini olu\u015fturduk.Redhouse olarak gerek d\u00fcnyada, gerekse \u00fclkemizde do\u011fan\u0131n korunmas\u0131na i\u015faret etmeyi misyonumuzun bir par\u00e7as\u0131 olarak g\u00f6r\u00fcyoruz. Bu kapsamda Orman Haftas\u0131\u2019na \u00f6zel olarak yay\u0131mlad\u0131\u011f\u0131m\u0131z Nerede Bu Fil?, serinin ilk kitab\u0131 olarak kar\u015f\u0131n\u0131zda&#8230;Ormanlar\u0131n yok edilmesi ile birlikte, ormandaki canl\u0131lar\u0131n da ya\u015fam alanlar\u0131n\u0131 nas\u0131l kaybettikleri, bu kitapta basit bir saklamba\u00e7 oyunu arac\u0131l\u0131\u011f\u0131yla anlat\u0131l\u0131yor. Nerede Bu Fil? ayr\u0131ca bir \u2018sessiz kitap\u2019 olma \u00f6zelli\u011fini ta\u015f\u0131yor. Tamamen metinsiz ya da \u00e7ok az metinle haz\u0131rlanan bu kitaplarda, hikaye temel olarak resimlerle anlat\u0131l\u0131yor. Bu bak\u0131mdan \u00e7ocuklar\u0131n hem hayal g\u00fc\u00e7lerini geli\u015ftirecek hem de onlara e\u015fsiz bir okuma deneyimi kazand\u0131racak bir kitap! Nerede b\u00fct\u00fcn bu a\u011fa\u00e7lar?<\/p>\n","protected":false},"excerpt":{"rendered":"<p>Sizlere \u00c7evreci Kitaplar serimizin ilk kitab\u0131n\u0131 sunuyoruz! Ayn\u0131 zamanda bu bir \u2018sessiz kitap\u2019t\u0131r. T\u00fcrkiye\u2019nin WWF-Ye\u015fil Ofis sertifikal\u0131 ilk ve tek yay\u0131nevi olarak do\u011fay\u0131 koruman\u0131n \u00f6nemini vurgulamak<span class=\"excerpt-hellip\"> [\u2026]<\/span><\/p>\n","protected":false},"featured_media":0,"template":"","meta":{"_monsterinsights_skip_tracking":false,"_monsterinsights_sitenote_active":false,"_monsterinsights_sitenote_note":"","_monsterinsights_sitenote_category":0},"product_brand":[],"product_cat":[12274,12284],"product_tag":[],"class_list":{"0":"post-719567","1":"product","2":"type-product","3":"status-publish","5":"product_cat-cocuk-ve-genclik-kitaplari","6":"product_cat-hikayeler","7":"pa_cilt-ciltsiz","8":"pa_tur-kitap","9":"pa_yayinevi-redhouse-kidz-yayinlari","10":"pa_yazar-barroux","12":"first","13":"instock","14":"sale","15":"shipping-taxable","16":"purchasable","17":"product-type-simple"},"_links":{"self":[{"href":"https:\/\/roveyayinevi.com.tr\/index.php\/wp-json\/wp\/v2\/product\/719567","targetHints":{"allow":["GET"]}}],"collection":[{"href":"https:\/\/roveyayinevi.com.tr\/index.php\/wp-json\/wp\/v2\/product"}],"about":[{"href":"https:\/\/roveyayinevi.com.tr\/index.php\/wp-json\/wp\/v2\/types\/product"}],"wp:attachment":[{"href":"https:\/\/roveyayinevi.com.tr\/index.php\/wp-json\/wp\/v2\/media?parent=719567"}],"wp:term":[{"taxonomy":"product_brand","embeddable":true,"href":"https:\/\/roveyayinevi.com.tr\/index.php\/wp-json\/wp\/v2\/product_brand?post=719567"},{"taxonomy":"product_cat","embeddable":true,"href":"https:\/\/roveyayinevi.com.tr\/index.php\/wp-json\/wp\/v2\/product_cat?post=719567"},{"taxonomy":"product_tag","embeddable":true,"href":"https:\/\/roveyayinevi.com.tr\/index.php\/wp-json\/wp\/v2\/product_tag?post=719567"}],"curies":[{"name":"wp","href":"https:\/\/api.w.org\/{rel}","templated":true}]}}