{"id":719563,"date":"2025-08-27T18:23:33","date_gmt":"2025-08-27T15:23:33","guid":{"rendered":"https:\/\/roveyayinevi.com.tr\/index.php\/urun\/bilgi-kupu-2-sinif-genel-yetenek\/"},"modified":"2026-04-16T02:27:37","modified_gmt":"2026-04-15T23:27:37","slug":"bilgi-kupu-2-sinif-genel-yetenek","status":"publish","type":"product","link":"https:\/\/roveyayinevi.com.tr\/index.php\/urun\/bilgi-kupu-2-sinif-genel-yetenek\/","title":{"rendered":"Bilgi K\u00fcp\u00fc 2.S\u0131n\u0131f Genel Yetenek"},"content":{"rendered":"<p>S\u00f6zel yetenek Say\u0131sal yetenek \u015eekil yetene\u011fi\u00c7oklu yetenekBu kitapta 36&#8217;s\u0131 \u00e7\u00f6z\u00fcml\u00fc 96 s\u00f6zel yetenek sorusu , 36&#8217;s\u0131 \u00e7z\u00f6\u00fcml\u00fc 96 say\u0131sal yetenek sorusu , 32&#8217;si \u00e7z\u00f6\u00fcml\u00fc 80  \u015fekil yetene\u011fi sorusu , 8&#8217;i \u00e7z\u00f6\u00fcml\u00fc 20 \u00e7oklu yetenek sorusu ve hepsi \u00e7z\u00f6\u00fcml\u00fc 10 bilgi k\u00fcp\u00fc sorusu olarak toplam 414 soru vard\u0131r<\/p>\n","protected":false},"excerpt":{"rendered":"<p>S\u00f6zel yetenek Say\u0131sal yetenek \u015eekil yetene\u011fi\u00c7oklu yetenekBu kitapta 36&#8217;s\u0131 \u00e7\u00f6z\u00fcml\u00fc 96 s\u00f6zel yetenek sorusu , 36&#8217;s\u0131 \u00e7z\u00f6\u00fcml\u00fc 96 say\u0131sal yetenek sorusu , 32&#8217;si \u00e7z\u00f6\u00fcml\u00fc 80 \u015fekil<span class=\"excerpt-hellip\"> [\u2026]<\/span><\/p>\n","protected":false},"featured_media":0,"template":"","meta":{"_monsterinsights_skip_tracking":false,"_monsterinsights_sitenote_active":false,"_monsterinsights_sitenote_note":"","_monsterinsights_sitenote_category":0},"product_brand":[],"product_cat":[12566,45572,42911,13473],"product_tag":[],"class_list":{"0":"post-719563","1":"product","2":"type-product","3":"status-publish","5":"product_cat-egitim","6":"product_cat-ilkogretim-2-sinif","7":"product_cat-ilkogretim-yardimci-kitaplar","8":"product_cat-sinavlara-hazirlik-okula-yardimci-kaynaklar","9":"pa_cilt-ciltsiz","10":"pa_tur-kitap","11":"pa_yayinevi-bilgi-kupu","12":"pa_yazar-kolektif","14":"first","15":"instock","16":"sale","17":"shipping-taxable","18":"purchasable","19":"product-type-simple"},"_links":{"self":[{"href":"https:\/\/roveyayinevi.com.tr\/index.php\/wp-json\/wp\/v2\/product\/719563","targetHints":{"allow":["GET"]}}],"collection":[{"href":"https:\/\/roveyayinevi.com.tr\/index.php\/wp-json\/wp\/v2\/product"}],"about":[{"href":"https:\/\/roveyayinevi.com.tr\/index.php\/wp-json\/wp\/v2\/types\/product"}],"wp:attachment":[{"href":"https:\/\/roveyayinevi.com.tr\/index.php\/wp-json\/wp\/v2\/media?parent=719563"}],"wp:term":[{"taxonomy":"product_brand","embeddable":true,"href":"https:\/\/roveyayinevi.com.tr\/index.php\/wp-json\/wp\/v2\/product_brand?post=719563"},{"taxonomy":"product_cat","embeddable":true,"href":"https:\/\/roveyayinevi.com.tr\/index.php\/wp-json\/wp\/v2\/product_cat?post=719563"},{"taxonomy":"product_tag","embeddable":true,"href":"https:\/\/roveyayinevi.com.tr\/index.php\/wp-json\/wp\/v2\/product_tag?post=719563"}],"curies":[{"name":"wp","href":"https:\/\/api.w.org\/{rel}","templated":true}]}}