{"id":719561,"date":"2025-08-27T18:23:31","date_gmt":"2025-08-27T15:23:31","guid":{"rendered":"https:\/\/roveyayinevi.com.tr\/index.php\/urun\/bilgi-kupu-8-sinif-lgs-deneme-sinav-seti\/"},"modified":"2026-04-08T02:34:46","modified_gmt":"2026-04-07T23:34:46","slug":"bilgi-kupu-8-sinif-lgs-deneme-sinav-seti","status":"publish","type":"product","link":"https:\/\/roveyayinevi.com.tr\/index.php\/urun\/bilgi-kupu-8-sinif-lgs-deneme-sinav-seti\/","title":{"rendered":"Bilgi K\u00fcp\u00fc 8.S\u0131n\u0131f LGS Deneme S\u0131nav Seti"},"content":{"rendered":"<p>Bilgi K\u00fcp\u00fc 8.S\u0131n\u0131f LGS Deneme S\u0131nav Seti Tudem Yay\u0131nlar\u0131Deneme S\u0131nav\u0131 Seti&#8217;nde Neler Var? 8 Adet 50&#8217;\u015fer soruluk S\u00f6zel B\u00f6l\u00fcm Deneme S\u0131nav\u0131 Kitap\u00e7\u0131\u011f\u01318 Adet 40&#8217;ar Soruluk Say\u0131sal B\u00f6l\u00fcm Deneme S\u0131nav\u0131 Kitap\u00e7\u0131\u011f\u0131S\u0131nav Kitap\u00e7\u0131klar\u0131n\u0131n Arka Y\u00fczlerinde Skor Tablolar\u0131Bu S\u0131navlar\u0131n Cevaplar\u0131n\u0131n \u0130\u015faretlenece\u011fi 8 Optik Cevap Ka\u011f\u0131d\u0131Set Kapa\u011f\u0131 Arkas\u0131nda Cevap Anahtarlar\u0131 <\/p>\n","protected":false},"excerpt":{"rendered":"<p>Bilgi K\u00fcp\u00fc 8.S\u0131n\u0131f LGS Deneme S\u0131nav Seti Tudem Yay\u0131nlar\u0131Deneme S\u0131nav\u0131 Seti&#8217;nde Neler Var? 8 Adet 50&#8217;\u015fer soruluk S\u00f6zel B\u00f6l\u00fcm Deneme S\u0131nav\u0131 Kitap\u00e7\u0131\u011f\u01318 Adet 40&#8217;ar Soruluk Say\u0131sal<span class=\"excerpt-hellip\"> [\u2026]<\/span><\/p>\n","protected":false},"featured_media":0,"template":"","meta":{"_monsterinsights_skip_tracking":false,"_monsterinsights_sitenote_active":false,"_monsterinsights_sitenote_note":"","_monsterinsights_sitenote_category":0},"product_brand":[],"product_cat":[12566,57295,50915,13473],"product_tag":[],"class_list":{"0":"post-719561","1":"product","2":"type-product","3":"status-publish","5":"product_cat-egitim","6":"product_cat-ortaogretim-8-sinif","7":"product_cat-ortaogretim-yardimci-kitaplar","8":"product_cat-sinavlara-hazirlik-okula-yardimci-kaynaklar","9":"pa_cilt-ciltsiz","10":"pa_tur-kitap","11":"pa_yayinevi-bilgi-kupu","12":"pa_yazar-kolektif","14":"first","15":"instock","16":"sale","17":"shipping-taxable","18":"purchasable","19":"product-type-simple"},"_links":{"self":[{"href":"https:\/\/roveyayinevi.com.tr\/index.php\/wp-json\/wp\/v2\/product\/719561","targetHints":{"allow":["GET"]}}],"collection":[{"href":"https:\/\/roveyayinevi.com.tr\/index.php\/wp-json\/wp\/v2\/product"}],"about":[{"href":"https:\/\/roveyayinevi.com.tr\/index.php\/wp-json\/wp\/v2\/types\/product"}],"wp:attachment":[{"href":"https:\/\/roveyayinevi.com.tr\/index.php\/wp-json\/wp\/v2\/media?parent=719561"}],"wp:term":[{"taxonomy":"product_brand","embeddable":true,"href":"https:\/\/roveyayinevi.com.tr\/index.php\/wp-json\/wp\/v2\/product_brand?post=719561"},{"taxonomy":"product_cat","embeddable":true,"href":"https:\/\/roveyayinevi.com.tr\/index.php\/wp-json\/wp\/v2\/product_cat?post=719561"},{"taxonomy":"product_tag","embeddable":true,"href":"https:\/\/roveyayinevi.com.tr\/index.php\/wp-json\/wp\/v2\/product_tag?post=719561"}],"curies":[{"name":"wp","href":"https:\/\/api.w.org\/{rel}","templated":true}]}}