{"id":719555,"date":"2025-08-27T18:23:28","date_gmt":"2025-08-27T15:23:28","guid":{"rendered":"https:\/\/roveyayinevi.com.tr\/index.php\/urun\/bilgi-kupu-1-sinif-genel-yetenek\/"},"modified":"2026-04-16T02:27:37","modified_gmt":"2026-04-15T23:27:37","slug":"bilgi-kupu-1-sinif-genel-yetenek","status":"publish","type":"product","link":"https:\/\/roveyayinevi.com.tr\/index.php\/urun\/bilgi-kupu-1-sinif-genel-yetenek\/","title":{"rendered":"Bilgi K\u00fcp\u00fc 1. S\u0131n\u0131f Genel Yetenek"},"content":{"rendered":"<p>S\u00f6zel Yetenek Say\u0131sal Yetenek\u015eekil Yetene\u011fi \u00c7oklu YetenekBu kitapta 30&#8217;lu \u00e7\u00f6z\u00fcml\u00fc benzeti\u015fim sorusu , 30&#8217;lu  \u00e7\u00f6z\u00fcml\u00fc s\u0131n\u0131flama sorusu , 30&#8217;lu \u00e7\u00f6z\u00fcml\u00fc \u00e7\u0131karsama sorusu ve 30&#8217;lu \u00e7\u00f6z\u00fcml\u00fc ilkeyi bulma ve uygulama sorusu olmak \u00fczere 150&#8217;si \u00e7\u00f6z\u00fcml\u00fc,33 tanesi testten ol\u015fan toplam 183 soru bulunmaktad\u0131r.&#8221;&#8230;Yetenek testleri , zor veya kolay olarak s\u0131n\u0131fland\u0131r\u0131lmamal\u0131d\u0131r.Soru \u00fczerinde ula\u015f\u0131lacak yarg\u0131 i\u00e7in gerekli bilgisi olan her birey ,hangi ya\u015fta olursa olsun zihinsel yetisini kullanmal\u0131d\u0131r.1. s\u0131n\u0131fa y\u00f6nelik bir say\u0131 sorunun \u00e7\u00f6z\u00fcm\u00fc , tolama.<\/p>\n","protected":false},"excerpt":{"rendered":"<p>S\u00f6zel Yetenek Say\u0131sal Yetenek\u015eekil Yetene\u011fi \u00c7oklu YetenekBu kitapta 30&#8217;lu \u00e7\u00f6z\u00fcml\u00fc benzeti\u015fim sorusu , 30&#8217;lu \u00e7\u00f6z\u00fcml\u00fc s\u0131n\u0131flama sorusu , 30&#8217;lu \u00e7\u00f6z\u00fcml\u00fc \u00e7\u0131karsama sorusu ve 30&#8217;lu \u00e7\u00f6z\u00fcml\u00fc ilkeyi<span class=\"excerpt-hellip\"> [\u2026]<\/span><\/p>\n","protected":false},"featured_media":0,"template":"","meta":{"_monsterinsights_skip_tracking":false,"_monsterinsights_sitenote_active":false,"_monsterinsights_sitenote_note":"","_monsterinsights_sitenote_category":0},"product_brand":[],"product_cat":[12566,51575,42911,13473],"product_tag":[],"class_list":{"0":"post-719555","1":"product","2":"type-product","3":"status-publish","5":"product_cat-egitim","6":"product_cat-ilkogretim-1-sinif","7":"product_cat-ilkogretim-yardimci-kitaplar","8":"product_cat-sinavlara-hazirlik-okula-yardimci-kaynaklar","9":"pa_cilt-ciltsiz","10":"pa_tur-kitap","11":"pa_yayinevi-bilgi-kupu","12":"pa_yazar-kolektif","14":"first","15":"instock","16":"sale","17":"shipping-taxable","18":"purchasable","19":"product-type-simple"},"_links":{"self":[{"href":"https:\/\/roveyayinevi.com.tr\/index.php\/wp-json\/wp\/v2\/product\/719555","targetHints":{"allow":["GET"]}}],"collection":[{"href":"https:\/\/roveyayinevi.com.tr\/index.php\/wp-json\/wp\/v2\/product"}],"about":[{"href":"https:\/\/roveyayinevi.com.tr\/index.php\/wp-json\/wp\/v2\/types\/product"}],"wp:attachment":[{"href":"https:\/\/roveyayinevi.com.tr\/index.php\/wp-json\/wp\/v2\/media?parent=719555"}],"wp:term":[{"taxonomy":"product_brand","embeddable":true,"href":"https:\/\/roveyayinevi.com.tr\/index.php\/wp-json\/wp\/v2\/product_brand?post=719555"},{"taxonomy":"product_cat","embeddable":true,"href":"https:\/\/roveyayinevi.com.tr\/index.php\/wp-json\/wp\/v2\/product_cat?post=719555"},{"taxonomy":"product_tag","embeddable":true,"href":"https:\/\/roveyayinevi.com.tr\/index.php\/wp-json\/wp\/v2\/product_tag?post=719555"}],"curies":[{"name":"wp","href":"https:\/\/api.w.org\/{rel}","templated":true}]}}