{"id":719554,"date":"2025-08-27T18:23:27","date_gmt":"2025-08-27T15:23:27","guid":{"rendered":"https:\/\/roveyayinevi.com.tr\/index.php\/urun\/batman-beyaz-sovalye-sayi-7\/"},"modified":"2026-04-16T02:27:37","modified_gmt":"2026-04-15T23:27:37","slug":"batman-beyaz-sovalye-sayi-7","status":"publish","type":"product","link":"https:\/\/roveyayinevi.com.tr\/index.php\/urun\/batman-beyaz-sovalye-sayi-7\/","title":{"rendered":"Batman Beyaz \u015e\u00f6valye Say\u0131 7"},"content":{"rendered":"<p>Bu say\u0131da Jack ile Joker kar\u015f\u0131 kar\u015f\u0131ya! Napier\u2019\u0131n ikinci ki\u015fili\u011fi kontrolden \u00e7\u0131k\u0131nca Gotham i\u00e7in haz\u0131rlad\u0131\u011f\u0131 b\u00fcy\u00fck planlar da tehlikeye d\u00fc\u015fer \u2014 ancak Napier, t\u00fcm bu olanlardan \u00f6nce Neo Joker ile hayati \u00f6nem ta\u015f\u0131yan bir anla\u015fma yapar. Ba\u015f\u0131na gelenlerin ard\u0131ndan yeterince yorgun d\u00fc\u015fen Batman, Batgirl\u2019den gelen bar\u0131\u015f teklifini kabul eder ve Alfred\u2019in beklenmedik tavsiyesi \u00fczerine, GTO\u2019nun \u015fehri kurtarmaya y\u00f6nelik yeni g\u00f6revinin gidi\u015fat\u0131n\u0131 belirler.<\/p>\n","protected":false},"excerpt":{"rendered":"<p>Bu say\u0131da Jack ile Joker kar\u015f\u0131 kar\u015f\u0131ya! Napier\u2019\u0131n ikinci ki\u015fili\u011fi kontrolden \u00e7\u0131k\u0131nca Gotham i\u00e7in haz\u0131rlad\u0131\u011f\u0131 b\u00fcy\u00fck planlar da tehlikeye d\u00fc\u015fer \u2014 ancak Napier, t\u00fcm bu olanlardan<span class=\"excerpt-hellip\"> [\u2026]<\/span><\/p>\n","protected":false},"featured_media":0,"template":"","meta":{"_monsterinsights_skip_tracking":false,"_monsterinsights_sitenote_active":false,"_monsterinsights_sitenote_note":"","_monsterinsights_sitenote_category":0},"product_brand":[],"product_cat":[12416,12291],"product_tag":[],"class_list":{"0":"post-719554","1":"product","2":"type-product","3":"status-publish","5":"product_cat-cizgi-roman","6":"product_cat-edebiyat","7":"pa_cilt-ciltsiz","8":"pa_tur-kitap","9":"pa_yayinevi-jbc-yayincilik","10":"pa_yazar-sean-murphy","12":"first","13":"instock","14":"sale","15":"shipping-taxable","16":"purchasable","17":"product-type-simple"},"_links":{"self":[{"href":"https:\/\/roveyayinevi.com.tr\/index.php\/wp-json\/wp\/v2\/product\/719554","targetHints":{"allow":["GET"]}}],"collection":[{"href":"https:\/\/roveyayinevi.com.tr\/index.php\/wp-json\/wp\/v2\/product"}],"about":[{"href":"https:\/\/roveyayinevi.com.tr\/index.php\/wp-json\/wp\/v2\/types\/product"}],"wp:attachment":[{"href":"https:\/\/roveyayinevi.com.tr\/index.php\/wp-json\/wp\/v2\/media?parent=719554"}],"wp:term":[{"taxonomy":"product_brand","embeddable":true,"href":"https:\/\/roveyayinevi.com.tr\/index.php\/wp-json\/wp\/v2\/product_brand?post=719554"},{"taxonomy":"product_cat","embeddable":true,"href":"https:\/\/roveyayinevi.com.tr\/index.php\/wp-json\/wp\/v2\/product_cat?post=719554"},{"taxonomy":"product_tag","embeddable":true,"href":"https:\/\/roveyayinevi.com.tr\/index.php\/wp-json\/wp\/v2\/product_tag?post=719554"}],"curies":[{"name":"wp","href":"https:\/\/api.w.org\/{rel}","templated":true}]}}