{"id":719551,"date":"2025-08-27T18:23:25","date_gmt":"2025-08-27T15:23:25","guid":{"rendered":"https:\/\/roveyayinevi.com.tr\/index.php\/urun\/dindarca-oldurmek\/"},"modified":"2026-04-16T02:27:37","modified_gmt":"2026-04-15T23:27:37","slug":"dindarca-oldurmek","status":"publish","type":"product","link":"https:\/\/roveyayinevi.com.tr\/index.php\/urun\/dindarca-oldurmek\/","title":{"rendered":"Dindarca \u00d6ld\u00fcrmek"},"content":{"rendered":"<p>\u00d6ld\u00fcrmeye haz\u0131rlad\u0131\u011f\u0131n\u0131z insan\u0131n \u00e7\u0131\u011fl\u0131klar\u0131n\u0131 , merhamet dileyen yakar\u0131\u015flar\u0131n\u0131 d\u00fc\u015f\u00fcn\u00fcn ; kurban\u0131n\u0131z\u0131n bo\u011faz\u0131n\u0131  keserken sesini duydu\u011funuzu&#8230;Endonezya&#8217;daki Kom\u00fcnist k\u0131y\u0131m\u0131n\u0131n (1965-66) dindar failleri d\u00fc\u015f\u00fcnmeye bile cesaret edemeyece\u011fimiz \u015feyleri yapt\u0131lar , sesleri ve \u00e7\u0131\u011fl\u0131klar\u0131 duydular.Ama hi\u00e7 bir su\u00e7luluk duymad\u0131lar.Eylemlerinin temelinde Allah&#8217;\u0131n r\u0131zas\u0131 ve cihat arzusu vard\u0131.Dindarl\u0131k ,erkeklik ve \u015fiddet \u00fc\u00e7l\u00fcs\u00fcn\u00fc kutsay\u0131p  ayet ve hadislerle bezeyen T\u00fcrkiye&#8217;nin ana ak\u0131m M\u00fcsl\u00fcmanlar\u0131 i\u00e7in Endonezya \u00f6rne\u011finden al\u0131nacak dersler vard\u0131r.Peygamberin temsil etti\u011fi &#8220;g\u00fczel ahlak&#8221; ve &#8220;infak&#8221; \u00f6\u011fretisi , yak\u0131n dostu Ebuzer&#8217;in \u015fahs\u0131nda Rebeze k\u0131rsal\u0131na g\u00f6m\u00fcnd\u00fc ; torunu H\u00fcseyin&#8217;in \u015fahs\u0131nda Kerbela \u00e7\u00f6l\u00fcnde bo\u011fuldu.\u0130slam tarihi bu ikisinin katillerinden daha dindar bir topluluk kaydetmedi.A\u00e7eli erkeklerin s\u0131r\u0131\u011fa ge\u00e7irilen kesik ba\u015flar\u0131 , Gerwani kad\u0131nlar\u0131n\u0131n ortadan ikiye ayr\u0131lan bedenleri bu dindarl\u0131\u011f\u0131n damgas\u0131n\u0131 ta\u015f\u0131r.<\/p>\n","protected":false},"excerpt":{"rendered":"<p>\u00d6ld\u00fcrmeye haz\u0131rlad\u0131\u011f\u0131n\u0131z insan\u0131n \u00e7\u0131\u011fl\u0131klar\u0131n\u0131 , merhamet dileyen yakar\u0131\u015flar\u0131n\u0131 d\u00fc\u015f\u00fcn\u00fcn ; kurban\u0131n\u0131z\u0131n bo\u011faz\u0131n\u0131 keserken sesini duydu\u011funuzu&#8230;Endonezya&#8217;daki Kom\u00fcnist k\u0131y\u0131m\u0131n\u0131n (1965-66) dindar failleri d\u00fc\u015f\u00fcnmeye bile cesaret edemeyece\u011fimiz \u015feyleri yapt\u0131lar<span class=\"excerpt-hellip\"> [\u2026]<\/span><\/p>\n","protected":false},"featured_media":0,"template":"","meta":{"_monsterinsights_skip_tracking":false,"_monsterinsights_sitenote_active":false,"_monsterinsights_sitenote_note":"","_monsterinsights_sitenote_category":0},"product_brand":[],"product_cat":[13036,12718,12719],"product_tag":[],"class_list":{"0":"post-719551","1":"product","2":"type-product","3":"status-publish","5":"product_cat-arastirma-inceleme-islam","6":"product_cat-din","7":"product_cat-islam","8":"pa_cilt-ciltsiz","9":"pa_tur-kitap","10":"pa_yayinevi-baris-kitap","11":"pa_yazar-muhsin-altun","13":"first","14":"instock","15":"sale","16":"shipping-taxable","17":"purchasable","18":"product-type-simple"},"_links":{"self":[{"href":"https:\/\/roveyayinevi.com.tr\/index.php\/wp-json\/wp\/v2\/product\/719551","targetHints":{"allow":["GET"]}}],"collection":[{"href":"https:\/\/roveyayinevi.com.tr\/index.php\/wp-json\/wp\/v2\/product"}],"about":[{"href":"https:\/\/roveyayinevi.com.tr\/index.php\/wp-json\/wp\/v2\/types\/product"}],"wp:attachment":[{"href":"https:\/\/roveyayinevi.com.tr\/index.php\/wp-json\/wp\/v2\/media?parent=719551"}],"wp:term":[{"taxonomy":"product_brand","embeddable":true,"href":"https:\/\/roveyayinevi.com.tr\/index.php\/wp-json\/wp\/v2\/product_brand?post=719551"},{"taxonomy":"product_cat","embeddable":true,"href":"https:\/\/roveyayinevi.com.tr\/index.php\/wp-json\/wp\/v2\/product_cat?post=719551"},{"taxonomy":"product_tag","embeddable":true,"href":"https:\/\/roveyayinevi.com.tr\/index.php\/wp-json\/wp\/v2\/product_tag?post=719551"}],"curies":[{"name":"wp","href":"https:\/\/api.w.org\/{rel}","templated":true}]}}