{"id":719549,"date":"2025-08-27T18:23:24","date_gmt":"2025-08-27T15:23:24","guid":{"rendered":"https:\/\/roveyayinevi.com.tr\/index.php\/urun\/sidney-ve-stella-hicbir-seyi-paylasamiyor\/"},"modified":"2026-04-16T02:27:37","modified_gmt":"2026-04-15T23:27:37","slug":"sidney-ve-stella-hicbir-seyi-paylasamiyor","status":"publish","type":"product","link":"https:\/\/roveyayinevi.com.tr\/index.php\/urun\/sidney-ve-stella-hicbir-seyi-paylasamiyor\/","title":{"rendered":"Sidney ve Stella Hi\u00e7bir \u015eeyi Payla\u015fam\u0131yor"},"content":{"rendered":"<p>Payla\u015fmay\u0131 hi\u00e7 sevmeyen ikizler Ay&#8217;\u0131 binlerce par\u00e7aya ay\u0131r\u0131r. \u015eimdi Ay&#8217;\u0131n yerine koyacak bir \u015fey bulmalar\u0131 gerek ama nas\u0131l ba\u015faracaklar?..<\/p>\n","protected":false},"excerpt":{"rendered":"<p>Payla\u015fmay\u0131 hi\u00e7 sevmeyen ikizler Ay&#8217;\u0131 binlerce par\u00e7aya ay\u0131r\u0131r. \u015eimdi Ay&#8217;\u0131n yerine koyacak bir \u015fey bulmalar\u0131 gerek ama nas\u0131l ba\u015faracaklar?..<\/p>\n","protected":false},"featured_media":0,"template":"","meta":{"_monsterinsights_skip_tracking":false,"_monsterinsights_sitenote_active":false,"_monsterinsights_sitenote_note":"","_monsterinsights_sitenote_category":0},"product_brand":[],"product_cat":[12913,12274],"product_tag":[],"class_list":{"0":"post-719549","1":"product","2":"type-product","3":"status-publish","5":"product_cat-3-6-yas-kitaplari","6":"product_cat-cocuk-ve-genclik-kitaplari","7":"pa_cilt-ciltsiz","8":"pa_tur-kitap","9":"pa_yayinevi-redhouse-kidz-yayinlari","10":"pa_yazar-emma-yarlett","12":"first","13":"instock","14":"sale","15":"shipping-taxable","16":"purchasable","17":"product-type-simple"},"_links":{"self":[{"href":"https:\/\/roveyayinevi.com.tr\/index.php\/wp-json\/wp\/v2\/product\/719549","targetHints":{"allow":["GET"]}}],"collection":[{"href":"https:\/\/roveyayinevi.com.tr\/index.php\/wp-json\/wp\/v2\/product"}],"about":[{"href":"https:\/\/roveyayinevi.com.tr\/index.php\/wp-json\/wp\/v2\/types\/product"}],"wp:attachment":[{"href":"https:\/\/roveyayinevi.com.tr\/index.php\/wp-json\/wp\/v2\/media?parent=719549"}],"wp:term":[{"taxonomy":"product_brand","embeddable":true,"href":"https:\/\/roveyayinevi.com.tr\/index.php\/wp-json\/wp\/v2\/product_brand?post=719549"},{"taxonomy":"product_cat","embeddable":true,"href":"https:\/\/roveyayinevi.com.tr\/index.php\/wp-json\/wp\/v2\/product_cat?post=719549"},{"taxonomy":"product_tag","embeddable":true,"href":"https:\/\/roveyayinevi.com.tr\/index.php\/wp-json\/wp\/v2\/product_tag?post=719549"}],"curies":[{"name":"wp","href":"https:\/\/api.w.org\/{rel}","templated":true}]}}