{"id":719546,"date":"2025-08-27T18:23:22","date_gmt":"2025-08-27T15:23:22","guid":{"rendered":"https:\/\/roveyayinevi.com.tr\/index.php\/urun\/sen-ve-baskalari\/"},"modified":"2026-04-16T02:27:36","modified_gmt":"2026-04-15T23:27:36","slug":"sen-ve-baskalari","status":"publish","type":"product","link":"https:\/\/roveyayinevi.com.tr\/index.php\/urun\/sen-ve-baskalari\/","title":{"rendered":"Sen ve Ba\u015fkalar\u0131"},"content":{"rendered":"<p>D\u00fcnya \u00fczerinde farkl\u0131 g\u00f6r\u00fcn\u00fc\u015fleri, farkl\u0131 ya\u015fam tarzlar\u0131 ve farkl\u0131 d\u00fc\u015f\u00fcnceleri olan milyarlarca insan var. Cana yak\u0131n insanlar, aksi insanlar, inat\u00e7\u0131lar ve ak\u0131ll\u0131lar, korkun\u00e7 ya da komik insanlar&#8230; Sen ve Ba\u015fkalar\u0131 kitab\u0131nda, ya\u015fan\u0131lan yer, fiziksel g\u00f6r\u00fcn\u00fcm ve ki\u015filik \u00f6zellikleri gibi de\u011fi\u015fik a\u00e7\u0131lardan, insanlar aras\u0131ndaki farkl\u0131l\u0131klar ve benzerliklere dikkat \u00e7ekiliyor.Yazar Siska Goeminne, okurlara pek \u00e7ok \u00f6rnek sunarak, \u00e7evremizde asl\u0131nda tek bir tip insan olmad\u0131\u011f\u0131n\u0131n fark\u0131na varmam\u0131z\u0131 sa\u011fl\u0131yor. Farkl\u0131l\u0131klara sayg\u0131 duymak i\u00e7in de bir ad\u0131m at\u0131lm\u0131\u015f oluyor b\u00f6ylece. Kitab\u0131n yal\u0131n ve ayn\u0131 zamanda \u015fiirsel anlat\u0131m\u0131 zengin g\u00f6rsellerle destekleniyor.<\/p>\n","protected":false},"excerpt":{"rendered":"<p>D\u00fcnya \u00fczerinde farkl\u0131 g\u00f6r\u00fcn\u00fc\u015fleri, farkl\u0131 ya\u015fam tarzlar\u0131 ve farkl\u0131 d\u00fc\u015f\u00fcnceleri olan milyarlarca insan var. Cana yak\u0131n insanlar, aksi insanlar, inat\u00e7\u0131lar ve ak\u0131ll\u0131lar, korkun\u00e7 ya da komik<span class=\"excerpt-hellip\"> [\u2026]<\/span><\/p>\n","protected":false},"featured_media":0,"template":"","meta":{"_monsterinsights_skip_tracking":false,"_monsterinsights_sitenote_active":false,"_monsterinsights_sitenote_note":"","_monsterinsights_sitenote_category":0},"product_brand":[],"product_cat":[12913,12274],"product_tag":[],"class_list":{"0":"post-719546","1":"product","2":"type-product","3":"status-publish","5":"product_cat-3-6-yas-kitaplari","6":"product_cat-cocuk-ve-genclik-kitaplari","7":"pa_cilt-ciltsiz","8":"pa_tur-kitap","9":"pa_yayinevi-redhouse-kidz-yayinlari","10":"pa_yazar-siska-goeminne","12":"first","13":"instock","14":"sale","15":"shipping-taxable","16":"purchasable","17":"product-type-simple"},"_links":{"self":[{"href":"https:\/\/roveyayinevi.com.tr\/index.php\/wp-json\/wp\/v2\/product\/719546","targetHints":{"allow":["GET"]}}],"collection":[{"href":"https:\/\/roveyayinevi.com.tr\/index.php\/wp-json\/wp\/v2\/product"}],"about":[{"href":"https:\/\/roveyayinevi.com.tr\/index.php\/wp-json\/wp\/v2\/types\/product"}],"wp:attachment":[{"href":"https:\/\/roveyayinevi.com.tr\/index.php\/wp-json\/wp\/v2\/media?parent=719546"}],"wp:term":[{"taxonomy":"product_brand","embeddable":true,"href":"https:\/\/roveyayinevi.com.tr\/index.php\/wp-json\/wp\/v2\/product_brand?post=719546"},{"taxonomy":"product_cat","embeddable":true,"href":"https:\/\/roveyayinevi.com.tr\/index.php\/wp-json\/wp\/v2\/product_cat?post=719546"},{"taxonomy":"product_tag","embeddable":true,"href":"https:\/\/roveyayinevi.com.tr\/index.php\/wp-json\/wp\/v2\/product_tag?post=719546"}],"curies":[{"name":"wp","href":"https:\/\/api.w.org\/{rel}","templated":true}]}}