{"id":719541,"date":"2025-08-27T18:23:19","date_gmt":"2025-08-27T15:23:19","guid":{"rendered":"https:\/\/roveyayinevi.com.tr\/index.php\/urun\/13uncu-warren-ve-her-seyi-goren-goz\/"},"modified":"2026-04-16T02:27:36","modified_gmt":"2026-04-15T23:27:36","slug":"13uncu-warren-ve-her-seyi-goren-goz","status":"publish","type":"product","link":"https:\/\/roveyayinevi.com.tr\/index.php\/urun\/13uncu-warren-ve-her-seyi-goren-goz\/","title":{"rendered":"13&#8217;\u00fcnc\u00fc Warren Ve Her \u015eeyi G\u00f6ren G\u00f6z"},"content":{"rendered":"<p>Okurlar\u0131n dikkatine: Bu kitap cad\u0131lar, gizli \u015fifreler, labirentler ve benzeri \u015feyler i\u00e7ermektedir!13. Warren, ailesinden miras kalan eski otelin tek komisi, valesi ve temizlik\u00e7isidir. Warren\u2019\u0131n \u00e7al\u0131\u015fmay\u0131 sevmeyen day\u0131s\u0131 ve ger\u00e7ekte bir cad\u0131 olan yengesine ra\u011fmen \u00e7ekip \u00e7evirmeye \u00e7al\u0131\u015ft\u0131\u011f\u0131 otel, bak\u0131ms\u0131z odalar ve s\u0131rlarla dolu eski bir malik\u00e2nedir. \u00dcstelik s\u00f6ylenenlere g\u00f6re Her \u015eeyi G\u00f6ren G\u00f6z ad\u0131nda b\u00fcy\u00fcl\u00fc bir hazineye ev sahipli\u011fi yapmaktad\u0131r. Warren\u2019\u0131n oteli kurtarmak i\u00e7in hazineyi herkesten \u00f6nce bulmas\u0131 gerekmektedir ama kar\u015f\u0131s\u0131na \u00e7\u00f6zmesi gereken bamba\u015fka gizemler \u00e7\u0131kar&#8230;\u00c7izer Will Staehle\u2019\u0131n hayal etti\u011fi, yazar Tania Del Rio\u2019nun anlatt\u0131\u011f\u0131 b\u00fcy\u00fcl\u00fc d\u00fcnyas\u0131 ve e\u015fsiz kahramanlar\u0131yla \u201c13. Warren ve Her \u015eeyi G\u00f6ren G\u00f6z\u201d, etkileyici resimlerle bezeli tasar\u0131m\u0131 ile okurlar\u0131n\u0131 her sayfas\u0131nda \u015fa\u015f\u0131rtacak bir kitap.<\/p>\n","protected":false},"excerpt":{"rendered":"<p>Okurlar\u0131n dikkatine: Bu kitap cad\u0131lar, gizli \u015fifreler, labirentler ve benzeri \u015feyler i\u00e7ermektedir!13. Warren, ailesinden miras kalan eski otelin tek komisi, valesi ve temizlik\u00e7isidir. Warren\u2019\u0131n \u00e7al\u0131\u015fmay\u0131 sevmeyen<span class=\"excerpt-hellip\"> [\u2026]<\/span><\/p>\n","protected":false},"featured_media":0,"template":"","meta":{"_monsterinsights_skip_tracking":false,"_monsterinsights_sitenote_active":false,"_monsterinsights_sitenote_note":"","_monsterinsights_sitenote_category":0},"product_brand":[],"product_cat":[12274,12284],"product_tag":[],"class_list":{"0":"post-719541","1":"product","2":"type-product","3":"status-publish","5":"product_cat-cocuk-ve-genclik-kitaplari","6":"product_cat-hikayeler","7":"pa_cilt-ciltsiz","8":"pa_tur-kitap","9":"pa_yayinevi-redhouse-kidz-yayinlari","10":"pa_yazar-tania-del-rio","12":"first","13":"instock","14":"sale","15":"shipping-taxable","16":"purchasable","17":"product-type-simple"},"_links":{"self":[{"href":"https:\/\/roveyayinevi.com.tr\/index.php\/wp-json\/wp\/v2\/product\/719541","targetHints":{"allow":["GET"]}}],"collection":[{"href":"https:\/\/roveyayinevi.com.tr\/index.php\/wp-json\/wp\/v2\/product"}],"about":[{"href":"https:\/\/roveyayinevi.com.tr\/index.php\/wp-json\/wp\/v2\/types\/product"}],"wp:attachment":[{"href":"https:\/\/roveyayinevi.com.tr\/index.php\/wp-json\/wp\/v2\/media?parent=719541"}],"wp:term":[{"taxonomy":"product_brand","embeddable":true,"href":"https:\/\/roveyayinevi.com.tr\/index.php\/wp-json\/wp\/v2\/product_brand?post=719541"},{"taxonomy":"product_cat","embeddable":true,"href":"https:\/\/roveyayinevi.com.tr\/index.php\/wp-json\/wp\/v2\/product_cat?post=719541"},{"taxonomy":"product_tag","embeddable":true,"href":"https:\/\/roveyayinevi.com.tr\/index.php\/wp-json\/wp\/v2\/product_tag?post=719541"}],"curies":[{"name":"wp","href":"https:\/\/api.w.org\/{rel}","templated":true}]}}